{"id":53804,"date":"2024-07-30T09:52:52","date_gmt":"2024-07-30T07:52:52","guid":{"rendered":"https:\/\/weider.es\/product\/premium-eaa-zero\/"},"modified":"2024-10-17T10:26:59","modified_gmt":"2024-10-17T08:26:59","slug":"premium-eaa-zero","status":"publish","type":"product","link":"https:\/\/weider.es\/en\/product\/premium-eaa-zero\/","title":{"rendered":"Premium EAA Zero"},"content":{"rendered":"<p>Premium EAA Zero ofrece todos los amino\u00e1cidos esenciales, incluidos los amino\u00e1cidos ramificados (BCAA\u2019s), en las proporciones \u00f3ptimas para estimular la s\u00edntesis proteica y favorecer una adecuada recuperaci\u00f3n despu\u00e9s del entrenamiento.<\/p>\n<p>These amino acids are essential because the body cannot produce them on its own and must be consumed through the diet.<\/p>\n<p>Weider has created this premium formula with no filler ingredients, using vegan-sourced amino acids and no artificial colours, and no added sugars, making it ideal for pre-workout muscle protection, post-workout recovery, or for those concerned about sugar intake who want to carefully control the nutrients in their diet.<\/p>\n<p>Available in tropical and Pink Limonade flavours, Premium EAA Zero offers a delicious experience while remaining highly effective.<\/p>\n<p>Key features include no sugar, 10,195 mg of essential amino acids per serving, 6,282 mg of branched-chain amino acids per serving, vegan amino acid source, and no artificial colours or filler ingredients.<\/p>","protected":false},"excerpt":{"rendered":"<p>10,195 mg of essential amino acids per dose<br \/>\nFLAVOUR: Tropical and Pink Lemonade<br \/>\nMETHOD OF USE: Mix 13 g of powder (1 scoop measure) in 500 ml of water.<br \/>\nPRESENTATION: 325 g canister<br \/>\nZERO sugar<br \/>\nCompletely free of filler ingredients<\/p>","protected":false},"featured_media":54190,"template":"","meta":{"inline_featured_image":false},"product_cat":[4777],"product_tag":[],"acf":[],"_links":{"self":[{"href":"https:\/\/weider.es\/en\/wp-json\/wp\/v2\/product\/53804"}],"collection":[{"href":"https:\/\/weider.es\/en\/wp-json\/wp\/v2\/product"}],"about":[{"href":"https:\/\/weider.es\/en\/wp-json\/wp\/v2\/types\/product"}],"wp:featuredmedia":[{"embeddable":true,"href":"https:\/\/weider.es\/en\/wp-json\/wp\/v2\/media\/54190"}],"wp:attachment":[{"href":"https:\/\/weider.es\/en\/wp-json\/wp\/v2\/media?parent=53804"}],"wp:term":[{"taxonomy":"product_cat","embeddable":true,"href":"https:\/\/weider.es\/en\/wp-json\/wp\/v2\/product_cat?post=53804"},{"taxonomy":"product_tag","embeddable":true,"href":"https:\/\/weider.es\/en\/wp-json\/wp\/v2\/product_tag?post=53804"}],"curies":[{"name":"wp","href":"https:\/\/api.w.org\/{rel}","templated":true}]}}