{"id":54127,"date":"2024-07-30T10:10:56","date_gmt":"2024-07-30T08:10:56","guid":{"rendered":"https:\/\/weider.es\/product\/iso-energy\/"},"modified":"2024-10-17T10:28:52","modified_gmt":"2024-10-17T08:28:52","slug":"iso-energy","status":"publish","type":"product","link":"https:\/\/weider.es\/en\/product\/iso-energy\/","title":{"rendered":"Iso Energy"},"content":{"rendered":"<p>Revolutionary formula that combines simple carbohydrates and<br \/>\ncomplexes, amino acids, antioxidants and electrolytes. Especially<br \/>\ndesigned to rehydrate, optimise and increase resilience<br \/>\nduring training.<br \/>\nIf you practice endurance sports, ISO-ENERGY is the right choice for you.<br \/>\nyour product.<br \/>\n- Carbo Optimum Complex: complex carbohydrate matrix<br \/>\nand complex carbohydrates that enhance absorption and<br \/>\nenergy utilisation by the cells as well as providing<br \/>\nrapid hydration.<br \/>\n- L-Glutamine: It is an amino acid essential for the<br \/>\nmuscle tissue repair and recovery. In addition<br \/>\nimproves the function of the immune system and decreases the \"immune system syndrome\".<br \/>\nover-training syndrome (OTS)<br \/>\n- Electrolytes: During prolonged exercise there is an increase in<br \/>\nin the loss of electrolytes through sweat and urine. The<br \/>\nThe most relevant are:<br \/>\n\u2013 Calcio: Tiene un papel fundamental en la contracci\u00f3n y<br \/>\nmuscle relaxation, nerve conduction, nerve secretion, muscle relaxation, nerve conduction, nerve<br \/>\nhormones, among others.<br \/>\n\u2013 Potasio: Importante en el transporte de glucosa a la<br \/>\nmuscle cell.<br \/>\n\u2013 Magnesio: Forma parte de m\u00e1s de 300 enzimas, esta<br \/>\nrelated to the transmission of the nerve impulse,<br \/>\nmuscle contraction and ATP (ATP molecule) production.<br \/>\nenergy).<br \/>\n\u2013 Sodio y Cloro: Son fundamentales para la correcta<br \/>\nregulation of the water balance.<br \/>\n- Vitamin C: plays an important role in endurance sports.<br \/>\nrole due to its antioxidant capacity, elimination of the<br \/>\nfree radicals, as well as a regulator of collagen synthesis.<br \/>\nand protection of the immune system.<\/p>","protected":false},"excerpt":{"rendered":"<p>Advanced formula to increase endurance<br \/>\nduring the exercise<br \/>\n\u2013 R\u00e1pida energ\u00eda e hidrataci\u00f3n<\/p>","protected":false},"featured_media":54372,"template":"","meta":{"inline_featured_image":false},"product_cat":[4782],"product_tag":[],"acf":[],"_links":{"self":[{"href":"https:\/\/weider.es\/en\/wp-json\/wp\/v2\/product\/54127"}],"collection":[{"href":"https:\/\/weider.es\/en\/wp-json\/wp\/v2\/product"}],"about":[{"href":"https:\/\/weider.es\/en\/wp-json\/wp\/v2\/types\/product"}],"wp:featuredmedia":[{"embeddable":true,"href":"https:\/\/weider.es\/en\/wp-json\/wp\/v2\/media\/54372"}],"wp:attachment":[{"href":"https:\/\/weider.es\/en\/wp-json\/wp\/v2\/media?parent=54127"}],"wp:term":[{"taxonomy":"product_cat","embeddable":true,"href":"https:\/\/weider.es\/en\/wp-json\/wp\/v2\/product_cat?post=54127"},{"taxonomy":"product_tag","embeddable":true,"href":"https:\/\/weider.es\/en\/wp-json\/wp\/v2\/product_tag?post=54127"}],"curies":[{"name":"wp","href":"https:\/\/api.w.org\/{rel}","templated":true}]}}