{"id":54385,"date":"2024-07-30T12:40:09","date_gmt":"2024-07-30T10:40:09","guid":{"rendered":"https:\/\/weider.es\/product\/creatine-200-mesh-astragin-neutra\/"},"modified":"2026-02-06T10:50:28","modified_gmt":"2026-02-06T09:50:28","slug":"creatina-micronizada","status":"publish","type":"product","link":"https:\/\/weider.es\/en\/product\/creatine-200-mesh-astragin-neutra\/","title":{"rendered":"Micronised Creatine"},"content":{"rendered":"<p>- Micronised Creatine 200 MESH.<\/p>\n<p>- With AstraGin\u00ae.<\/p>\n<p>- Excellent absorption in the body.<\/p>\n<p>Creatine (C) is a very common supplement among athletes. Many studies have demonstrated its ergogenic effect by increasing phosphocreatine (PC) reserves at muscle level, and therefore ATP.<\/p>\n<p>ATP is the energy molecule that the muscle uses during high intensity, short duration efforts, so supplementation with creatine (C) increases the energy supply to the muscles, as well as facilitating the resynthesis of phosphocreatine (PC).<\/p>\n<p>All this translates into increased strength and improved recovery capacity between sets, allowing you to increase the intensity of your workouts to improve your performance day after day.<\/p>\n<p>In order to help you achieve your best results, Weider has formulated a micronised creatine, 200 mesh. This refers to the good solubility in water, and therefore better absorption in the body due to the particle size.<\/p>\n<p>En Weider siempre queremos seguir innovando, y por eso hemos a\u00f1adido una variedad de sabores, un sabor incre\u00edblemente bueno, blueraspberry. Cuando lo pruebes, no dejar\u00e1 indiferente a nadie.<\/p>\n<p>In order to make a complete formula, we have added AstraGin\u00ae, a patented 100% plant compound that increases the absorption of many vital nutrients by promoting a healthy intestinal environment. Numerous studies support its efficacy. Specifically for this product, it increases the absorption of amino acids such as creatine by 33%.<\/p>","protected":false},"excerpt":{"rendered":"<p>- Micronised Creatine 200 MESH.<\/p>\n<p>- With AstraGin\u00ae.<\/p>\n<p>- Excellent absorption in the body.<\/p>","protected":false},"featured_media":53495,"template":"","meta":{"inline_featured_image":false},"product_cat":[4853,4775],"product_tag":[],"acf":[],"_links":{"self":[{"href":"https:\/\/weider.es\/en\/wp-json\/wp\/v2\/product\/54385"}],"collection":[{"href":"https:\/\/weider.es\/en\/wp-json\/wp\/v2\/product"}],"about":[{"href":"https:\/\/weider.es\/en\/wp-json\/wp\/v2\/types\/product"}],"wp:featuredmedia":[{"embeddable":true,"href":"https:\/\/weider.es\/en\/wp-json\/wp\/v2\/media\/53495"}],"wp:attachment":[{"href":"https:\/\/weider.es\/en\/wp-json\/wp\/v2\/media?parent=54385"}],"wp:term":[{"taxonomy":"product_cat","embeddable":true,"href":"https:\/\/weider.es\/en\/wp-json\/wp\/v2\/product_cat?post=54385"},{"taxonomy":"product_tag","embeddable":true,"href":"https:\/\/weider.es\/en\/wp-json\/wp\/v2\/product_tag?post=54385"}],"curies":[{"name":"wp","href":"https:\/\/api.w.org\/{rel}","templated":true}]}}