{"id":54418,"date":"2024-07-30T10:19:10","date_gmt":"2024-07-30T08:19:10","guid":{"rendered":"https:\/\/weider.es\/product\/collagen-costo-esp-12-u\/"},"modified":"2024-11-11T11:10:18","modified_gmt":"2024-11-11T10:10:18","slug":"colageno-600g","status":"publish","type":"product","link":"https:\/\/weider.es\/en\/product\/collagen-cost-esp-12-u\/","title":{"rendered":"Col\u00e1geno 600g"},"content":{"rendered":"<p>The <a href=\"https:\/\/weider.es\/en\/categoria\/colagenos\/\">collagen<\/a> es una prote\u00edna que se encuentra en el tejido conectivo y que es fundamental para la elasticidad y regeneraci\u00f3n de la piel, los huesos y el cart\u00edlago.<\/p>\n<p>The ingredients in Weider Collagen have been carefully selected to stimulate collagen production and help regenerate bone and cartilage. In addition, its exceptional formula is perfect for protecting the skin from ageing and oxidative damage, keeping it smooth and youthful for longer.<\/p>\n<p>Collagen is low in fat and sugar, mixes well and is very easy to use. It's perfect for any age, whether you're young and want your joints to keep up with your physical activity, or your joints are starting to bother you. And of course, it's also for you if you want to protect and enhance the natural beauty of your skin. Collagen comes in a neutral flavour and is sweetened with a zero-calorie sweetener from Stevia leaf.<\/p>","protected":false},"excerpt":{"rendered":"<p>With highly bioavailable collagen peptides.<br \/>\nContributes to bone and cartilage health.<br \/>\nWith Hyaluronic Acid, Magnesium and Vitamin C<\/p>","protected":false},"featured_media":54895,"template":"","meta":{"inline_featured_image":false},"product_cat":[4849,4852],"product_tag":[],"acf":[],"_links":{"self":[{"href":"https:\/\/weider.es\/en\/wp-json\/wp\/v2\/product\/54418"}],"collection":[{"href":"https:\/\/weider.es\/en\/wp-json\/wp\/v2\/product"}],"about":[{"href":"https:\/\/weider.es\/en\/wp-json\/wp\/v2\/types\/product"}],"wp:featuredmedia":[{"embeddable":true,"href":"https:\/\/weider.es\/en\/wp-json\/wp\/v2\/media\/54895"}],"wp:attachment":[{"href":"https:\/\/weider.es\/en\/wp-json\/wp\/v2\/media?parent=54418"}],"wp:term":[{"taxonomy":"product_cat","embeddable":true,"href":"https:\/\/weider.es\/en\/wp-json\/wp\/v2\/product_cat?post=54418"},{"taxonomy":"product_tag","embeddable":true,"href":"https:\/\/weider.es\/en\/wp-json\/wp\/v2\/product_tag?post=54418"}],"curies":[{"name":"wp","href":"https:\/\/api.w.org\/{rel}","templated":true}]}}