{"id":54421,"date":"2024-07-30T10:19:10","date_gmt":"2024-07-30T08:19:10","guid":{"rendered":"https:\/\/weider.es\/product\/collagen-creamer-keto-friendly\/"},"modified":"2024-10-25T05:29:45","modified_gmt":"2024-10-25T03:29:45","slug":"colageno-creamer-keto-friendly","status":"publish","type":"product","link":"https:\/\/weider.es\/en\/product\/collagen-creamer-keto-friendly\/","title":{"rendered":"Col\u00e1geno Creamer keto friendly"},"content":{"rendered":"<p>The <a href=\"https:\/\/weider.es\/en\/categoria\/colagenos\/\">collagen<\/a> es el complemento principal por el que est\u00e1n formados los tejidos conectivos que componen varias partes de nuestro cuerpo, incluyendo tendones, ligamentos, piel y m\u00fasculos. Se sintetiza de forma natural por nuestro cuerpo, a diferencia del <a href=\"https:\/\/weider.es\/en\/product\/collagen\/\">col\u00e1geno hidrolizado<\/a> que es\u00a0 aquel que ingerimos a trav\u00e9s de complementos alimenticios.<\/p>\n<p>Col\u00e1geno creamer es un complemento alimenticio que est\u00e1 formado \u00fanicamente por col\u00e1geno hidrolizado y MCT. Entre los principales beneficios del col\u00e1geno hidrolizado esta la mejora en la salud articular, adem\u00e1s de la firmeza e hidrataci\u00f3n en tejidos como la piel, u\u00f1as y cabello. El MCT, proveniente del aceite de coco, se ha convertido en un suplemento muy popular entre atletas. Uno de sus principales beneficios consiste en la ayuda a la p\u00e9rdida de peso agilizando el proceso de eliminaci\u00f3n de la grasa. Otra de las caracter\u00edsticas principales de este producto es su car\u00e1cter keto friendly.<\/p>\n<p>For many people, eating a low-carbohydrate diet is enough to achieve their ideal weight. Thanks to the MCT content, the intake of this product helps weight control by preventing an increase in body fat. The recommended daily dose of collagen is 10 grams (each serving of our Collagen Creamer contains 8 g) and is recommended during breakfast, hence Collagen Creamer is the perfect combination with our first coffee of the day. As we age, our joint health declines. Numerous clinical studies support the efficacy of hydrolysed collagen in reducing joint pain and improving joint mobility. Our combination of hydrolysed collagen and MCTs, \"Collagen Creamer\" is one of the best options to help keep our muscles, bones and joints in the best possible condition for the long term. Don't forget to include it in your breakfast every morning!<\/p>","protected":false},"excerpt":{"rendered":"<p>Keto friendly.<\/p>\n<p>Elaborado a base de MCT y col\u00e1geno.<\/p>\n<p>Perfecto para desayunos.<\/p>","protected":false},"featured_media":54901,"template":"","meta":{"inline_featured_image":false},"product_cat":[4849],"product_tag":[],"acf":[],"_links":{"self":[{"href":"https:\/\/weider.es\/en\/wp-json\/wp\/v2\/product\/54421"}],"collection":[{"href":"https:\/\/weider.es\/en\/wp-json\/wp\/v2\/product"}],"about":[{"href":"https:\/\/weider.es\/en\/wp-json\/wp\/v2\/types\/product"}],"wp:featuredmedia":[{"embeddable":true,"href":"https:\/\/weider.es\/en\/wp-json\/wp\/v2\/media\/54901"}],"wp:attachment":[{"href":"https:\/\/weider.es\/en\/wp-json\/wp\/v2\/media?parent=54421"}],"wp:term":[{"taxonomy":"product_cat","embeddable":true,"href":"https:\/\/weider.es\/en\/wp-json\/wp\/v2\/product_cat?post=54421"},{"taxonomy":"product_tag","embeddable":true,"href":"https:\/\/weider.es\/en\/wp-json\/wp\/v2\/product_tag?post=54421"}],"curies":[{"name":"wp","href":"https:\/\/api.w.org\/{rel}","templated":true}]}}