{"id":54423,"date":"2024-07-30T10:19:10","date_gmt":"2024-07-30T08:19:10","guid":{"rendered":"https:\/\/weider.es\/product\/magnesium-complex-caps\/"},"modified":"2024-10-24T11:18:17","modified_gmt":"2024-10-24T09:18:17","slug":"magnesio-complex","status":"publish","type":"product","link":"https:\/\/weider.es\/en\/product\/magnesium-complex-caps\/","title":{"rendered":"Magnesio Complex"},"content":{"rendered":"<div>\n<div>Cada porci\u00f3n de nuestro Magnesium Complex de calidad premium contiene 250 mg de magnesio elemental que proviene de tres fuentes org\u00e1nicas altamente biodisponibles: <strong>citrato de magnesio, malato de magnesio y bisglicinato de magnesio<\/strong>.<\/div>\n<div><\/div>\n<div>Esta combinaci\u00f3n hace que nuestro complejo de magnesio sea el suplemento perfecto para cubrir una mayor demanda de este micronutriente altamente importante (por ejemplo, para atletas ambiciosos o personas f\u00edsicamente activas). Al ser un mineral esencial, el magnesio debe ser ingerido regularmente a trav\u00e9s de los alimentos o suplementos para evitar una deficiencia.<\/div>\n<div><\/div>\n<div>En el cuerpo humano, el magnesio es necesario para aproximadamente 300 reacciones enzim\u00e1ticas y procesos metab\u00f3licos diferentes, desempe\u00f1ando un papel crucial en la divisi\u00f3n celular, la s\u00edntesis de prote\u00ednas y el metabolismo energ\u00e9tico.<\/div>\n<div><\/div>\n<div>Aproximadamente el 65% del magnesio en el cuerpo humano se encuentra en el esqueleto, por lo que el magnesio tambi\u00e9n desempe\u00f1a un papel importante en el mantenimiento de la salud \u00f3sea. Adem\u00e1s, el magnesio est\u00e1 involucrado en la funci\u00f3n muscular y el funcionamiento normal del sistema nervioso. Tambi\u00e9n contribuye a la reducci\u00f3n del cansancio y la fatiga, a la funci\u00f3n psicol\u00f3gica normal y es esencial para el mantenimiento de un equilibrio electrol\u00edtico normal.<\/div>\n<div><\/div>\n<div>We recommend taking two capsules just after your intense workout or at night before going to bed. At WEIDER, our mission is to provide you with the best nutritional supplements so you can perform at your best and lead a healthy and active life. With an incredible 85 years of experience in the industry, we understand the importance of using only the highest quality and trusted ingredients in all of our products.<\/div>\n<\/div>","protected":false},"excerpt":{"rendered":"<p>&nbsp;<\/p>\n<p>Cada c\u00e1psula contiene 250 mg de magnesio elemental que proviene de tres fuentes org\u00e1nicas altamente biodisponibles: citrato de magnesio, malato de magnesio y bisglicinato de magnesio.<br \/>\nC\u00e1psulas veganas. Sin rellenos, sin colorantes.<\/p>","protected":false},"featured_media":54903,"template":"","meta":{"inline_featured_image":false},"product_cat":[4845,4781],"product_tag":[],"acf":[],"_links":{"self":[{"href":"https:\/\/weider.es\/en\/wp-json\/wp\/v2\/product\/54423"}],"collection":[{"href":"https:\/\/weider.es\/en\/wp-json\/wp\/v2\/product"}],"about":[{"href":"https:\/\/weider.es\/en\/wp-json\/wp\/v2\/types\/product"}],"wp:featuredmedia":[{"embeddable":true,"href":"https:\/\/weider.es\/en\/wp-json\/wp\/v2\/media\/54903"}],"wp:attachment":[{"href":"https:\/\/weider.es\/en\/wp-json\/wp\/v2\/media?parent=54423"}],"wp:term":[{"taxonomy":"product_cat","embeddable":true,"href":"https:\/\/weider.es\/en\/wp-json\/wp\/v2\/product_cat?post=54423"},{"taxonomy":"product_tag","embeddable":true,"href":"https:\/\/weider.es\/en\/wp-json\/wp\/v2\/product_tag?post=54423"}],"curies":[{"name":"wp","href":"https:\/\/api.w.org\/{rel}","templated":true}]}}