{"id":54765,"date":"2024-07-30T12:20:43","date_gmt":"2024-07-30T10:20:43","guid":{"rendered":"https:\/\/weider.es\/product\/oat-gourmet-flour-harina-de-avena\/"},"modified":"2025-06-20T10:09:45","modified_gmt":"2025-06-20T08:09:45","slug":"harina-de-avena-gourmet","status":"publish","type":"product","link":"https:\/\/weider.es\/en\/product\/oat-gourmet-flour-oat-flour\/","title":{"rendered":"Gourmet Oatmeal"},"content":{"rendered":"<div>\n<div>La harina de avena es un alimento natural completo y nutritivo, que aporta energ\u00eda, prote\u00ednas, fibra, vitaminas y minerales. Weider Gourmet Oat Flour es harina de avena instant\u00e1nea de calidad superior, obtenida de granos enteros de avena no OMG y sin az\u00facares a\u00f1adidos.<\/div>\n<div>Gourmet Oat Flour can be used to prepare carbohydrate shakes at any time of the day when you need extra energy, as well as to make healthy recipes that are full of flavour and very nutritious. Oatmeal provides naturally occurring complex carbohydrates and a very low sugar content. In addition, its high fibre content delays the digestion of its starches and the absorption of glucose into the blood. This makes it one of the healthiest ways to consume carbohydrates.<\/div>\n<div>Weider Gourmet Oat Flour provides plant-based protein and only 7.1 % of fat, with a low saturated fat content and mostly mono and polyunsaturated fats. Helping you to take care of your figure, your health and your heart.<\/div>\n<\/div>","protected":false},"excerpt":{"rendered":"<p>Low in sugars.<br \/>\nSource of protein.<br \/>\nDelicious flavours.<\/p>","protected":false},"featured_media":55213,"template":"","meta":{"inline_featured_image":false},"product_cat":[4797],"product_tag":[],"acf":[],"_links":{"self":[{"href":"https:\/\/weider.es\/en\/wp-json\/wp\/v2\/product\/54765"}],"collection":[{"href":"https:\/\/weider.es\/en\/wp-json\/wp\/v2\/product"}],"about":[{"href":"https:\/\/weider.es\/en\/wp-json\/wp\/v2\/types\/product"}],"wp:featuredmedia":[{"embeddable":true,"href":"https:\/\/weider.es\/en\/wp-json\/wp\/v2\/media\/55213"}],"wp:attachment":[{"href":"https:\/\/weider.es\/en\/wp-json\/wp\/v2\/media?parent=54765"}],"wp:term":[{"taxonomy":"product_cat","embeddable":true,"href":"https:\/\/weider.es\/en\/wp-json\/wp\/v2\/product_cat?post=54765"},{"taxonomy":"product_tag","embeddable":true,"href":"https:\/\/weider.es\/en\/wp-json\/wp\/v2\/product_tag?post=54765"}],"curies":[{"name":"wp","href":"https:\/\/api.w.org\/{rel}","templated":true}]}}