{"id":55505,"date":"2024-11-11T11:14:41","date_gmt":"2024-11-11T10:14:41","guid":{"rendered":"https:\/\/weider.es\/?post_type=product&#038;p=55505"},"modified":"2025-06-09T10:20:28","modified_gmt":"2025-06-09T08:20:28","slug":"collagen-vanilla","status":"publish","type":"product","link":"https:\/\/weider.es\/en\/product\/collagen-vanilla\/","title":{"rendered":"Collagen Vanilla"},"content":{"rendered":"<p>COLLAGEN de WEIDER \u2013 Tu aliado para cuidar de tu piel, cart\u00edlago y huesos. El col\u00e1geno es una prote\u00edna que se encuentra en el tejido conectivo y que es fundamental para la elasticidad y regeneraci\u00f3n de la piel, del cart\u00edlago y de los huesos. Los ingredientes de Weider Collagen han sido cuidadosamente seleccionados para estimular la producci\u00f3n del col\u00e1geno ayudando a regenerar huesos y cart\u00edlagos. Adem\u00e1s, su completa f\u00f3rmula es \u00f3ptima para proteger la piel del envejecimiento y del da\u00f1o oxidativo, manteni\u00e9ndola tersa y joven durante m\u00e1s tiempo. Weider Collagen no contiene ni grasas ni az\u00facares, se mezcla muy bien y es muy f\u00e1cil de utilizar. Es \u00f3ptimo para cualquier edad, tanto si eres una persona joven y deseas que tus articulaciones aguanten tu ritmo de actividad f\u00edsica, como si las articulaciones ya comienzan a molestarte. Y por supuesto, tambi\u00e9n es para ti si lo que deseas es proteger y potenciar la belleza natural de tu piel. \u00bfPor qu\u00e9 Weider Collagen es diferente a otros col\u00e1genos? Porque utiliza p\u00e9ptidos de col\u00e1geno 100% Peptan\u00ae: P\u00e9ptidos bioactivos de col\u00e1geno bovino. El col\u00e1geno hidrolizado se digiere y absorbe muy f\u00e1cilmente por lo que es muy bien tolerado. Adem\u00e1s, no genera alergias alimentarias. No todos los col\u00e1genos son iguales: Existen diferentes tipos de col\u00e1geno seg\u00fan su procedencia. Peptan\u00ae es col\u00e1geno de tipo I, el mismo tipo de col\u00e1geno que se encuentra en la piel y huesos humanos. Peptan\u00ae se obtiene mediante los mejores procesos de fabricaci\u00f3n. Para favorecer su absorci\u00f3n y biodisponibilidad el col\u00e1geno debe ser hidrolizado y la hidr\u00f3lisis de Peptan\u00ae se lleva a cabo a trav\u00e9s de un cuidadoso proceso enzim\u00e1tico que mantiene todas las propiedades de sus p\u00e9ptidos bioactivos. Peptan\u00ae es la marca l\u00edder en col\u00e1geno, cuenta con estudios cl\u00ednicos de eficacia y seguridad y no presenta aditivos ni conservantes. Para completar su f\u00f3rmula, se le ha a\u00f1adido los siguientes ingredientes: \u2022 Magnesio: mineral esencial para mantener el buen funcionamiento de los huesos y m\u00fasculos. El magnesio presente en Weider Collagen es el citrato de magnesio, la forma con m\u00e1s se absorbe y de mayor calidad. \u2022 Vitamina C: vitamina esencial para la correcta formaci\u00f3n de las fibras de col\u00e1geno. Adem\u00e1s, la vitamina C es un potente antioxidante que contribuye a combatir el da\u00f1o oxidativo y act\u00faa protegiendo la piel, cart\u00edlagos y huesos del envejecimiento. Weider Collagen aporta el 100 % de la cantidad recomendada de vitamina C. \u2022 \u00c1cido hialur\u00f3nico: compuesto presente de forma natural en el cuerpo humano, especialmente en los cart\u00edlagos y la piel. Aporta hidrataci\u00f3n a la piel y ejerce una importante funci\u00f3n estructural, con estudios demostrando tambi\u00e9n su participaci\u00f3n en el mantenimiento del cabello. Complementa a la perfecci\u00f3n la funci\u00f3n de los p\u00e9ptidos de col\u00e1geno, la vitamina C y el magnesio. FORMATO: 300g de polvo (30 porciones de 10g) SABOR: Vainilla RECOMENDACIONES: Mezclar 10g de polvo (1 cazo) en 200ml de agua u otra bebida.<\/p>","protected":false},"excerpt":{"rendered":"<p>Weider Collagen (300g) Sabor Vainilla, Col\u00e1geno Hidrolizado en Polvo tipo I, P\u00e9ptidos de Col\u00e1geno 100% Peptan, \u00c1cido Hialur\u00f3nico, Magnesio, Vitamina C, Sin Az\u00facar, Para Piel, Cart\u00edlago, Hueso, Cabello<\/p>","protected":false},"featured_media":55798,"template":"","meta":{"inline_featured_image":false},"product_cat":[4849,4852],"product_tag":[],"acf":[],"_links":{"self":[{"href":"https:\/\/weider.es\/en\/wp-json\/wp\/v2\/product\/55505"}],"collection":[{"href":"https:\/\/weider.es\/en\/wp-json\/wp\/v2\/product"}],"about":[{"href":"https:\/\/weider.es\/en\/wp-json\/wp\/v2\/types\/product"}],"wp:featuredmedia":[{"embeddable":true,"href":"https:\/\/weider.es\/en\/wp-json\/wp\/v2\/media\/55798"}],"wp:attachment":[{"href":"https:\/\/weider.es\/en\/wp-json\/wp\/v2\/media?parent=55505"}],"wp:term":[{"taxonomy":"product_cat","embeddable":true,"href":"https:\/\/weider.es\/en\/wp-json\/wp\/v2\/product_cat?post=55505"},{"taxonomy":"product_tag","embeddable":true,"href":"https:\/\/weider.es\/en\/wp-json\/wp\/v2\/product_tag?post=55505"}],"curies":[{"name":"wp","href":"https:\/\/api.w.org\/{rel}","templated":true}]}}