{"id":55573,"date":"2025-02-10T10:45:43","date_gmt":"2025-02-10T09:45:43","guid":{"rendered":"https:\/\/weider.es\/?post_type=product&#038;p=55573"},"modified":"2025-12-18T08:23:27","modified_gmt":"2025-12-18T07:23:27","slug":"creatine-gummies","status":"publish","type":"product","link":"https:\/\/weider.es\/en\/product\/creatine-gummies\/","title":{"rendered":"Creatine Gummies"},"content":{"rendered":"<p data-renderer-start-pos=\"397\">Descubre el poder de la creatina en su forma m\u00e1s pr\u00e1ctica y sabrosa. Premium Creatine Gummies te ofrece todo lo que necesitas para maximizar tu rendimiento f\u00edsico mientras disfrutas de un dulce placer sin remordimientos. Estas gominolas est\u00e1n dise\u00f1adas para quienes buscan mejorar su fuerza, resistencia y recuperaci\u00f3n muscular de manera c\u00f3moda y deliciosa.<\/p>","protected":false},"excerpt":{"rendered":"<p data-renderer-start-pos=\"397\">Descubre el poder de la creatina en su forma m\u00e1s pr\u00e1ctica y sabrosa. Premium Creatine Gummies te ofrece todo lo que necesitas para maximizar tu rendimiento f\u00edsico mientras disfrutas de un dulce placer sin remordimientos. Estas gominolas est\u00e1n dise\u00f1adas para quienes buscan mejorar su fuerza, resistencia y recuperaci\u00f3n muscular de manera c\u00f3moda y deliciosa.<\/p>","protected":false},"featured_media":55930,"template":"","meta":{"inline_featured_image":false},"product_cat":[4792],"product_tag":[],"acf":[],"_links":{"self":[{"href":"https:\/\/weider.es\/en\/wp-json\/wp\/v2\/product\/55573"}],"collection":[{"href":"https:\/\/weider.es\/en\/wp-json\/wp\/v2\/product"}],"about":[{"href":"https:\/\/weider.es\/en\/wp-json\/wp\/v2\/types\/product"}],"wp:featuredmedia":[{"embeddable":true,"href":"https:\/\/weider.es\/en\/wp-json\/wp\/v2\/media\/55930"}],"wp:attachment":[{"href":"https:\/\/weider.es\/en\/wp-json\/wp\/v2\/media?parent=55573"}],"wp:term":[{"taxonomy":"product_cat","embeddable":true,"href":"https:\/\/weider.es\/en\/wp-json\/wp\/v2\/product_cat?post=55573"},{"taxonomy":"product_tag","embeddable":true,"href":"https:\/\/weider.es\/en\/wp-json\/wp\/v2\/product_tag?post=55573"}],"curies":[{"name":"wp","href":"https:\/\/api.w.org\/{rel}","templated":true}]}}