{"id":55681,"date":"2025-04-04T00:00:52","date_gmt":"2025-04-03T22:00:52","guid":{"rendered":"https:\/\/weider.es\/?post_type=product&#038;p=55681"},"modified":"2025-04-25T13:30:37","modified_gmt":"2025-04-25T11:30:37","slug":"filled-protein-cookie","status":"publish","type":"product","link":"https:\/\/weider.es\/en\/product\/filled-protein-cookie\/","title":{"rendered":"FILLED PROTEIN COOKIE"},"content":{"rendered":"<p class=\"s5\"><span class=\"s4\">The <\/span><span class=\"s4\">Filled<\/span> <span class=\"s4\">Protein Cookie <\/span><span class=\"s4\">es la galleta perfecta para quienes buscan una opci\u00f3n <\/span><span class=\"s4\">nutritiva, deliciosa y rica en prote\u00ednas<\/span><span class=\"s4\">. Con <\/span><span class=\"s4\">20 g de prote\u00edna<\/span><span class=\"s4\"> por porci\u00f3n, es ideal para la <\/span><span class=\"s4\">recuperaci\u00f3n muscular<\/span><span class=\"s4\">, el mantenimiento de la masa magra y como un snack saludable para cualquier momento del d\u00eda.<\/span><\/p>\n<p class=\"s5\"><span class=\"s4\">Elaborada <\/span><span class=\"s4\">sin az\u00facares a\u00f1adidos, sin gluten y sin aceite de palma<\/span><span class=\"s4\">, esta galleta est\u00e1 dise\u00f1ada para ofrecerte un aporte nutricional \u00f3ptimo sin comprometer el sabor. Su contenido en <\/span><span class=\"s4\">fibre<\/span><span class=\"s4\">favorece la digesti\u00f3n y ayuda a mantener una energ\u00eda estable.<\/span><\/p>\n<p class=\"s5\"><span class=\"s4\">Su <\/span><span class=\"s4\">sabor triple chocolate<\/span><span class=\"s4\"> es una verdadera explosi\u00f3n de placer, combinando chocolate en su masa, relleno y cobertura, para una experiencia intensa en cada bocado. Perfecta para deportistas, amantes del fitness o cualquier persona que busque un snack equilibrado sin renunciar al disfrute.<\/span><\/p>\n<p class=\"s5\"><span class=\"s4\">With <\/span><span class=\"s4\">Filled<\/span> <span class=\"s4\">Protein<\/span><span class=\"s4\"> Cookie <\/span><span class=\"s4\">, obtienes <\/span><span class=\"s4\">energ\u00eda, rendimiento y sabor<\/span><span class=\"s4\"> en una galleta pr\u00e1ctica y deliciosa.<\/span><\/p>","protected":false},"excerpt":{"rendered":"<p class=\"p1\">Alimenta tus metas con 20g de prote\u00edna y el placer del triple chocolate<\/p>\n<p class=\"p2\">\u2022 Sin az\u00facar, sin gluten, sin aceite de palma.<\/p>\n<p class=\"p2\">\u2022 Recuperaci\u00f3n muscular con cada bocado.<\/p>\n<p class=\"p2\">\u2022 Rica en fibra, ideal para tu bienestar diario.<\/p>","protected":false},"featured_media":55682,"template":"","meta":{"inline_featured_image":false},"product_cat":[4779],"product_tag":[],"acf":[],"_links":{"self":[{"href":"https:\/\/weider.es\/en\/wp-json\/wp\/v2\/product\/55681"}],"collection":[{"href":"https:\/\/weider.es\/en\/wp-json\/wp\/v2\/product"}],"about":[{"href":"https:\/\/weider.es\/en\/wp-json\/wp\/v2\/types\/product"}],"wp:featuredmedia":[{"embeddable":true,"href":"https:\/\/weider.es\/en\/wp-json\/wp\/v2\/media\/55682"}],"wp:attachment":[{"href":"https:\/\/weider.es\/en\/wp-json\/wp\/v2\/media?parent=55681"}],"wp:term":[{"taxonomy":"product_cat","embeddable":true,"href":"https:\/\/weider.es\/en\/wp-json\/wp\/v2\/product_cat?post=55681"},{"taxonomy":"product_tag","embeddable":true,"href":"https:\/\/weider.es\/en\/wp-json\/wp\/v2\/product_tag?post=55681"}],"curies":[{"name":"wp","href":"https:\/\/api.w.org\/{rel}","templated":true}]}}