{"id":55946,"date":"2026-02-05T09:46:08","date_gmt":"2026-02-05T08:46:08","guid":{"rendered":"https:\/\/weider.es\/?post_type=product&#038;p=55946"},"modified":"2026-02-06T10:51:20","modified_gmt":"2026-02-06T09:51:20","slug":"micronized-creatine-dual","status":"publish","type":"product","link":"https:\/\/weider.es\/en\/product\/55946\/","title":{"rendered":"Micronized Creatine"},"content":{"rendered":"<p>\u00bfBuscas un suplemento efectivo y delicioso? Te presentamos nuestras Micronized Creatina Gummies sabor d\u00fao a mora y fresa, dise\u00f1adas para quienes quieren maximizar su rendimiento sin complicaciones.<\/p>\n<p>Cada porci\u00f3n aporta 3,5 g de monohidrato de creatina que garantiza fuerza, potencia y recuperaci\u00f3n muscular \u00f3ptima.<\/p>","protected":false},"excerpt":{"rendered":"<p>La creatina es uno de los suplementos m\u00e1s estudiados, con evidencia cient\u00edfica s\u00f3lida que demuestra su capacidad para:<\/p>\n<p>\u2022 Aumentar la fuerza y la potencia en entrenamientos intensos<\/p>\n<p>\u2022 Mejorar la resistencia muscular<\/p>\n<p>\u2022 Acelerar la recuperaci\u00f3n post-entrenamiento<\/p>","protected":false},"featured_media":55957,"template":"","meta":{"inline_featured_image":false},"product_cat":[4775],"product_tag":[],"acf":[],"_links":{"self":[{"href":"https:\/\/weider.es\/en\/wp-json\/wp\/v2\/product\/55946"}],"collection":[{"href":"https:\/\/weider.es\/en\/wp-json\/wp\/v2\/product"}],"about":[{"href":"https:\/\/weider.es\/en\/wp-json\/wp\/v2\/types\/product"}],"wp:featuredmedia":[{"embeddable":true,"href":"https:\/\/weider.es\/en\/wp-json\/wp\/v2\/media\/55957"}],"wp:attachment":[{"href":"https:\/\/weider.es\/en\/wp-json\/wp\/v2\/media?parent=55946"}],"wp:term":[{"taxonomy":"product_cat","embeddable":true,"href":"https:\/\/weider.es\/en\/wp-json\/wp\/v2\/product_cat?post=55946"},{"taxonomy":"product_tag","embeddable":true,"href":"https:\/\/weider.es\/en\/wp-json\/wp\/v2\/product_tag?post=55946"}],"curies":[{"name":"wp","href":"https:\/\/api.w.org\/{rel}","templated":true}]}}