{"id":39326,"date":"2022-08-16T10:30:00","date_gmt":"2022-08-16T10:30:00","guid":{"rendered":"https:\/\/wpbingosite.com\/wordpress\/gymex\/?page_id=39326"},"modified":"2024-04-12T09:30:29","modified_gmt":"2024-04-12T07:30:29","slug":"faqs","status":"publish","type":"page","link":"https:\/\/weider.es\/fr\/faqs\/","title":{"rendered":"Faqs"},"content":{"rendered":"<div data-elementor-type=\"wp-page\" data-elementor-id=\"39326\" class=\"elementor elementor-39326\">\n\t\t\t\t\t\t<section class=\"elementor-section elementor-top-section elementor-element elementor-element-9e9ffc9 we-faqs elementor-section-boxed elementor-section-height-default elementor-section-height-default\" data-id=\"9e9ffc9\" data-element_type=\"section\">\n\t\t\t\t\t\t<div class=\"elementor-container elementor-column-gap-default\">\n\t\t\t\t\t<div class=\"elementor-column elementor-col-100 elementor-top-column elementor-element elementor-element-af73d5a\" data-id=\"af73d5a\" data-element_type=\"column\">\n\t\t\t<div class=\"elementor-widget-wrap elementor-element-populated\">\n\t\t\t\t\t\t<div class=\"elementor-element elementor-element-e441b32 elementor-widget elementor-widget-heading\" data-id=\"e441b32\" data-element_type=\"widget\" data-widget_type=\"heading.default\">\n\t\t\t\t<div class=\"elementor-widget-container\">\n\t\t\t<style>\/*! elementor - v3.20.0 - 20-03-2024 *\/\n.elementor-heading-title{padding:0;margin:0;line-height:1}.elementor-widget-heading .elementor-heading-title[class*=elementor-size-]>a{color:inherit;font-size:inherit;line-height:inherit}.elementor-widget-heading .elementor-heading-title.elementor-size-small{font-size:15px}.elementor-widget-heading .elementor-heading-title.elementor-size-medium{font-size:19px}.elementor-widget-heading .elementor-heading-title.elementor-size-large{font-size:29px}.elementor-widget-heading .elementor-heading-title.elementor-size-xl{font-size:39px}.elementor-widget-heading .elementor-heading-title.elementor-size-xxl{font-size:59px}<\/style><h2 class=\"elementor-heading-title elementor-size-default\">Questions fr\u00e9quemment pos\u00e9es<\/h2>\t\t<\/div>\n\t\t\t\t<\/div>\n\t\t\t\t<div class=\"elementor-element elementor-element-faec38b elementor-widget elementor-widget-accordion\" data-id=\"faec38b\" data-element_type=\"widget\" data-widget_type=\"accordion.default\">\n\t\t\t\t<div class=\"elementor-widget-container\">\n\t\t\t<style>\/*! elementor - v3.20.0 - 20-03-2024 *\/\n.elementor-accordion{text-align:left}.elementor-accordion .elementor-accordion-item{border:1px solid #d5d8dc}.elementor-accordion .elementor-accordion-item+.elementor-accordion-item{border-top:none}.elementor-accordion .elementor-tab-title{margin:0;padding:15px 20px;font-weight:700;line-height:1;cursor:pointer;outline:none}.elementor-accordion .elementor-tab-title .elementor-accordion-icon{display:inline-block;width:1.5em}.elementor-accordion .elementor-tab-title .elementor-accordion-icon svg{width:1em;height:1em}.elementor-accordion .elementor-tab-title .elementor-accordion-icon.elementor-accordion-icon-right{float:right;text-align:right}.elementor-accordion .elementor-tab-title .elementor-accordion-icon.elementor-accordion-icon-left{float:left;text-align:left}.elementor-accordion .elementor-tab-title .elementor-accordion-icon .elementor-accordion-icon-closed{display:block}.elementor-accordion .elementor-tab-title .elementor-accordion-icon .elementor-accordion-icon-opened,.elementor-accordion .elementor-tab-title.elementor-active .elementor-accordion-icon-closed{display:none}.elementor-accordion .elementor-tab-title.elementor-active .elementor-accordion-icon-opened{display:block}.elementor-accordion .elementor-tab-content{display:none;padding:15px 20px;border-top:1px solid #d5d8dc}@media (max-width:767px){.elementor-accordion .elementor-tab-title{padding:12px 15px}.elementor-accordion .elementor-tab-title .elementor-accordion-icon{width:1.2em}.elementor-accordion .elementor-tab-content{padding:7px 15px}}.e-con-inner>.elementor-widget-accordion,.e-con>.elementor-widget-accordion{width:var(--container-widget-width);--flex-grow:var(--container-widget-flex-grow)}<\/style>\t\t<div class=\"elementor-accordion\">\n\t\t\t\t\t\t\t<div class=\"elementor-accordion-item\">\n\t\t\t\t\t<div id=\"elementor-tab-title-2631\" class=\"elementor-tab-title\" data-tab=\"1\" role=\"button\" aria-controls=\"elementor-tab-content-2631\" aria-expanded=\"false\">\n\t\t\t\t\t\t\t\t\t\t\t\t<a class=\"elementor-accordion-title\" tabindex=\"0\">O\u00f9 puis-je trouver les produits Weider ?<\/a>\n\t\t\t\t\t<\/div>\n\t\t\t\t\t<div id=\"elementor-tab-content-2631\" class=\"elementor-tab-content elementor-clearfix\" data-tab=\"1\" role=\"region\" aria-labelledby=\"elementor-tab-title-2631\"><p>Vous pouvez trouver nos produits dans diff\u00e9rents supermarch\u00e9s et grands magasins tels que El Corte Ingles, Carrefour, Alcampo, Aldi, Decathlon,... mais nous sommes \u00e9galement disponibles dans de nombreux magasins en ligne et magasins sp\u00e9cialis\u00e9s, que vous pouvez trouver sur cette carte &gt;&gt;.\u00a0<a href=\"https:\/\/weider.es\/fr\/points-de-vente\/\">https:\/\/weider.es\/puntos-de-venta\/<\/a><\/p><p>En plus de notre boutique en ligne\u00a0<a href=\"https:\/\/www.tiendaweider.es\/\">https:\/\/www.tiendaweider.es\/<\/a>\u00a0o\u00f9 vous trouverez toute la gamme de produits.<\/p><\/div>\n\t\t\t\t<\/div>\n\t\t\t\t\t\t\t<div class=\"elementor-accordion-item\">\n\t\t\t\t\t<div id=\"elementor-tab-title-2632\" class=\"elementor-tab-title\" data-tab=\"2\" role=\"button\" aria-controls=\"elementor-tab-content-2632\" aria-expanded=\"false\">\n\t\t\t\t\t\t\t\t\t\t\t\t<a class=\"elementor-accordion-title\" tabindex=\"0\">Comment puis-je recevoir des informations sur les nouveaux produits Weider ?<\/a>\n\t\t\t\t\t<\/div>\n\t\t\t\t\t<div id=\"elementor-tab-content-2632\" class=\"elementor-tab-content elementor-clearfix\" data-tab=\"2\" role=\"region\" aria-labelledby=\"elementor-tab-title-2632\"><p>Le meilleur moyen est de vous inscrire \u00e0 notre lettre d'information, qui vous fournira des informations sur les nouveaux produits ou des nouvelles d'int\u00e9r\u00eat.<\/p><p>Vous pouvez le faire \u00e0 partir de la page d'accueil, en d\u00e9filant jusqu'au bas de la page, l\u00e0 o\u00f9 il est indiqu\u00e9 \"email\".\u00a0<\/p><\/div>\n\t\t\t\t<\/div>\n\t\t\t\t\t\t\t<div class=\"elementor-accordion-item\">\n\t\t\t\t\t<div id=\"elementor-tab-title-2633\" class=\"elementor-tab-title\" data-tab=\"3\" role=\"button\" aria-controls=\"elementor-tab-content-2633\" aria-expanded=\"false\">\n\t\t\t\t\t\t\t\t\t\t\t\t<a class=\"elementor-accordion-title\" tabindex=\"0\">Si j'ai une question technique, qui peut m'aider ?<\/a>\n\t\t\t\t\t<\/div>\n\t\t\t\t\t<div id=\"elementor-tab-content-2633\" class=\"elementor-tab-content elementor-clearfix\" data-tab=\"3\" role=\"region\" aria-labelledby=\"elementor-tab-title-2633\"><p>Nous disposons actuellement d'un service technique et d'un service qualit\u00e9 qui peuvent vous aider \u00e0 r\u00e9pondre \u00e0 toutes les questions techniques que vous vous posez sur les produits.<\/p><p>Si vous \u00e9crivez \u00e0 cet e-mail, nous vous r\u00e9pondrons dans les plus brefs d\u00e9lais.\u00a0<a href=\"mailto:consultas@weider.es\">consultas@weider.es<\/a><\/p><\/div>\n\t\t\t\t<\/div>\n\t\t\t\t\t\t\t<div class=\"elementor-accordion-item\">\n\t\t\t\t\t<div id=\"elementor-tab-title-2634\" class=\"elementor-tab-title\" data-tab=\"4\" role=\"button\" aria-controls=\"elementor-tab-content-2634\" aria-expanded=\"false\">\n\t\t\t\t\t\t\t\t\t\t\t\t<a class=\"elementor-accordion-title\" tabindex=\"0\">Comment puis-je contacter Weider ?<\/a>\n\t\t\t\t\t<\/div>\n\t\t\t\t\t<div id=\"elementor-tab-content-2634\" class=\"elementor-tab-content elementor-clearfix\" data-tab=\"4\" role=\"region\" aria-labelledby=\"elementor-tab-title-2634\"><p>En fonction du type de question que vous posez, Weider dispose de diff\u00e9rents services pour y r\u00e9pondre :<\/p><ul><li>Si vous achetez d\u00e9j\u00e0 chez Weider :<ul><li>Incidents avec ordres :\u00a0<a href=\"mailto:cdomingo@weider.es\">cdomingo@weider.es<\/a><\/li><li>Si vous souhaitez devenir distributeur et vendre nos produits :\u00a0<a href=\"mailto:clientes@weider.es\">clientes@weider.es<\/a><\/li><li>Tout type de demande commerciale :\u00a0<a href=\"mailto:clientes@weider.es\">clientes@weider.es<\/a><\/li><\/ul><\/li><li>Si vous avez des questions sur les produits :<ul><li><a href=\"mailto:consultas@weider.es\">consultas@weider.es<\/a><\/li><\/ul><\/li><li>Autres demandes, \u00e9v\u00e9nements, parrainages, etc :\u00a0<a href=\"mailto:info@weider.es\">info@weider.es<\/a><\/li><\/ul><\/div>\n\t\t\t\t<\/div>\n\t\t\t\t\t\t\t<div class=\"elementor-accordion-item\">\n\t\t\t\t\t<div id=\"elementor-tab-title-2635\" class=\"elementor-tab-title\" data-tab=\"5\" role=\"button\" aria-controls=\"elementor-tab-content-2635\" aria-expanded=\"false\">\n\t\t\t\t\t\t\t\t\t\t\t\t<a class=\"elementor-accordion-title\" tabindex=\"0\">Puis-je choisir la devise dans laquelle je paie ?<\/a>\n\t\t\t\t\t<\/div>\n\t\t\t\t\t<div id=\"elementor-tab-content-2635\" class=\"elementor-tab-content elementor-clearfix\" data-tab=\"5\" role=\"region\" aria-labelledby=\"elementor-tab-title-2635\">For UAE, KSA, Kuwait &amp; Qatar: You can choose your country and your currency on top of any page to make your navigation easy as well as at the checkout point.<\/div>\n\t\t\t\t<\/div>\n\t\t\t\t\t\t\t<div class=\"elementor-accordion-item\">\n\t\t\t\t\t<div id=\"elementor-tab-title-2636\" class=\"elementor-tab-title\" data-tab=\"6\" role=\"button\" aria-controls=\"elementor-tab-content-2636\" aria-expanded=\"false\">\n\t\t\t\t\t\t\t\t\t\t\t\t<a class=\"elementor-accordion-title\" tabindex=\"0\">Si je vends des produits Weider, puis-je \u00eatre un revendeur autoris\u00e9 sur le site ?<\/a>\n\t\t\t\t\t<\/div>\n\t\t\t\t\t<div id=\"elementor-tab-content-2636\" class=\"elementor-tab-content elementor-clearfix\" data-tab=\"6\" role=\"region\" aria-labelledby=\"elementor-tab-title-2636\"><p>Bien entendu, il vous suffit de nous envoyer vos donn\u00e9es clients : code client, nom de l'entreprise, num\u00e9ro de t\u00e9l\u00e9phone, adresse et adresse \u00e9lectronique. Envoyez-les \u00e0\u00a0<a href=\"mailto:clientes@weider.es\">clientes@weider.es<\/a><\/p><p>Toutes ces donn\u00e9es seront valid\u00e9es et plac\u00e9es sur la carte des \"points de vente autoris\u00e9s\".<\/p><p><a href=\"https:\/\/weider.es\/fr\/points-de-vente\/\">https:\/\/weider.es\/puntos-de-venta\/<\/a><\/p><\/div>\n\t\t\t\t<\/div>\n\t\t\t\t\t\t\t<div class=\"elementor-accordion-item\">\n\t\t\t\t\t<div id=\"elementor-tab-title-2637\" class=\"elementor-tab-title\" data-tab=\"7\" role=\"button\" aria-controls=\"elementor-tab-content-2637\" aria-expanded=\"false\">\n\t\t\t\t\t\t\t\t\t\t\t\t<a class=\"elementor-accordion-title\" tabindex=\"0\">Si je veux vendre Weider, que dois-je faire ?<\/a>\n\t\t\t\t\t<\/div>\n\t\t\t\t\t<div id=\"elementor-tab-content-2637\" class=\"elementor-tab-content elementor-clearfix\" data-tab=\"7\" role=\"region\" aria-labelledby=\"elementor-tab-title-2637\"><p>En haut de la page d'accueil, il y a une section o\u00f9 il est dit \"Voulez-vous vendre Weider ?\u00a0<a href=\"https:\/\/weider.es\/fr\/conocenos-weider-espana\/ser-distribuidor\/\">https:\/\/weider.es\/conocenos-weider-espana\/ser-distribuidor\/<\/a>\u00a0<\/p><p>Il existe une section pour les salles de sport et une autre pour les magasins, s\u00e9lectionnez celle qui correspond \u00e0 votre type d'entreprise.<\/p><p>En bas de la page, vous trouverez un formulaire \u00e0 remplir et nous vous contacterons d\u00e8s que possible pour compl\u00e9ter le processus.<\/p><\/div>\n\t\t\t\t<\/div>\n\t\t\t\t\t\t\t<div class=\"elementor-accordion-item\">\n\t\t\t\t\t<div id=\"elementor-tab-title-2638\" class=\"elementor-tab-title\" data-tab=\"8\" role=\"button\" aria-controls=\"elementor-tab-content-2638\" aria-expanded=\"false\">\n\t\t\t\t\t\t\t\t\t\t\t\t<a class=\"elementor-accordion-title\" tabindex=\"0\">Parrainages et \u00e9v\u00e9nements<\/a>\n\t\t\t\t\t<\/div>\n\t\t\t\t\t<div id=\"elementor-tab-content-2638\" class=\"elementor-tab-content elementor-clearfix\" data-tab=\"8\" role=\"region\" aria-labelledby=\"elementor-tab-title-2638\"><p>Pour demander un parrainage en tant qu'athl\u00e8te ou pour parrainer un \u00e9v\u00e9nement, il est pr\u00e9f\u00e9rable d'\u00e9crire \u00e0 l'adresse \u00e9lectronique suivante\u00a0<a href=\"mailto:pceron@weider.es\">pceron@weider.es\u00a0<\/a>Vous recevrez une r\u00e9ponse dans quelques jours.<\/p><\/div>\n\t\t\t\t<\/div>\n\t\t\t\t\t\t\t\t<\/div>\n\t\t\t\t<\/div>\n\t\t\t\t<\/div>\n\t\t\t\t\t<\/div>\n\t\t<\/div>\n\t\t\t\t\t<\/div>\n\t\t<\/section>\n\t\t\t\t<\/div>","protected":false},"excerpt":{"rendered":"<p>Preguntas Frecuentes \u00bfD\u00f3nde encontrar productos Weider? Nuestros productos puedes encontrarlos en diferentes supermercados y grandes superficies como puede ser El Corte Ingles, Carrefour, Alcampo, Aldi, Decathlon,\u2026 pero adem\u00e1s estamos en [\u2026]<\/p>","protected":false},"author":2,"featured_media":0,"parent":0,"menu_order":0,"comment_status":"closed","ping_status":"closed","template":"","meta":{"inline_featured_image":false,"footnotes":""},"acf":[],"_links":{"self":[{"href":"https:\/\/weider.es\/fr\/wp-json\/wp\/v2\/pages\/39326"}],"collection":[{"href":"https:\/\/weider.es\/fr\/wp-json\/wp\/v2\/pages"}],"about":[{"href":"https:\/\/weider.es\/fr\/wp-json\/wp\/v2\/types\/page"}],"author":[{"embeddable":true,"href":"https:\/\/weider.es\/fr\/wp-json\/wp\/v2\/users\/2"}],"replies":[{"embeddable":true,"href":"https:\/\/weider.es\/fr\/wp-json\/wp\/v2\/comments?post=39326"}],"version-history":[{"count":0,"href":"https:\/\/weider.es\/fr\/wp-json\/wp\/v2\/pages\/39326\/revisions"}],"wp:attachment":[{"href":"https:\/\/weider.es\/fr\/wp-json\/wp\/v2\/media?parent=39326"}],"curies":[{"name":"wp","href":"https:\/\/api.w.org\/{rel}","templated":true}]}}