{"id":50451,"date":"2024-04-11T12:37:59","date_gmt":"2024-04-11T10:37:59","guid":{"rendered":"https:\/\/weider.es\/?page_id=50451"},"modified":"2025-02-26T11:12:54","modified_gmt":"2025-02-26T10:12:54","slug":"conocenos","status":"publish","type":"page","link":"https:\/\/weider.es\/fr\/conocenos\/","title":{"rendered":"Nous conna\u00eetre"},"content":{"rendered":"<div data-elementor-type=\"wp-page\" data-elementor-id=\"50451\" class=\"elementor elementor-50451\">\n\t\t\t\t\t\t<section class=\"elementor-section elementor-top-section elementor-element elementor-element-c17c004 we-about-us-hero elementor-section-boxed elementor-section-height-default elementor-section-height-default\" data-id=\"c17c004\" data-element_type=\"section\" data-settings=\"{&quot;background_background&quot;:&quot;classic&quot;}\">\n\t\t\t\t\t\t<div class=\"elementor-container elementor-column-gap-default\">\n\t\t\t\t\t<div class=\"elementor-column elementor-col-100 elementor-top-column elementor-element elementor-element-8ef71fb\" data-id=\"8ef71fb\" data-element_type=\"column\">\n\t\t\t<div class=\"elementor-widget-wrap elementor-element-populated\">\n\t\t\t\t\t\t<div class=\"elementor-element elementor-element-9b300da we-about-us-hero__title elementor-widget elementor-widget-heading\" data-id=\"9b300da\" data-element_type=\"widget\" data-widget_type=\"heading.default\">\n\t\t\t\t<div class=\"elementor-widget-container\">\n\t\t\t<style>\/*! elementor - v3.20.0 - 20-03-2024 *\/\n.elementor-heading-title{padding:0;margin:0;line-height:1}.elementor-widget-heading .elementor-heading-title[class*=elementor-size-]>a{color:inherit;font-size:inherit;line-height:inherit}.elementor-widget-heading .elementor-heading-title.elementor-size-small{font-size:15px}.elementor-widget-heading .elementor-heading-title.elementor-size-medium{font-size:19px}.elementor-widget-heading .elementor-heading-title.elementor-size-large{font-size:29px}.elementor-widget-heading .elementor-heading-title.elementor-size-xl{font-size:39px}.elementor-widget-heading .elementor-heading-title.elementor-size-xxl{font-size:59px}<\/style><h2 class=\"elementor-heading-title elementor-size-default\">\u00c0 PROPOS DE NOUS<\/h2>\t\t<\/div>\n\t\t\t\t<\/div>\n\t\t\t\t<div class=\"elementor-element elementor-element-e918b4d we-about-us-hero__subtitle elementor-widget elementor-widget-text-editor\" data-id=\"e918b4d\" data-element_type=\"widget\" data-widget_type=\"text-editor.default\">\n\t\t\t\t<div class=\"elementor-widget-container\">\n\t\t\t<style>\/*! elementor - v3.20.0 - 20-03-2024 *\/\n.elementor-widget-text-editor.elementor-drop-cap-view-stacked .elementor-drop-cap{background-color:#69727d;color:#fff}.elementor-widget-text-editor.elementor-drop-cap-view-framed .elementor-drop-cap{color:#69727d;border:3px solid;background-color:transparent}.elementor-widget-text-editor:not(.elementor-drop-cap-view-default) .elementor-drop-cap{margin-top:8px}.elementor-widget-text-editor:not(.elementor-drop-cap-view-default) .elementor-drop-cap-letter{width:1em;height:1em}.elementor-widget-text-editor .elementor-drop-cap{float:left;text-align:center;line-height:1;font-size:50px}.elementor-widget-text-editor .elementor-drop-cap-letter{display:inline-block}<\/style>\t\t\t\t<p>Cela peut \u00eatre le d\u00e9but d'une grande amiti\u00e9<\/p>\t\t\t\t\t\t<\/div>\n\t\t\t\t<\/div>\n\t\t\t\t\t<\/div>\n\t\t<\/div>\n\t\t\t\t\t<\/div>\n\t\t<\/section>\n\t\t\t\t<section class=\"elementor-section elementor-top-section elementor-element elementor-element-496491b2 we-link-boxes we-outside we-three-columns elementor-section-boxed elementor-section-height-default elementor-section-height-default\" data-id=\"496491b2\" data-element_type=\"section\">\n\t\t\t\t\t\t<div class=\"elementor-container elementor-column-gap-default\">\n\t\t\t\t\t<div class=\"elementor-column elementor-col-100 elementor-top-column elementor-element elementor-element-5ad76793\" data-id=\"5ad76793\" data-element_type=\"column\">\n\t\t\t<div class=\"elementor-widget-wrap elementor-element-populated\">\n\t\t\t\t\t\t<div class=\"elementor-element elementor-element-7adcf4 elementor-widget elementor-widget-heading\" data-id=\"7adcf4\" data-element_type=\"widget\" data-widget_type=\"heading.default\">\n\t\t\t\t<div class=\"elementor-widget-container\">\n\t\t\t<h2 class=\"elementor-heading-title elementor-size-default\">+80 ans d'exp\u00e9rience<\/h2>\t\t<\/div>\n\t\t\t\t<\/div>\n\t\t\t\t<section class=\"elementor-section elementor-inner-section elementor-element elementor-element-6a399d62 elementor-section-boxed elementor-section-height-default elementor-section-height-default\" data-id=\"6a399d62\" data-element_type=\"section\">\n\t\t\t\t\t\t<div class=\"elementor-container elementor-column-gap-default\">\n\t\t\t\t\t<div class=\"elementor-column elementor-col-33 elementor-inner-column elementor-element elementor-element-2e687735\" data-id=\"2e687735\" data-element_type=\"column\">\n\t\t\t<div class=\"elementor-widget-wrap elementor-element-populated\">\n\t\t\t\t\t\t<div class=\"elementor-element elementor-element-1b381b88 elementor-widget elementor-widget-bwp_image\" data-id=\"1b381b88\" data-element_type=\"widget\" data-widget_type=\"bwp_image.default\">\n\t\t\t\t<div class=\"elementor-widget-container\">\n\t\t\t<div class=\"bwp-widget-banner default\">\t\r\n\t<div class=\"bg-banner\">\r\n\t\t<div class=\"banner-wrapper banners\">\r\n\t\t\t\t\t\t\t<div class=\"bwp-image\">\r\n\t\t\t\t\t\t\t\t\t\t\t<a href=\"#\"><img decoding=\"async\" class=\"fade-in lazyload\" src=\"http:\/\/weider.es\/wp-content\/uploads\/2024\/04\/aboutus1.webp\" alt=\"Banner Image\"><\/a>\r\n\t\t\t\t\t\t\t\t\t<\/div>\r\n\t\t\t\t\t\t<div class=\"banner-wrapper-infor\">\r\n\t\t\t\t<div class=\"info\">\r\n\t\t\t\t\t<div class=\"content\">\r\n\t\t\t\t\t\t\t\t\t\t\t\t\t\t\t\t\t\t\t\t\t\t\t\t<div class=\"bwp-image-description\">\r\n\t\t\t\t\t\t\t\t\t\t\t\t\t\r\n\t\t\t\t\t\t\t\t<p>Notre histoire commence il y a plus de 80 ans, lorsque les fr\u00e8res\u00a0<strong>Joe et Ben Weider<\/strong>\u00a0a fond\u00e9 une petite entreprise familiale,\u00a0<strong>WEIDER NUTRITION<\/strong>fond\u00e9e sur les piliers du travail, de la confiance et de la qualit\u00e9.<\/p>\t\t\t\t\t\t\r\n\t\t\t\t\t\t\t\t\t\t\t\t\t<\/div>\t\r\n\t\t\t\t\t\t\t\t\t\t\t\t\t\t\t\t\t<\/div>\r\n\t\t\t\t<\/div>\r\n\t\t\t<\/div>\r\n\t\t<\/div>\r\n\t<\/div>\r\n<\/div>\r\n\t\t<\/div>\n\t\t\t\t<\/div>\n\t\t\t\t\t<\/div>\n\t\t<\/div>\n\t\t\t\t<div class=\"elementor-column elementor-col-33 elementor-inner-column elementor-element elementor-element-439fab2a\" data-id=\"439fab2a\" data-element_type=\"column\">\n\t\t\t<div class=\"elementor-widget-wrap elementor-element-populated\">\n\t\t\t\t\t\t<div class=\"elementor-element elementor-element-15dd96d1 elementor-widget elementor-widget-bwp_image\" data-id=\"15dd96d1\" data-element_type=\"widget\" data-widget_type=\"bwp_image.default\">\n\t\t\t\t<div class=\"elementor-widget-container\">\n\t\t\t<div class=\"bwp-widget-banner default\">\t\r\n\t<div class=\"bg-banner\">\r\n\t\t<div class=\"banner-wrapper banners\">\r\n\t\t\t\t\t\t\t<div class=\"bwp-image\">\r\n\t\t\t\t\t\t\t\t\t\t\t<a href=\"#\"><img decoding=\"async\" class=\"fade-in lazyload\" src=\"http:\/\/weider.es\/wp-content\/uploads\/2024\/04\/aboutus2.webp\" alt=\"Banner Image\"><\/a>\r\n\t\t\t\t\t\t\t\t\t<\/div>\r\n\t\t\t\t\t\t<div class=\"banner-wrapper-infor\">\r\n\t\t\t\t<div class=\"info\">\r\n\t\t\t\t\t<div class=\"content\">\r\n\t\t\t\t\t\t\t\t\t\t\t\t\t\t\t\t\t\t\t\t\t\t\t\t<div class=\"bwp-image-description\">\r\n\t\t\t\t\t\t\t\t\t\t\t\t\t\r\n\t\t\t\t\t\t\t\t<p>\u00c0 force de pers\u00e9v\u00e9rance et d'efforts, ils sont parvenus \u00e0 faire de Weider un acteur majeur de l'\u00e9conomie europ\u00e9enne.\u00a0<strong>la premi\u00e8re multinationale mondiale de nutrition sportive<\/strong>.<\/p>\t\t\t\t\t\t\r\n\t\t\t\t\t\t\t\t\t\t\t\t\t<\/div>\t\r\n\t\t\t\t\t\t\t\t\t\t\t\t\t\t\t\t\t<\/div>\r\n\t\t\t\t<\/div>\r\n\t\t\t<\/div>\r\n\t\t<\/div>\r\n\t<\/div>\r\n<\/div>\r\n\t\t<\/div>\n\t\t\t\t<\/div>\n\t\t\t\t\t<\/div>\n\t\t<\/div>\n\t\t\t\t<div class=\"elementor-column elementor-col-33 elementor-inner-column elementor-element elementor-element-ca7e994\" data-id=\"ca7e994\" data-element_type=\"column\">\n\t\t\t<div class=\"elementor-widget-wrap elementor-element-populated\">\n\t\t\t\t\t\t<div class=\"elementor-element elementor-element-60eb3b16 elementor-widget elementor-widget-bwp_image\" data-id=\"60eb3b16\" data-element_type=\"widget\" data-widget_type=\"bwp_image.default\">\n\t\t\t\t<div class=\"elementor-widget-container\">\n\t\t\t<div class=\"bwp-widget-banner default\">\t\r\n\t<div class=\"bg-banner\">\r\n\t\t<div class=\"banner-wrapper banners\">\r\n\t\t\t\t\t\t\t<div class=\"bwp-image\">\r\n\t\t\t\t\t\t\t\t\t\t\t<a href=\"#\"><img decoding=\"async\" class=\"fade-in lazyload\" src=\"http:\/\/weider.es\/wp-content\/uploads\/2024\/04\/aboutus3.webp\" alt=\"Banner Image\"><\/a>\r\n\t\t\t\t\t\t\t\t\t<\/div>\r\n\t\t\t\t\t\t<div class=\"banner-wrapper-infor\">\r\n\t\t\t\t<div class=\"info\">\r\n\t\t\t\t\t<div class=\"content\">\r\n\t\t\t\t\t\t\t\t\t\t\t\t\t\t\t\t\t\t\t\t\t\t\t\t<div class=\"bwp-image-description\">\r\n\t\t\t\t\t\t\t\t\t\t\t\t\t\r\n\t\t\t\t\t\t\t\t<p>Approuv\u00e9 par des professionnels du sport\u00a0<strong>de classe mondiale<\/strong>nous sommes pr\u00e9sents dans la\u00a0<strong>cinq continents<\/strong>\u00a0avec une gamme \u00e9tendue de produits pour les <b>v<\/b>.<\/p>\t\t\t\t\t\t\r\n\t\t\t\t\t\t\t\t\t\t\t\t\t<\/div>\t\r\n\t\t\t\t\t\t\t\t\t\t\t\t\t\t\t\t\t<\/div>\r\n\t\t\t\t<\/div>\r\n\t\t\t<\/div>\r\n\t\t<\/div>\r\n\t<\/div>\r\n<\/div>\r\n\t\t<\/div>\n\t\t\t\t<\/div>\n\t\t\t\t\t<\/div>\n\t\t<\/div>\n\t\t\t\t\t<\/div>\n\t\t<\/section>\n\t\t\t\t\t<\/div>\n\t\t<\/div>\n\t\t\t\t\t<\/div>\n\t\t<\/section>\n\t\t\t\t<section class=\"elementor-section elementor-top-section elementor-element elementor-element-5ab764e we-two-columns-primary bg-light-gray elementor-section-boxed elementor-section-height-default elementor-section-height-default\" data-id=\"5ab764e\" data-element_type=\"section\">\n\t\t\t\t\t\t<div class=\"elementor-container elementor-column-gap-default\">\n\t\t\t\t\t<div class=\"elementor-column elementor-col-50 elementor-top-column elementor-element elementor-element-ffc6865\" data-id=\"ffc6865\" data-element_type=\"column\" data-settings=\"{&quot;background_background&quot;:&quot;classic&quot;}\">\n\t\t\t<div class=\"elementor-widget-wrap\">\n\t\t\t\t\t\t\t<\/div>\n\t\t<\/div>\n\t\t\t\t<div class=\"elementor-column elementor-col-50 elementor-top-column elementor-element elementor-element-b246a05\" data-id=\"b246a05\" data-element_type=\"column\">\n\t\t\t<div class=\"elementor-widget-wrap elementor-element-populated\">\n\t\t\t\t\t\t<div class=\"elementor-element elementor-element-0b05dbd elementor-widget elementor-widget-heading\" data-id=\"0b05dbd\" data-element_type=\"widget\" data-widget_type=\"heading.default\">\n\t\t\t\t<div class=\"elementor-widget-container\">\n\t\t\t<h2 class=\"elementor-heading-title elementor-size-default\">Les fr\u00e8res Joe et Ben Weider sont consid\u00e9r\u00e9s comme...<\/h2>\t\t<\/div>\n\t\t\t\t<\/div>\n\t\t\t\t<div class=\"elementor-element elementor-element-91989ed elementor-widget elementor-widget-text-editor\" data-id=\"91989ed\" data-element_type=\"widget\" data-widget_type=\"text-editor.default\">\n\t\t\t\t<div class=\"elementor-widget-container\">\n\t\t\t\t\t\t\t<p>Ils sont consid\u00e9r\u00e9s comme les p\u00e8res du bodybuilding et connus comme les \"entra\u00eeneurs des champions\", certains aussi importants qu'Arnold Schwarzenegger. Cr\u00e9ateurs du concours M. Olympia, leur nom est rest\u00e9 dans les m\u00e9moires gr\u00e2ce \u00e0 un palmar\u00e8s impressionnant. Depuis sa cr\u00e9ation en 1936, des athl\u00e8tes, des entra\u00eeneurs et des scientifiques du monde entier ont b\u00e9n\u00e9fici\u00e9 de la vision de l'entra\u00eenement et de la nutrition des fr\u00e8res Weider.<\/p>\t\t\t\t\t\t<\/div>\n\t\t\t\t<\/div>\n\t\t\t\t\t<\/div>\n\t\t<\/div>\n\t\t\t\t\t<\/div>\n\t\t<\/section>\n\t\t\t\t<section class=\"elementor-section elementor-top-section elementor-element elementor-element-8ed5ab2 we-block-with-bg elementor-section-boxed elementor-section-height-default elementor-section-height-default\" data-id=\"8ed5ab2\" data-element_type=\"section\" data-settings=\"{&quot;background_background&quot;:&quot;classic&quot;}\">\n\t\t\t\t\t\t<div class=\"elementor-container elementor-column-gap-default\">\n\t\t\t\t\t<div class=\"elementor-column elementor-col-100 elementor-top-column elementor-element elementor-element-a33b210\" data-id=\"a33b210\" data-element_type=\"column\">\n\t\t\t<div class=\"elementor-widget-wrap elementor-element-populated\">\n\t\t\t\t\t\t<div class=\"elementor-element elementor-element-2459efd elementor-widget elementor-widget-heading\" data-id=\"2459efd\" data-element_type=\"widget\" data-widget_type=\"heading.default\">\n\t\t\t\t<div class=\"elementor-widget-container\">\n\t\t\t<h2 class=\"elementor-heading-title elementor-size-default\">Mission et valeurs<\/h2>\t\t<\/div>\n\t\t\t\t<\/div>\n\t\t\t\t<div class=\"elementor-element elementor-element-92cd3f5 elementor-widget elementor-widget-text-editor\" data-id=\"92cd3f5\" data-element_type=\"widget\" data-widget_type=\"text-editor.default\">\n\t\t\t\t<div class=\"elementor-widget-container\">\n\t\t\t\t\t\t\t<p data-prosemirror-content-type=\"node\" data-prosemirror-node-name=\"paragraph\" data-prosemirror-node-block=\"true\" data-pm-slice=\"1 1 []\">La mission du groupe <strong data-prosemirror-content-type=\"mark\" data-prosemirror-mark-name=\"strong\">Weider Global Nutrition<\/strong> est de fournir un service optimal au march\u00e9 de la nutrition sportive. Aider les gens \u00e0 obtenir les changements physiques qu'ils souhaitent gr\u00e2ce \u00e0 une nutrition sportive de la meilleure qualit\u00e9.<\/p><p data-prosemirror-content-type=\"node\" data-prosemirror-node-name=\"paragraph\" data-prosemirror-node-block=\"true\">L'engagement de <strong data-prosemirror-content-type=\"mark\" data-prosemirror-mark-name=\"strong\">WEIDER<\/strong> est de soutenir les efforts des athl\u00e8tes et des passionn\u00e9s de sport avec des produits de haut niveau cr\u00e9\u00e9s sur la base de la recherche scientifique la plus avanc\u00e9e. Tous les ingr\u00e9dients sont naturels et ne contiennent ni produits chimiques ni m\u00e9dicaments. La gamme de produits <strong data-prosemirror-content-type=\"mark\" data-prosemirror-mark-name=\"strong\">WEIDER<\/strong> est un outil formidable pour les athl\u00e8tes de toutes disciplines, m\u00eame pour les personnes actives qui suivent un mode de vie sain.<\/p>\t\t\t\t\t\t<\/div>\n\t\t\t\t<\/div>\n\t\t\t\t\t<\/div>\n\t\t<\/div>\n\t\t\t\t\t<\/div>\n\t\t<\/section>\n\t\t\t\t<section class=\"elementor-section elementor-inner-section elementor-element elementor-element-772d8ba we-quote elementor-section-boxed elementor-section-height-default elementor-section-height-default\" data-id=\"772d8ba\" data-element_type=\"section\" data-settings=\"{&quot;background_background&quot;:&quot;classic&quot;}\">\n\t\t\t\t\t\t<div class=\"elementor-container elementor-column-gap-default\">\n\t\t\t\t\t<div class=\"elementor-column elementor-col-100 elementor-inner-column elementor-element elementor-element-587dbf92\" data-id=\"587dbf92\" data-element_type=\"column\">\n\t\t\t<div class=\"elementor-widget-wrap elementor-element-populated\">\n\t\t\t\t\t\t<div class=\"elementor-element elementor-element-7e4a511 elementor-widget elementor-widget-text-editor\" data-id=\"7e4a511\" data-element_type=\"widget\" data-widget_type=\"text-editor.default\">\n\t\t\t\t<div class=\"elementor-widget-container\">\n\t\t\t\t\t\t\t<p>Les pr\u00e9dictions de Joe Weider sont une s\u00e9rie de visions et de pr\u00e9visions qu'il a faites sur l'avenir de l'exercice, de la sant\u00e9 et du bodybuilding. Elles refl\u00e8tent sa conviction que le bodybuilding et l'activit\u00e9 physique joueront un r\u00f4le crucial dans l'am\u00e9lioration de la sant\u00e9 et du bien-\u00eatre de l'humanit\u00e9. Aujourd'hui, nous consid\u00e9rons qu'il s'agit de l'une des pr\u00e9dictions les plus embl\u00e9matiques :<\/p>\t\t\t\t\t\t<\/div>\n\t\t\t\t<\/div>\n\t\t\t\t<div class=\"elementor-element elementor-element-965f9be elementor-widget elementor-widget-bwp_testimonial\" data-id=\"965f9be\" data-element_type=\"widget\" data-widget_type=\"bwp_testimonial.default\">\n\t\t\t\t<div class=\"elementor-widget-container\">\n\t\t\t<div class=\"bwp-testimonial default nav-show-hover\">\r\n\t<div class=\"block\">\r\n\t\t\t\t<div class=\"block_content\">\r\n\t\t\t<div id=\"testimonial_9189467311776496157\" class=\"slick-carousel\" data-autoplay=\"true\" data-centermode=\"true\" data-slidestoscroll=\"true\" data-nav=\"true\" data-dots=\"0\" data-columns4=\"1\" data-columns3=\"1\" data-columns2=\"1\" data-columns1=\"1\" data-columns=\"1\">\r\n\t\t\t\t\t\t\t\t\t\t\t\t\t\t\t<div class=\"testimonial-content\">\r\n\t\t\t\t\t\t\t\t\t\t\t\t\t\t\t\t\t<div class=\"item\">\r\n\t\t\t\t\t\t\t\t\t\t\t\t\t\t\t<div class=\"testimonial-quotes\">\r\n\t\t\t\t\t\t\t\t\t<svg xmlns=\"http:\/\/www.w3.org\/2000\/svg\" xmlns:xlink=\"http:\/\/www.w3.org\/1999\/xlink\" xmlns:svgjs=\"http:\/\/svgjs.com\/svgjs\" width=\"512\" height=\"512\" x=\"0\" y=\"0\" viewbox=\"0 0 32 32\" style=\"enable-background:new 0 0 512 512\" xml:space=\"preserve\"><g><path d=\"M0 4v24l12-12V4zM20 4v24l12-12V4z\" style=\"\" fill=\"\" data-original=\"\"><\/path><\/g><\/svg>\t\t\t\t\t\t\t\t<\/div>\r\n\t\t\t\t\t\t\t\t\t\t\t\t\t\t\t\t\t\t\t\t\t\t\t\t\t\t\t\t<div class=\"testimonial-info\">\r\n\t\t\t\t\t\t\t\t<div class=\"testimonial-customer-position\"><p class=\"post-excerpt\">Reconna\u00eetre l'importance de l'exercice syst\u00e9matique et des activit\u00e9s physiques pour pr\u00e9venir et combattre les maux de la civilisation.\n<\/p><\/div>\r\n\t\t\t\t\t\t\t\t<div class=\"testimonial-flex\">\r\n\t\t\t\t\t\t\t\t\t<h2 class=\"testimonial-customer-name\">Joe Weider<\/h2>\r\n\t\t\t\t\t\t\t\t\t\t\t\t\t\t\t\t\t<\/div>\r\n\t\t\t\t\t\t\t<\/div>\r\n\t\t\t\t\t\t<\/div>\r\n\t\t\t\t\t\t<!-- Wrapper for slides -->\r\n\t\t\t\t\t \r\n\t\t\t\t\t<\/div>\r\n\t\t\t\t\t\t\t\t\t\t\t\t<\/div>\r\n\t\t<\/div>\r\n\t<\/div>\r\n<\/div>\r\n\t\t<\/div>\n\t\t\t\t<\/div>\n\t\t\t\t\t<\/div>\n\t\t<\/div>\n\t\t\t\t\t<\/div>\n\t\t<\/section>\n\t\t\t\t<section class=\"elementor-section elementor-top-section elementor-element elementor-element-59e7250 we-two-columns-white we-two-columns-left elementor-section-boxed elementor-section-height-default elementor-section-height-default\" data-id=\"59e7250\" data-element_type=\"section\">\n\t\t\t\t\t\t<div class=\"elementor-container elementor-column-gap-default\">\n\t\t\t\t\t<div class=\"elementor-column elementor-col-50 elementor-top-column elementor-element elementor-element-434d99e\" data-id=\"434d99e\" data-element_type=\"column\" data-settings=\"{&quot;background_background&quot;:&quot;classic&quot;}\">\n\t\t\t<div class=\"elementor-widget-wrap\">\n\t\t\t\t\t\t\t<\/div>\n\t\t<\/div>\n\t\t\t\t<div class=\"elementor-column elementor-col-50 elementor-top-column elementor-element elementor-element-03684d0\" data-id=\"03684d0\" data-element_type=\"column\">\n\t\t\t<div class=\"elementor-widget-wrap elementor-element-populated\">\n\t\t\t\t\t\t<div class=\"elementor-element elementor-element-d10724b elementor-widget elementor-widget-heading\" data-id=\"d10724b\" data-element_type=\"widget\" data-widget_type=\"heading.default\">\n\t\t\t\t<div class=\"elementor-widget-container\">\n\t\t\t<h2 class=\"elementor-heading-title elementor-size-default\">QUALIT\u00c9 ET INNOVATION<\/h2>\t\t<\/div>\n\t\t\t\t<\/div>\n\t\t\t\t<div class=\"elementor-element elementor-element-bc661c8 elementor-widget elementor-widget-text-editor\" data-id=\"bc661c8\" data-element_type=\"widget\" data-widget_type=\"text-editor.default\">\n\t\t\t\t<div class=\"elementor-widget-container\">\n\t\t\t\t\t\t\t<p>La philosophie de Joe Weider a toujours \u00e9t\u00e9 de garantir la plus haute qualit\u00e9. C'est pourquoi nos \u00e9quipes de d\u00e9veloppement aux \u00c9tats-Unis, en Allemagne et en Espagne se concentrent sur le contr\u00f4le des mati\u00e8res premi\u00e8res, des processus de production et de l'emballage.<\/p><p>Nos compl\u00e9ments WEIDER sont conformes aux normes BPF (Bonnes Pratiques de Fabrication) afin de garantir un haut niveau d'efficacit\u00e9 sans compromettre la sant\u00e9 de nos consommateurs.<\/p><p>La qualit\u00e9 et l'innovation sont notre priorit\u00e9. Nous utilisons les meilleures mati\u00e8res premi\u00e8res car nous pensons que la qualit\u00e9 est un investissement, les produits de mauvaise qualit\u00e9 pouvant \u00eatre nocifs pour la sant\u00e9. C'est ainsi que nous garantissons la meilleure assimilation, \u00e9nergie et r\u00e9cup\u00e9ration de la nutrition intelligente.<\/p>\t\t\t\t\t\t<\/div>\n\t\t\t\t<\/div>\n\t\t\t\t\t<\/div>\n\t\t<\/div>\n\t\t\t\t\t<\/div>\n\t\t<\/section>\n\t\t\t\t<section class=\"elementor-section elementor-top-section elementor-element elementor-element-3a646c6 we-text-block bg-light-gray elementor-section-boxed elementor-section-height-default elementor-section-height-default\" data-id=\"3a646c6\" data-element_type=\"section\">\n\t\t\t\t\t\t<div class=\"elementor-container elementor-column-gap-default\">\n\t\t\t\t\t<div class=\"elementor-column elementor-col-100 elementor-top-column elementor-element elementor-element-6447f9c\" data-id=\"6447f9c\" data-element_type=\"column\">\n\t\t\t<div class=\"elementor-widget-wrap elementor-element-populated\">\n\t\t\t\t\t\t<div class=\"elementor-element elementor-element-1125b25 elementor-widget elementor-widget-text-editor\" data-id=\"1125b25\" data-element_type=\"widget\" data-widget_type=\"text-editor.default\">\n\t\t\t\t<div class=\"elementor-widget-container\">\n\t\t\t\t\t\t\t<p>Depuis des d\u00e9cennies, nous nous consacrons \u00e0 la fabrication de compl\u00e9ments alimentaires pour les athl\u00e8tes. Nos \u00e9quipes de recherche et de d\u00e9veloppement cr\u00e9ent des produits qui repr\u00e9sentent le nec plus ultra en mati\u00e8re de nutrition pour les athl\u00e8tes de toutes les disciplines. Et bien s\u00fbr, notre soci\u00e9t\u00e9 soutient le sport propre, sans substances interdites dans la pratique du sport, ce que l'on appelle \"No doping\" ou \"doping-free\" (sans dopage).<\/p>\t\t\t\t\t\t<\/div>\n\t\t\t\t<\/div>\n\t\t\t\t\t<\/div>\n\t\t<\/div>\n\t\t\t\t\t<\/div>\n\t\t<\/section>\n\t\t\t\t<section class=\"elementor-section elementor-top-section elementor-element elementor-element-35fd18d we-video bg-light-gray elementor-section-boxed elementor-section-height-default elementor-section-height-default\" data-id=\"35fd18d\" data-element_type=\"section\">\n\t\t\t\t\t\t<div class=\"elementor-container elementor-column-gap-default\">\n\t\t\t\t\t<div class=\"elementor-column elementor-col-100 elementor-top-column elementor-element elementor-element-6e24442\" data-id=\"6e24442\" data-element_type=\"column\">\n\t\t\t<div class=\"elementor-widget-wrap elementor-element-populated\">\n\t\t\t\t\t\t<section class=\"elementor-section elementor-inner-section elementor-element elementor-element-c7f63f3 elementor-section-boxed elementor-section-height-default elementor-section-height-default\" data-id=\"c7f63f3\" data-element_type=\"section\" data-settings=\"{&quot;background_background&quot;:&quot;classic&quot;}\">\n\t\t\t\t\t\t<div class=\"elementor-container elementor-column-gap-default\">\n\t\t\t\t\t<div class=\"elementor-column elementor-col-100 elementor-inner-column elementor-element elementor-element-00bc135\" data-id=\"00bc135\" data-element_type=\"column\">\n\t\t\t<div class=\"elementor-widget-wrap elementor-element-populated\">\n\t\t\t\t\t\t<div class=\"elementor-element elementor-element-b3238ce elementor-widget elementor-widget-bwp_video\" data-id=\"b3238ce\" data-element_type=\"widget\" data-widget_type=\"bwp_video.default\">\n\t\t\t\t<div class=\"elementor-widget-container\">\n\t\t\t<div class=\"bwp-widget-video default\">\r\n\t\t\t<div class=\"content\">\r\n\t\t\t\t<div class=\"bwp-video modal\" data-src=\"https:\/\/www.youtube.com\/embed\/v6toaKhWcoc\">\r\n\t\t\t\t\t\t\t<svg xmlns=\"http:\/\/www.w3.org\/2000\/svg\" xmlns:xlink=\"http:\/\/www.w3.org\/1999\/xlink\" xmlns:svgjs=\"http:\/\/svgjs.com\/svgjs\" width=\"512\" height=\"512\" x=\"0\" y=\"0\" viewbox=\"0 0 474 474.933\" style=\"enable-background:new 0 0 512 512\" xml:space=\"preserve\" class=\"\"><g transform=\"matrix(1.0000000000000009,4.898587196589417e-16,4.898587196589417e-16,-1.0000000000000009,54.99999999999966,474.93399047851557)\"><path d=\"M.465 474.934V0l368.137 237.465zM21.8 39.199v396.535l307.465-198.27zm0 0\" fill=\"\" opacity=\"1\" data-original=\"\" class=\"\"><\/path><\/g><\/svg>\t\t\t\t\t<\/div>\r\n\t\t<div class=\"content-video modal fade\" id=\"myModal\">\r\n\t\t\t<div class=\"remove-show-modal\"><\/div>\r\n\t\t\t<div class=\"modal-dialog modal-dialog-centered\">\r\n\t\t\t\t\t\t\t\t\t<iframe id=\"video\" src=\"https:\/\/www.youtube.com\/embed\/v6toaKhWcoc\" title=\"YouTube video player\" frameborder=\"0\" allow=\"accelerometer; autoplay; clipboard-write; encrypted-media; gyroscope; picture-in-picture\" allowfullscreen><\/iframe>\r\n\t\t\t\t\t\t\t<\/div>\r\n\t\t<\/div>\r\n\t<\/div>\r\n\t<\/div>\r\n\t\t<\/div>\n\t\t\t\t<\/div>\n\t\t\t\t\t<\/div>\n\t\t<\/div>\n\t\t\t\t\t<\/div>\n\t\t<\/section>\n\t\t\t\t\t<\/div>\n\t\t<\/div>\n\t\t\t\t\t<\/div>\n\t\t<\/section>\n\t\t\t\t<\/div>","protected":false},"excerpt":{"rendered":"<p>CON\u00d3CENOS \u00c9ste puede ser el comienzo de una gran amistad +80 a\u00f1os de experiencia Nuestra historia comienza hace m\u00e1s de 80 a\u00f1os cuando\u00a0los hermanos\u00a0Joe y Ben Weider\u00a0fundaron\u00a0una peque\u00f1a\u00a0empresa familiar,\u00a0WEIDER NUTRITION,\u00a0bas\u00e1ndose [\u2026]<\/p>","protected":false},"author":24,"featured_media":0,"parent":0,"menu_order":0,"comment_status":"closed","ping_status":"closed","template":"page-templates\/homepage.php","meta":{"inline_featured_image":false,"footnotes":""},"acf":[],"_links":{"self":[{"href":"https:\/\/weider.es\/fr\/wp-json\/wp\/v2\/pages\/50451"}],"collection":[{"href":"https:\/\/weider.es\/fr\/wp-json\/wp\/v2\/pages"}],"about":[{"href":"https:\/\/weider.es\/fr\/wp-json\/wp\/v2\/types\/page"}],"author":[{"embeddable":true,"href":"https:\/\/weider.es\/fr\/wp-json\/wp\/v2\/users\/24"}],"replies":[{"embeddable":true,"href":"https:\/\/weider.es\/fr\/wp-json\/wp\/v2\/comments?post=50451"}],"version-history":[{"count":10,"href":"https:\/\/weider.es\/fr\/wp-json\/wp\/v2\/pages\/50451\/revisions"}],"predecessor-version":[{"id":55621,"href":"https:\/\/weider.es\/fr\/wp-json\/wp\/v2\/pages\/50451\/revisions\/55621"}],"wp:attachment":[{"href":"https:\/\/weider.es\/fr\/wp-json\/wp\/v2\/media?parent=50451"}],"curies":[{"name":"wp","href":"https:\/\/api.w.org\/{rel}","templated":true}]}}