{"id":51370,"date":"2024-04-19T08:41:11","date_gmt":"2024-04-19T06:41:11","guid":{"rendered":"https:\/\/weider.es\/?page_id=51370"},"modified":"2024-07-24T11:45:15","modified_gmt":"2024-07-24T09:45:15","slug":"aviso-legal","status":"publish","type":"page","link":"https:\/\/weider.es\/fr\/avis-juridique\/","title":{"rendered":"Avis juridique"},"content":{"rendered":"<div data-elementor-type=\"wp-page\" data-elementor-id=\"51370\" class=\"elementor elementor-51370\">\n\t\t\t\t\t\t<section class=\"elementor-section elementor-top-section elementor-element elementor-element-4e1abbb we-legales elementor-section-boxed elementor-section-height-default elementor-section-height-default\" data-id=\"4e1abbb\" data-element_type=\"section\">\n\t\t\t\t\t\t<div class=\"elementor-container elementor-column-gap-default\">\n\t\t\t\t\t<div class=\"elementor-column elementor-col-100 elementor-top-column elementor-element elementor-element-be9f196\" data-id=\"be9f196\" data-element_type=\"column\">\n\t\t\t<div class=\"elementor-widget-wrap elementor-element-populated\">\n\t\t\t\t\t\t<div class=\"elementor-element elementor-element-113abc6 elementor-widget elementor-widget-heading\" data-id=\"113abc6\" data-element_type=\"widget\" data-widget_type=\"heading.default\">\n\t\t\t\t<div class=\"elementor-widget-container\">\n\t\t\t<style>\/*! elementor - v3.20.0 - 20-03-2024 *\/\n.elementor-heading-title{padding:0;margin:0;line-height:1}.elementor-widget-heading .elementor-heading-title[class*=elementor-size-]>a{color:inherit;font-size:inherit;line-height:inherit}.elementor-widget-heading .elementor-heading-title.elementor-size-small{font-size:15px}.elementor-widget-heading .elementor-heading-title.elementor-size-medium{font-size:19px}.elementor-widget-heading .elementor-heading-title.elementor-size-large{font-size:29px}.elementor-widget-heading .elementor-heading-title.elementor-size-xl{font-size:39px}.elementor-widget-heading .elementor-heading-title.elementor-size-xxl{font-size:59px}<\/style><h1 class=\"elementor-heading-title elementor-size-default\">Avis juridique<\/h1>\t\t<\/div>\n\t\t\t\t<\/div>\n\t\t\t\t<div class=\"elementor-element elementor-element-7a42e93 elementor-widget elementor-widget-text-editor\" data-id=\"7a42e93\" data-element_type=\"widget\" data-widget_type=\"text-editor.default\">\n\t\t\t\t<div class=\"elementor-widget-container\">\n\t\t\t<style>\/*! elementor - v3.20.0 - 20-03-2024 *\/\n.elementor-widget-text-editor.elementor-drop-cap-view-stacked .elementor-drop-cap{background-color:#69727d;color:#fff}.elementor-widget-text-editor.elementor-drop-cap-view-framed .elementor-drop-cap{color:#69727d;border:3px solid;background-color:transparent}.elementor-widget-text-editor:not(.elementor-drop-cap-view-default) .elementor-drop-cap{margin-top:8px}.elementor-widget-text-editor:not(.elementor-drop-cap-view-default) .elementor-drop-cap-letter{width:1em;height:1em}.elementor-widget-text-editor .elementor-drop-cap{float:left;text-align:center;line-height:1;font-size:50px}.elementor-widget-text-editor .elementor-drop-cap-letter{display:inline-block}<\/style>\t\t\t\t<h2><strong>Identification et propri\u00e9t\u00e9<\/strong><\/h2><p>Conform\u00e9ment \u00e0 l'article 10 de la loi 34 \/ 2002, du 11 juillet 2002, sur les services de la soci\u00e9t\u00e9 de l'information (Ley 34 \/ 2002, de 11 de julio, de Servicios de la Sociedad de la Sociedad de la<br \/>Information et commerce \u00e9lectronique, le titulaire indique ses donn\u00e9es d'identification.<br \/>- Entreprise : Weider Nutrition SL<br \/>- NUM\u00c9RO DE TVA : B-81523888<br \/>- Adresse : Pol. Ind. Urtinsa 2, Calle Electr\u00f3nica, 39, 41, 28923 Alcorc\u00f3n, Madrid<br \/>- Courriel : videos@weider.es<br \/>- Site web : weider.co.uk<\/p><h2><strong>Objectif<\/strong><\/h2><p>L'objectif du site weider.co.uk est l'objectif de weider.co.uk.<\/p><h2><strong>Conditions d'utilisation<\/strong><\/h2><p>L'utilisation du site Web vous conf\u00e8re le statut d'utilisateur et implique la pleine acceptation de toutes les clauses et conditions d'utilisation incluses dans les pages :<br \/>- Avis juridique<br \/>- Politique de confidentialit\u00e9<br \/>- Politique en mati\u00e8re de cookies<br \/>Si vous n'\u00eates pas d'accord avec chacun de ces termes et conditions, veuillez vous abstenir d'utiliser ce site web. L'acc\u00e8s \u00e0 ce site n'implique en aucun cas l'\u00e9tablissement d'une relation d'affaires avec le propri\u00e9taire.<br \/>Par l'interm\u00e9diaire de ce site web, le propri\u00e9taire vous permet d'acc\u00e9der et d'utiliser divers contenus que le propri\u00e9taire ou ses collaborateurs ont publi\u00e9s sur Internet.<br \/>\u00c0 cette fin, vous avez l'obligation et l'engagement de NE PAS utiliser les contenus du site web \u00e0 des fins ou \u00e0 des effets illicites, interdits par le pr\u00e9sent avis juridique ou par la l\u00e9gislation en vigueur, pr\u00e9judiciables aux droits et aux int\u00e9r\u00eats de tiers ou susceptibles d'endommager, de d\u00e9sactiver, de surcharger, de d\u00e9t\u00e9riorer ou d'alt\u00e9rer de quelque mani\u00e8re que ce soit les \u00e9l\u00e9ments suivants<br \/>ou emp\u00eacher l'utilisation normale du contenu, de l'\u00e9quipement informatique ou des documents, fichiers et tous types de contenu stock\u00e9s dans tout \u00e9quipement informatique appartenant ou sous-trait\u00e9 par le propri\u00e9taire, d'autres utilisateurs ou tout utilisateur d'Internet.<\/p><h2><strong>Mesures de s\u00e9curit\u00e9<\/strong><\/h2><p>Les donn\u00e9es personnelles que vous fournissez au Titulaire peuvent \u00eatre stock\u00e9es dans des bases de donn\u00e9es automatis\u00e9es ou non, dont la propri\u00e9t\u00e9 revient exclusivement au Titulaire, qui assume toutes les mesures techniques, organisationnelles et de s\u00e9curit\u00e9 garantissant la confidentialit\u00e9, l'int\u00e9grit\u00e9 et la qualit\u00e9 des informations qui y sont contenues, conform\u00e9ment aux dispositions de la l\u00e9gislation en vigueur en mati\u00e8re de protection des donn\u00e9es. Toutefois, vous devez savoir que les mesures de s\u00e9curit\u00e9 des syst\u00e8mes informatiques sur Internet ne sont pas enti\u00e8rement fiables et que, par cons\u00e9quent, le Titulaire ne peut pas garantir l'absence de virus ou d'autres \u00e9l\u00e9ments susceptibles de provoquer des alt\u00e9rations dans les syst\u00e8mes informatiques (logiciels et mat\u00e9riels) de l'Utilisateur ou dans ses documents \u00e9lectroniques et les fichiers qu'ils contiennent, bien que le Titulaire mette en \u0153uvre tous les moyens n\u00e9cessaires et prenne les mesures de s\u00e9curit\u00e9 appropri\u00e9es pour emp\u00eacher la pr\u00e9sence de ces \u00e9l\u00e9ments nuisibles.<\/p><h2><strong>D<\/strong><strong>attestations personnelles<\/strong><\/h2><p>Vous pouvez consulter toutes les informations relatives au traitement des donn\u00e9es personnelles collect\u00e9es par le contr\u00f4leur des donn\u00e9es sur la page Politique de confidentialit\u00e9.<\/p><h2><strong>Contenu<\/strong><\/h2><p>Le propri\u00e9taire a obtenu les informations, le contenu multim\u00e9dia et les mat\u00e9riaux contenus sur le site Web \u00e0 partir de sources qu'il estime fiables, mais bien qu'il ait pris toutes les mesures raisonnables pour s'assurer que les informations contenues sont correctes, le propri\u00e9taire ne garantit pas qu'elles sont exactes, compl\u00e8tes ou \u00e0 jour. Le propri\u00e9taire d\u00e9cline express\u00e9ment toute responsabilit\u00e9 en cas d'erreurs ou d'omissions dans les informations contenues sur ce site web.<br \/>sur les pages de ce site web. Il est interdit de transmettre ou d'envoyer par l'interm\u00e9diaire du site Web tout contenu ill\u00e9gal ou illicite, des virus informatiques ou des messages qui, en g\u00e9n\u00e9ral, affectent ou violent les droits du propri\u00e9taire ou de tiers. Le contenu du site Web est uniquement destin\u00e9 \u00e0 des fins d'information et ne doit en aucun cas \u00eatre utilis\u00e9 ou consid\u00e9r\u00e9 comme une offre de vente, une sollicitation d'offre d'achat ou une recommandation d'effectuer toute autre transaction, sauf mention expresse. Le propri\u00e9taire se r\u00e9serve le droit de modifier, suspendre, annuler ou restreindre le contenu du site web, les liens ou les informations obtenues par le biais du site web, sans pr\u00e9avis.<br \/>Le Propri\u00e9taire n'est pas responsable des dommages qui pourraient r\u00e9sulter de l'utilisation des informations sur le site web ou des informations contenues dans les r\u00e9seaux sociaux du Propri\u00e9taire.<\/p>\t\t\t\t\t\t<\/div>\n\t\t\t\t<\/div>\n\t\t\t\t\t<\/div>\n\t\t<\/div>\n\t\t\t\t\t<\/div>\n\t\t<\/section>\n\t\t\t\t<\/div>","protected":false},"excerpt":{"rendered":"<p>Aviso Legal Identificaci\u00f3n y Titularidad En cumplimiento del art\u00edculo 10 de la Ley 34 \/ 2002, de 11 de julio, de Servicios de la Sociedad de laInformaci\u00f3n y Comercio Electr\u00f3nico, [\u2026]<\/p>","protected":false},"author":24,"featured_media":0,"parent":0,"menu_order":0,"comment_status":"closed","ping_status":"closed","template":"","meta":{"inline_featured_image":false,"footnotes":""},"acf":[],"_links":{"self":[{"href":"https:\/\/weider.es\/fr\/wp-json\/wp\/v2\/pages\/51370"}],"collection":[{"href":"https:\/\/weider.es\/fr\/wp-json\/wp\/v2\/pages"}],"about":[{"href":"https:\/\/weider.es\/fr\/wp-json\/wp\/v2\/types\/page"}],"author":[{"embeddable":true,"href":"https:\/\/weider.es\/fr\/wp-json\/wp\/v2\/users\/24"}],"replies":[{"embeddable":true,"href":"https:\/\/weider.es\/fr\/wp-json\/wp\/v2\/comments?post=51370"}],"version-history":[{"count":0,"href":"https:\/\/weider.es\/fr\/wp-json\/wp\/v2\/pages\/51370\/revisions"}],"wp:attachment":[{"href":"https:\/\/weider.es\/fr\/wp-json\/wp\/v2\/media?parent=51370"}],"curies":[{"name":"wp","href":"https:\/\/api.w.org\/{rel}","templated":true}]}}