{"id":51396,"date":"2024-04-19T08:52:06","date_gmt":"2024-04-19T06:52:06","guid":{"rendered":"https:\/\/weider.es\/?page_id=51396"},"modified":"2024-04-19T08:56:23","modified_gmt":"2024-04-19T06:56:23","slug":"politica-de-privacidad","status":"publish","type":"page","link":"https:\/\/weider.es\/fr\/politica-de-privacidad\/","title":{"rendered":"Politique de confidentialit\u00e9"},"content":{"rendered":"<div data-elementor-type=\"wp-page\" data-elementor-id=\"51396\" class=\"elementor elementor-51396\">\n\t\t\t\t\t\t<section class=\"elementor-section elementor-top-section elementor-element elementor-element-5c3c632 we-legales elementor-section-boxed elementor-section-height-default elementor-section-height-default\" data-id=\"5c3c632\" data-element_type=\"section\">\n\t\t\t\t\t\t<div class=\"elementor-container elementor-column-gap-default\">\n\t\t\t\t\t<div class=\"elementor-column elementor-col-100 elementor-top-column elementor-element elementor-element-f92a2e2\" data-id=\"f92a2e2\" data-element_type=\"column\">\n\t\t\t<div class=\"elementor-widget-wrap elementor-element-populated\">\n\t\t\t\t\t\t<div class=\"elementor-element elementor-element-27224d0 elementor-widget elementor-widget-heading\" data-id=\"27224d0\" data-element_type=\"widget\" data-widget_type=\"heading.default\">\n\t\t\t\t<div class=\"elementor-widget-container\">\n\t\t\t<style>\/*! elementor - v3.20.0 - 20-03-2024 *\/\n.elementor-heading-title{padding:0;margin:0;line-height:1}.elementor-widget-heading .elementor-heading-title[class*=elementor-size-]>a{color:inherit;font-size:inherit;line-height:inherit}.elementor-widget-heading .elementor-heading-title.elementor-size-small{font-size:15px}.elementor-widget-heading .elementor-heading-title.elementor-size-medium{font-size:19px}.elementor-widget-heading .elementor-heading-title.elementor-size-large{font-size:29px}.elementor-widget-heading .elementor-heading-title.elementor-size-xl{font-size:39px}.elementor-widget-heading .elementor-heading-title.elementor-size-xxl{font-size:59px}<\/style><h1 class=\"elementor-heading-title elementor-size-default\">Politique de confidentialit\u00e9<\/h1>\t\t<\/div>\n\t\t\t\t<\/div>\n\t\t\t\t<div class=\"elementor-element elementor-element-f112225 elementor-widget elementor-widget-text-editor\" data-id=\"f112225\" data-element_type=\"widget\" data-widget_type=\"text-editor.default\">\n\t\t\t\t<div class=\"elementor-widget-container\">\n\t\t\t<style>\/*! elementor - v3.20.0 - 20-03-2024 *\/\n.elementor-widget-text-editor.elementor-drop-cap-view-stacked .elementor-drop-cap{background-color:#69727d;color:#fff}.elementor-widget-text-editor.elementor-drop-cap-view-framed .elementor-drop-cap{color:#69727d;border:3px solid;background-color:transparent}.elementor-widget-text-editor:not(.elementor-drop-cap-view-default) .elementor-drop-cap{margin-top:8px}.elementor-widget-text-editor:not(.elementor-drop-cap-view-default) .elementor-drop-cap-letter{width:1em;height:1em}.elementor-widget-text-editor .elementor-drop-cap{float:left;text-align:center;line-height:1;font-size:50px}.elementor-widget-text-editor .elementor-drop-cap-letter{display:inline-block}<\/style>\t\t\t\t<h2><strong>1. la politique de confidentialit\u00e9<\/strong><\/h2><p>Weider Nutrition SL, dont le num\u00e9ro d'identification fiscale est B81523888 (Registro Mercantil de Madrid Tomo 11.273, libro 0, folio 55, secci\u00f3n 8\u00aa, hoja m-177220), met \u00e0 votre disposition cette politique de confidentialit\u00e9 pour vous informer de ses politiques et proc\u00e9dures de collecte, d'utilisation et de suppression des informations personnelles que vous lui avez communiqu\u00e9es. La politique de confidentialit\u00e9 peut \u00eatre mise \u00e0 jour de temps \u00e0 autre. Veuillez noter que les mises \u00e0 jour seront disponibles sur ce lien (<a href=\"http:\/\/www.weiderworld.es\/privacy\" target=\"_blank\" rel=\"noopener\">www.weiderworld.es\/privacy<\/a>) et nous vous recommandons de v\u00e9rifier tout changement \u00e9ventuel. Dans le cadre de cette politique, les conditions d'utilisation et les proc\u00e9dures peuvent inclure l'utilisation de cookies, et peuvent faire l'objet d'un traitement statistique et analytique, et l'utilisation de ces donn\u00e9es collect\u00e9es pour l'\u00e9valuation, l'utilisation, la combinaison et le transfert \u00e0 notre organisation, \u00e0 nos filiales ou \u00e0 notre soci\u00e9t\u00e9 m\u00e8re en Espagne ou \u00e0 l'\u00e9chelle internationale.<\/p><h2><strong>2. Qui est responsable du traitement de vos donn\u00e9es personnelles ?<\/strong><\/h2><p><strong>Weider Nutrition, S.L.<\/strong><br \/>NUM\u00c9RO D'IDENTIFICATION FISCALE B81523888<\/p><p>39-41 Electr\u00f3nica St.<br \/>28923 Alcorc\u00f3n<br \/>Madrid (Espagne)<br \/>E-mail :\u00a0<a href=\"mailto:\">info@weider.es<\/a><\/p><h2><strong>3. Point de contact pour la protection des donn\u00e9es<\/strong><\/h2><p>Nous avons mis en place un point de contact pour la protection des donn\u00e9es. Pour toute question, demande ou plainte concernant l'application de cette politique de confidentialit\u00e9 ou pour exercer vos droits, vous pouvez nous contacter par le biais de deux syst\u00e8mes :<\/p><ul><li>Adresse : C\/ Electr\u00f3nica 39-41, 28923 Alcorc\u00f3n- Madrid (Espagne)<\/li><li>Courriel : info@weider.es<\/li><\/ul><h2><strong>4. Les principes cl\u00e9s<\/strong><\/h2><p>4.1 - L\u00e9galit\u00e9 : nous collectons des donn\u00e9es \u00e0 caract\u00e8re personnel pour des finalit\u00e9s d\u00e9termin\u00e9es, explicites et l\u00e9gitimes, et nous ne traitons pas de donn\u00e9es incompatibles avec ces finalit\u00e9s.<\/p><p>4.2 - La minimisation des donn\u00e9es<strong>:\u00a0<\/strong>nous limitons la collecte de donn\u00e9es \u00e0 caract\u00e8re personnel \u00e0 ce qui est strictement n\u00e9cessaire et pertinent aux fins indiqu\u00e9es.<\/p><p>Limitation des finalit\u00e9s : nous ne traitons pas vos donn\u00e9es \u00e0 caract\u00e8re personnel d'une mani\u00e8re incompatible avec vos finalit\u00e9s.<\/p><p>4.4 - Exactitude : les donn\u00e9es \u00e0 caract\u00e8re personnel doivent \u00eatre exactes et mises \u00e0 jour.<\/p><p>4.5 - S\u00e9curit\u00e9 des donn\u00e9es : Nous mettons en \u0153uvre des mesures techniques et organisationnelles pour assurer un niveau de s\u00e9curit\u00e9 appropri\u00e9 au regard des risques pr\u00e9sent\u00e9s par le traitement et de la nature des donn\u00e9es. Ces mesures visent \u00e0 emp\u00eacher toute divulgation ou tout acc\u00e8s non autoris\u00e9, toute destruction accidentelle ou illicite, toute perte ou alt\u00e9ration accidentelle ou tout traitement illicite.<\/p><p>4.6.- Acc\u00e8s et rectification : Vous avez le droit de conna\u00eetre les donn\u00e9es trait\u00e9es et de les rectifier si elles sont incorrectes.<\/p><p>4.7 - Transferts internationaux : vos donn\u00e9es personnelles peuvent \u00eatre transf\u00e9r\u00e9es et conserv\u00e9es sur des ordinateurs situ\u00e9s en dehors de notre pays. Nous veillerons \u00e0 ce que toutes les donn\u00e9es \u00e0 caract\u00e8re personnel transf\u00e9r\u00e9es en dehors de l'UE\/EEE soient prot\u00e9g\u00e9es de mani\u00e8re ad\u00e9quate, conform\u00e9ment aux protocoles et aux normes en vigueur dans le secteur.<\/p><p>4.8.- Tiers : l'acc\u00e8s aux donn\u00e9es \u00e0 caract\u00e8re personnel et leur transfert \u00e0 des tiers s'effectuent conform\u00e9ment \u00e0 la l\u00e9gislation GDPR et avec des garanties contractuelles appropri\u00e9es.<\/p><p>4.9 - Marketing direct et cookies : Nous veillons au respect de la l\u00e9gislation applicable en mati\u00e8re de publicit\u00e9 et de cookies.<\/p><h2><strong>5. Traitement de vos donn\u00e9es personnelles Quelles donn\u00e9es collectons-nous ? Et les aspects juridiques.<\/strong><\/h2><p><strong>Cat\u00e9gorie de donn\u00e9es<\/strong>Coordonn\u00e9es (nom, adresse, adresse \u00e9lectronique)<\/p><p><strong>Responsable du dossier<\/strong>Weider Nutrition, S.L.\u00a0<\/p><p><strong>Objectif<\/strong>la gestion de nos relations d'affaires mutuelles et de nos communications. Le traitement de vos donn\u00e9es est effectu\u00e9 \u00e0 des fins explicites et l\u00e9gitimes, et nous ne traitons pas vos donn\u00e9es d'une mani\u00e8re incompatible avec ces fins.<\/p><p><strong>L\u00e9gitimation<\/strong>Consentement, relations pr\u00e9contractuelles, contrats et int\u00e9r\u00eat l\u00e9gitime.<\/p><p><strong>Destinataire<\/strong>Elles ne seront pas transf\u00e9r\u00e9es \u00e0 des tiers, sauf si la loi ou une obligation administrative l'exige ou si cela est n\u00e9cessaire pour fournir le service qui fait l'objet de notre relation mutuelle.<\/p><p>Lorsque nous demandons des donn\u00e9es personnelles, nous vous informons clairement des donn\u00e9es que nous collectons et de la finalit\u00e9 du traitement (communications, lettres d'information \u00e9lectroniques, rappels, enqu\u00eates, offres, invitations \u00e0 des \u00e9v\u00e9nements).<\/p><p><strong>Les donn\u00e9es \u00e0 caract\u00e8re personnel peuvent \u00eatre trait\u00e9es si<\/strong><\/p><ul><li>Vous nous avez donn\u00e9 votre consentement aux fins du traitement. Vous avez toujours le droit de retirer votre consentement \u00e0 tout moment.<\/li><li>Ex\u00e9cution d'un contrat ou d'actes pr\u00e9contractuels.<\/li><li>la poursuite d'un int\u00e9r\u00eat l\u00e9gitime qui ne porte pas atteinte \u00e0 leurs droits fondamentaux.<\/li><li>Elle est requise par la loi ou l'administration de la justice.<\/li><\/ul><h2><strong>6. Transparence. Acc\u00e8s \u00e0 vos donn\u00e9es personnelles.<\/strong><\/h2><p><strong>Vous avez le droit d'acc\u00e9der aux donn\u00e9es personnelles que nous d\u00e9tenons \u00e0 votre sujet.<\/strong><\/p><p>Vous pouvez exercer vos droits d'acc\u00e8s, de rectification, de portabilit\u00e9, de limitation du traitement, d'annulation et d'opposition en envoyant une communication \u00e0 l'adresse \u00e9lectronique suivante (info@weider.es) ou par courrier \u00e0 l'adresse suivante\u00a0\u00a0<strong>Weider Nutrition, S.L.<\/strong><br \/>C\/Electr\u00f3nica,39-41<br \/>28923-Alcorc\u00f3n<br \/>Madrid (Espagne)<\/p><p>Dans tous les cas, la communication doit \u00eatre accompagn\u00e9e d'un document actuel et valide prouvant leur identit\u00e9.<\/p><h2><strong>7. Dur\u00e9e du traitement des donn\u00e9es.<\/strong><\/h2><p>Les donn\u00e9es \u00e0 caract\u00e8re personnel que vous avez fournies seront conserv\u00e9es conform\u00e9ment aux dispositions du r\u00e8glement sur la protection des donn\u00e9es \u00e0 caract\u00e8re personnel (GDPR). Les donn\u00e9es \u00e0 caract\u00e8re personnel seront conserv\u00e9es aussi longtemps que n\u00e9cessaire pour se conformer aux dispositions de la l\u00e9gislation ou aux fins sp\u00e9cifi\u00e9es.<\/p><p>Pour savoir combien de temps vos donn\u00e9es sont susceptibles d'\u00eatre conserv\u00e9es avant d'\u00eatre effac\u00e9es, vous pouvez consulter le point de contact.<\/p><h2><strong>8. S\u00e9curit\u00e9 des donn\u00e9es.<\/strong><\/h2><p>Nous mettons en \u0153uvre un ensemble de mesures de s\u00e9curit\u00e9 techniques et organisationnelles pour prot\u00e9ger vos donn\u00e9es \u00e0 caract\u00e8re personnel contre l'acc\u00e8s ou l'utilisation illicite ou non autoris\u00e9, la perte accidentelle ou les dommages. Ces mesures sont con\u00e7ues en fonction de notre infrastructure informatique, de l'impact potentiel sur votre vie priv\u00e9e, des co\u00fbts et des normes et pratiques.<\/p><h2><strong>9. Cookies et services similaires.<\/strong><\/h2><p>Nous pouvons utiliser des cookies pour suivre les tendances, les pr\u00e9f\u00e9rences et les habitudes des utilisateurs afin de mieux comprendre notre base d'utilisateurs et d'am\u00e9liorer la qualit\u00e9 de notre service.<\/p><h2><strong>10. Transfert en dehors de l'UE\/EEE<\/strong><\/h2><p>Vos informations peuvent \u00eatre transf\u00e9r\u00e9es et conserv\u00e9es sur des \u00e9quipements situ\u00e9s en dehors de l'UE\/EEE. Weider mettra en \u0153uvre, ou exigera du sous-traitant qu'il mette en \u0153uvre, des mesures sp\u00e9cifiques appropri\u00e9es pour garantir un niveau de protection ad\u00e9quat de vos donn\u00e9es \u00e0 caract\u00e8re personnel.<\/p><h2><strong>11. Liens vers d'autres sites web ou communaut\u00e9s d'utilisateurs.<\/strong><\/h2><p>Notre site web peut contenir des liens vers d'autres sites web.  Si vous d\u00e9cidez de vous connecter \u00e0 un tiers, vous devez accepter la politique et les pratiques de ce tiers en mati\u00e8re de protection de la vie priv\u00e9e. Nous ne contractons pas avec les politiques de confidentialit\u00e9 des tiers.<\/p>\t\t\t\t\t\t<\/div>\n\t\t\t\t<\/div>\n\t\t\t\t\t<\/div>\n\t\t<\/div>\n\t\t\t\t\t<\/div>\n\t\t<\/section>\n\t\t\t\t<\/div>","protected":false},"excerpt":{"rendered":"<p>Pol\u00edtica de Privacidad 1. Pol\u00edtica de Privacidad Weider Nutrition SL, con N\u00famero de Identificaci\u00f3n Fiscal B81523888 (Registro Mercantil de Madrid Tomo 11.273, libro 0, folio 55, secci\u00f3n 8\u00aa, hoja m-177220, [\u2026]<\/p>","protected":false},"author":24,"featured_media":0,"parent":0,"menu_order":0,"comment_status":"closed","ping_status":"closed","template":"","meta":{"inline_featured_image":false,"footnotes":""},"acf":[],"_links":{"self":[{"href":"https:\/\/weider.es\/fr\/wp-json\/wp\/v2\/pages\/51396"}],"collection":[{"href":"https:\/\/weider.es\/fr\/wp-json\/wp\/v2\/pages"}],"about":[{"href":"https:\/\/weider.es\/fr\/wp-json\/wp\/v2\/types\/page"}],"author":[{"embeddable":true,"href":"https:\/\/weider.es\/fr\/wp-json\/wp\/v2\/users\/24"}],"replies":[{"embeddable":true,"href":"https:\/\/weider.es\/fr\/wp-json\/wp\/v2\/comments?post=51396"}],"version-history":[{"count":0,"href":"https:\/\/weider.es\/fr\/wp-json\/wp\/v2\/pages\/51396\/revisions"}],"wp:attachment":[{"href":"https:\/\/weider.es\/fr\/wp-json\/wp\/v2\/media?parent=51396"}],"curies":[{"name":"wp","href":"https:\/\/api.w.org\/{rel}","templated":true}]}}