{"id":53728,"date":"2024-07-30T09:48:34","date_gmt":"2024-07-30T07:48:34","guid":{"rendered":"https:\/\/weider.es\/product\/isolate-whey-100-cfm\/"},"modified":"2024-10-17T10:29:46","modified_gmt":"2024-10-17T08:29:46","slug":"isolate-whey-100-cfm","status":"publish","type":"product","link":"https:\/\/weider.es\/fr\/produit\/isolate-whey-100-cfm\/","title":{"rendered":"Isolat de lactos\u00e9rum 100 CFM"},"content":{"rendered":"<p>Isolate Whey 100 CFM est un isolat de prot\u00e9ines de lactos\u00e9rum (Isolac\u00ae) de premi\u00e8re qualit\u00e9 et de grande puret\u00e9.<\/p>\n<p>Enrichi en enzymes digestives (Digezyme\u00ae), il est sans sucre et pauvre en mati\u00e8res grasses.<\/p>\n<p>Il utilise des techniques avanc\u00e9es d'extraction m\u00e9canique \u00e0 froid (CFM), permettant d'obtenir 90% de prot\u00e9ines tout en conservant leurs propri\u00e9t\u00e9s intactes.<\/p>\n<p>Cette prot\u00e9ine provient de vaches nourries \u00e0 l'herbe (Grass-Fed) et poss\u00e8de un excellent aminogramme, riche en BCAA, essentiels \u00e0 la r\u00e9cup\u00e9ration musculaire.<\/p>\n<p>Il ne contient pas d'aspartame et est \u00e9dulcor\u00e9 \u00e0 la st\u00e9via, ce qui le rend adapt\u00e9 aux v\u00e9g\u00e9tariens.<\/p>\n<p>Id\u00e9al pour les athl\u00e8tes qui cherchent \u00e0 am\u00e9liorer la r\u00e9cup\u00e9ration et \u00e0 maintenir la masse musculaire pendant les p\u00e9riodes de perte de graisse et de d\u00e9finition.<\/p>\n<p>Caract\u00e9ristiques principales de l'Isolate Whey 100 CFM :<\/p>\n<p>87% Prot\u00e9ines.<\/p>\n<p>Naturellement riche en BCAA.<\/p>\n<p>Mati\u00e8res premi\u00e8res de haute qualit\u00e9 (Isolac\u00ae, Isolac\u00ae, Isolac\u00ae, Isolac\u00ae, Isolac\u00ae, Isolac\u00ae).<\/p>\n<p>Fabriqu\u00e9 \u00e0 partir de lait de vaches nourries \u00e0 l'herbe (Grass-Fed)<\/p>\n<p>Sans sucre.<\/p>\n<p>Z\u00e9ro aspartame.<\/p>\n<p>Faible teneur en mati\u00e8res grasses.<\/p>\n<p>Avec des \u00e9dulcorants naturels : Stevia.<\/p>\n<p>Digezyme\u00ae).<\/p>\n<p>Convient aux v\u00e9g\u00e9tariens.<\/p>","protected":false},"excerpt":{"rendered":"<p>87% Prot\u00e9ines.<\/p>\n<p>Naturellement riche en BCAA.<\/p>\n<p>Mati\u00e8res premi\u00e8res de haute qualit\u00e9 (Isolac\u00ae, Isolac\u00ae, Isolac\u00ae, Isolac\u00ae, Isolac\u00ae, Isolac\u00ae).<\/p>\n<p>Fabriqu\u00e9 \u00e0 partir de lait de vaches nourries \u00e0 l'herbe (Grass-Fed)<\/p>\n<p>Sans sucre.<\/p>\n<p>Z\u00e9ro aspartame.<\/p>\n<p>Faible teneur en mati\u00e8res grasses.<\/p>\n<p>Avec des \u00e9dulcorants naturels : Stevia.<\/p>\n<p>Digezyme\u00ae).<\/p>\n<p>Convient aux v\u00e9g\u00e9tariens.<\/p>","protected":false},"featured_media":54146,"template":"","meta":{"inline_featured_image":false},"product_cat":[4764,4854,4842,4801],"product_tag":[],"acf":[],"_links":{"self":[{"href":"https:\/\/weider.es\/fr\/wp-json\/wp\/v2\/product\/53728"}],"collection":[{"href":"https:\/\/weider.es\/fr\/wp-json\/wp\/v2\/product"}],"about":[{"href":"https:\/\/weider.es\/fr\/wp-json\/wp\/v2\/types\/product"}],"wp:featuredmedia":[{"embeddable":true,"href":"https:\/\/weider.es\/fr\/wp-json\/wp\/v2\/media\/54146"}],"wp:attachment":[{"href":"https:\/\/weider.es\/fr\/wp-json\/wp\/v2\/media?parent=53728"}],"wp:term":[{"taxonomy":"product_cat","embeddable":true,"href":"https:\/\/weider.es\/fr\/wp-json\/wp\/v2\/product_cat?post=53728"},{"taxonomy":"product_tag","embeddable":true,"href":"https:\/\/weider.es\/fr\/wp-json\/wp\/v2\/product_tag?post=53728"}],"curies":[{"name":"wp","href":"https:\/\/api.w.org\/{rel}","templated":true}]}}