{"id":53761,"date":"2024-07-30T09:48:34","date_gmt":"2024-07-30T07:48:34","guid":{"rendered":"https:\/\/weider.es\/product\/clear-isolate\/"},"modified":"2024-10-17T10:26:44","modified_gmt":"2024-10-17T08:26:44","slug":"clear-isolate","status":"publish","type":"product","link":"https:\/\/weider.es\/fr\/produit\/isoler-clairement\/","title":{"rendered":"Isolat clair"},"content":{"rendered":"<p>Clear Isolate est une prot\u00e9ine de lactos\u00e9rum de premi\u00e8re qualit\u00e9 qui se distingue des poudres ordinaires par son aspect cristallin, sa solubilit\u00e9 et son absence de lactose. Contrairement aux prot\u00e9ines de lactos\u00e9rum traditionnelles aux ar\u00f4mes de lait, Clear Isolate offre des ar\u00f4mes fruit\u00e9s tels que framboise bleue et past\u00e8que. <\/p>\n<p>Cette prot\u00e9ine se caract\u00e9rise par sa grande puret\u00e9, avec une teneur en prot\u00e9ines allant jusqu'\u00e0 86% et une teneur minimale en mati\u00e8res grasses et en lactose. Elle est riche en acides amin\u00e9s essentiels (AAE) et en acides amin\u00e9s ramifi\u00e9s (BCAA), essentiels \u00e0 la construction et au maintien des muscles, en particulier chez les personnes ayant un mode de vie actif ou les athl\u00e8tes. <\/p>\n<p>Clear Isolate est id\u00e9al pour r\u00e9pondre aux besoins accrus en prot\u00e9ines des personnes qui m\u00e8nent un mode de vie actif ou qui pratiquent r\u00e9guli\u00e8rement un sport. Outre ses excellentes valeurs nutritionnelles, il s'agit d'une boisson d\u00e9licieuse et rafra\u00eechissante, parfaite pour \u00eatre consomm\u00e9e apr\u00e8s des s\u00e9ances d'entra\u00eenement intenses.<\/p>","protected":false},"excerpt":{"rendered":"<p>Isolat de prot\u00e9ines de lactos\u00e9rum naturellement soluble<br \/>\n21 g de prot\u00e9ines par portion<br \/>\nSans lactose et sans graisse<br \/>\nPour la pr\u00e9paration de boissons prot\u00e9in\u00e9es fruit\u00e9es, de type boissons non alcoolis\u00e9es<\/p>","protected":false},"featured_media":54164,"template":"","meta":{"inline_featured_image":false},"product_cat":[4764],"product_tag":[],"acf":[],"_links":{"self":[{"href":"https:\/\/weider.es\/fr\/wp-json\/wp\/v2\/product\/53761"}],"collection":[{"href":"https:\/\/weider.es\/fr\/wp-json\/wp\/v2\/product"}],"about":[{"href":"https:\/\/weider.es\/fr\/wp-json\/wp\/v2\/types\/product"}],"wp:featuredmedia":[{"embeddable":true,"href":"https:\/\/weider.es\/fr\/wp-json\/wp\/v2\/media\/54164"}],"wp:attachment":[{"href":"https:\/\/weider.es\/fr\/wp-json\/wp\/v2\/media?parent=53761"}],"wp:term":[{"taxonomy":"product_cat","embeddable":true,"href":"https:\/\/weider.es\/fr\/wp-json\/wp\/v2\/product_cat?post=53761"},{"taxonomy":"product_tag","embeddable":true,"href":"https:\/\/weider.es\/fr\/wp-json\/wp\/v2\/product_tag?post=53761"}],"curies":[{"name":"wp","href":"https:\/\/api.w.org\/{rel}","templated":true}]}}