{"id":53771,"date":"2024-07-30T09:48:34","date_gmt":"2024-07-30T07:48:34","guid":{"rendered":"https:\/\/weider.es\/product\/nitro-whey-super-formula\/"},"modified":"2024-10-17T10:26:59","modified_gmt":"2024-10-17T08:26:59","slug":"nitro-whey-super-formula","status":"publish","type":"product","link":"https:\/\/weider.es\/fr\/produit\/nitro-whey-super-formula\/","title":{"rendered":"Nitro Whey Super Formula"},"content":{"rendered":"<p>Le shake Weider Super Nitro Whey est un concentr\u00e9 de prot\u00e9ines de lactos\u00e9rum combin\u00e9 \u00e0 un isolat de lactos\u00e9rum, obtenu par les proc\u00e9d\u00e9s de micro et ultra-filtration les plus avanc\u00e9s du march\u00e9.  <\/p>\n<p>Formul\u00e9 pour nourrir les muscles dans leur phase de d\u00e9veloppement, il est id\u00e9al une fois l'entra\u00eenement termin\u00e9, lorsque tous les muscles exerc\u00e9s ont besoin d'un apport correct en nutriments pour atteindre un d\u00e9veloppement musculaire maximal. En plus de fournir aux muscles les acides amin\u00e9s n\u00e9cessaires \u00e0 leur croissance, Nitro Whey est riche en L-Glutamine, qui est essentielle pour assurer une r\u00e9cup\u00e9ration musculaire optimale apr\u00e8s l'entra\u00eenement.<\/p>","protected":false},"excerpt":{"rendered":"<p>Prot\u00e9ines de concentr\u00e9 et isolat de prot\u00e9ines de lactos\u00e9rum<\/p>\n<p>Prot\u00e9ine hautement biodisponible<br \/>\nRiche en Bcaa<br \/>\nSans sucre ajout\u00e9<br \/>\nSans aspartame<\/p>","protected":false},"featured_media":54170,"template":"","meta":{"inline_featured_image":false},"product_cat":[4764],"product_tag":[],"acf":[],"_links":{"self":[{"href":"https:\/\/weider.es\/fr\/wp-json\/wp\/v2\/product\/53771"}],"collection":[{"href":"https:\/\/weider.es\/fr\/wp-json\/wp\/v2\/product"}],"about":[{"href":"https:\/\/weider.es\/fr\/wp-json\/wp\/v2\/types\/product"}],"wp:featuredmedia":[{"embeddable":true,"href":"https:\/\/weider.es\/fr\/wp-json\/wp\/v2\/media\/54170"}],"wp:attachment":[{"href":"https:\/\/weider.es\/fr\/wp-json\/wp\/v2\/media?parent=53771"}],"wp:term":[{"taxonomy":"product_cat","embeddable":true,"href":"https:\/\/weider.es\/fr\/wp-json\/wp\/v2\/product_cat?post=53771"},{"taxonomy":"product_tag","embeddable":true,"href":"https:\/\/weider.es\/fr\/wp-json\/wp\/v2\/product_tag?post=53771"}],"curies":[{"name":"wp","href":"https:\/\/api.w.org\/{rel}","templated":true}]}}