{"id":53779,"date":"2024-07-30T12:33:36","date_gmt":"2024-07-30T10:33:36","guid":{"rendered":"https:\/\/weider.es\/product\/pro-whey-complex-protein\/"},"modified":"2024-10-17T10:26:59","modified_gmt":"2024-10-17T08:26:59","slug":"pro-whey-complex-protein","status":"publish","type":"product","link":"https:\/\/weider.es\/fr\/produit\/pro-whey-complex-protein\/","title":{"rendered":"Pro Whey Complex Protein"},"content":{"rendered":"<p>Weider ProWhey Complex est une prot\u00e9ine formul\u00e9e avec les meilleures sources de prot\u00e9ines laiti\u00e8res, y compris les concentr\u00e9s et isolats de lactos\u00e9rum et la cas\u00e9ine micellaire. Il fournit 3,4 g de BCAA par portion et peut \u00eatre consomm\u00e9 au petit-d\u00e9jeuner, entre les repas ou apr\u00e8s l'entra\u00eenement.<\/p>\n<p>Les raisons de choisir ProWhey Complex :<\/p>\n<p>L-Glutamine : Optimise la r\u00e9cup\u00e9ration musculaire et \u00e9nerg\u00e9tique, favorise la volumisation des cellules et stimule la synth\u00e8se des prot\u00e9ines.<\/p>\n<p>TCM : fournissent de l'\u00e9nergie pendant les r\u00e9gimes stricts et am\u00e9liorent la r\u00e9cup\u00e9ration apr\u00e8s l'entra\u00eenement.<\/p>\n<p>Cr\u00e9atine : Am\u00e9liore les performances physiques lors d'exercices de haute intensit\u00e9.<\/p>\n<p>Vitamine B6 : contribue au m\u00e9tabolisme des prot\u00e9ines et du glycog\u00e8ne et r\u00e9gule l'activit\u00e9 hormonale.<\/p>\n<p>Brom\u00e9la\u00efne : facilite la digestion des prot\u00e9ines et la disponibilit\u00e9 des acides amin\u00e9s essentiels apr\u00e8s l'entra\u00eenement.<\/p>\n<p>Facteur de qualit\u00e9 :<\/p>\n<p>Haute teneur en lysine, ce qui indique un processus de production sans traitement thermique, garantissant une valeur biologique \u00e9lev\u00e9e.<\/p>\n<p>ProWhey Complex est fonctionnel et \u00e9conomique, aidant \u00e0 augmenter ou \u00e0 maintenir la masse musculaire dans les p\u00e9riodes de croissance et de d\u00e9finition.<\/p>","protected":false},"excerpt":{"rendered":"<p>R\u00e9cup\u00e9ration, croissance et fonctionnalit\u00e9.<br \/>\nCombinaison des meilleures prot\u00e9ines laiti\u00e8res.<br \/>\nAvec un apport suppl\u00e9mentaire de : Cr\u00e9atine, Glutamine, MCTS et Vitamine B6.<br \/>\nOptimisez la r\u00e9cup\u00e9ration et la croissance musculaire au meilleur prix.<\/p>","protected":false},"featured_media":55208,"template":"","meta":{"inline_featured_image":false},"product_cat":[4764],"product_tag":[],"acf":[],"_links":{"self":[{"href":"https:\/\/weider.es\/fr\/wp-json\/wp\/v2\/product\/53779"}],"collection":[{"href":"https:\/\/weider.es\/fr\/wp-json\/wp\/v2\/product"}],"about":[{"href":"https:\/\/weider.es\/fr\/wp-json\/wp\/v2\/types\/product"}],"wp:featuredmedia":[{"embeddable":true,"href":"https:\/\/weider.es\/fr\/wp-json\/wp\/v2\/media\/55208"}],"wp:attachment":[{"href":"https:\/\/weider.es\/fr\/wp-json\/wp\/v2\/media?parent=53779"}],"wp:term":[{"taxonomy":"product_cat","embeddable":true,"href":"https:\/\/weider.es\/fr\/wp-json\/wp\/v2\/product_cat?post=53779"},{"taxonomy":"product_tag","embeddable":true,"href":"https:\/\/weider.es\/fr\/wp-json\/wp\/v2\/product_tag?post=53779"}],"curies":[{"name":"wp","href":"https:\/\/api.w.org\/{rel}","templated":true}]}}