{"id":53788,"date":"2024-07-30T09:48:34","date_gmt":"2024-07-30T07:48:34","guid":{"rendered":"https:\/\/weider.es\/product\/creatine-200-mesh-blueraspberry\/"},"modified":"2024-10-17T10:26:59","modified_gmt":"2024-10-17T08:26:59","slug":"creatina-micronizada-blueraspberry","status":"publish","type":"product","link":"https:\/\/weider.es\/fr\/produit\/creatine-200-mesh-blueraspberry\/","title":{"rendered":"Cr\u00e9atine Micronis\u00e9e Blueraspberry"},"content":{"rendered":"<p>- Cr\u00e9atine micronis\u00e9e 200 MESH.<\/p>\n<p>- Avec AstraGin\u00ae.<\/p>\n<p>- Excellente absorption par l'organisme.<\/p>\n<p>Les <a href=\"https:\/\/weider.es\/fr\/creatinas\/\">cr\u00e9atine<\/a> (C) est un compl\u00e9ment tr\u00e8s r\u00e9pandu chez les sportifs. De nombreuses \u00e9tudes ont d\u00e9montr\u00e9 son effet ergog\u00e9nique en augmentant les r\u00e9serves de phosphocr\u00e9atine (PC) dans les muscles, et donc l'ATP.<\/p>\n<p>L'ATP est la mol\u00e9cule d'\u00e9nergie que le muscle utilise pendant les efforts de courte dur\u00e9e et de haute intensit\u00e9. La suppl\u00e9mentation en cr\u00e9atine (C) augmente donc l'apport d'\u00e9nergie aux muscles et facilite la resynth\u00e8se de la phosphocr\u00e9atine (PC).<\/p>\n<p>Tout cela se traduit par une augmentation de la force et une meilleure capacit\u00e9 de r\u00e9cup\u00e9ration entre les s\u00e9ries, ce qui vous permet d'augmenter l'intensit\u00e9 de vos s\u00e9ances d'entra\u00eenement pour am\u00e9liorer vos performances jour apr\u00e8s jour.<\/p>\n<p>Afin de vous aider \u00e0 atteindre vos meilleurs r\u00e9sultats, Weider a formul\u00e9 une cr\u00e9atine micronis\u00e9e, 200 mesh. Cela se r\u00e9f\u00e8re \u00e0 la bonne solubilit\u00e9 dans l'eau et donc \u00e0 une meilleure absorption dans le corps gr\u00e2ce \u00e0 la taille des particules.<\/p>\n<p>Chez Weider, nous voulons toujours innover, et c'est pourquoi nous avons ajout\u00e9 de la saveur \u00e0 notre cr\u00e9atine, une saveur incroyablement bonne comme celle de la myrtille. Lorsque vous la go\u00fbterez, elle ne vous laissera pas indiff\u00e9rent.<\/p>\n<p>Afin d'obtenir une formule compl\u00e8te, nous avons ajout\u00e9 AstraGin\u00ae : un compos\u00e9 v\u00e9g\u00e9tal brevet\u00e9 100% qui augmente l'absorption de nombreux nutriments vitaux en favorisant un environnement intestinal sain. De nombreuses \u00e9tudes confirment son efficacit\u00e9. Sp\u00e9cifiquement pour ce produit, il augmente l'absorption des acides amin\u00e9s tels que la cr\u00e9atine de 33%.<\/p>","protected":false},"excerpt":{"rendered":"<p>Cr\u00e9atine micronis\u00e9e 200 MESH.<br \/>\n- Avec AstraGin\u00ae.<br \/>\n- Excellente absorption par l'organisme.<\/p>","protected":false},"featured_media":47952,"template":"","meta":{"inline_featured_image":false},"product_cat":[4853,4775],"product_tag":[],"acf":[],"_links":{"self":[{"href":"https:\/\/weider.es\/fr\/wp-json\/wp\/v2\/product\/53788"}],"collection":[{"href":"https:\/\/weider.es\/fr\/wp-json\/wp\/v2\/product"}],"about":[{"href":"https:\/\/weider.es\/fr\/wp-json\/wp\/v2\/types\/product"}],"wp:featuredmedia":[{"embeddable":true,"href":"https:\/\/weider.es\/fr\/wp-json\/wp\/v2\/media\/47952"}],"wp:attachment":[{"href":"https:\/\/weider.es\/fr\/wp-json\/wp\/v2\/media?parent=53788"}],"wp:term":[{"taxonomy":"product_cat","embeddable":true,"href":"https:\/\/weider.es\/fr\/wp-json\/wp\/v2\/product_cat?post=53788"},{"taxonomy":"product_tag","embeddable":true,"href":"https:\/\/weider.es\/fr\/wp-json\/wp\/v2\/product_tag?post=53788"}],"curies":[{"name":"wp","href":"https:\/\/api.w.org\/{rel}","templated":true}]}}