{"id":53796,"date":"2024-07-30T09:48:34","date_gmt":"2024-07-30T07:48:34","guid":{"rendered":"https:\/\/weider.es\/product\/premium-amino-powder\/"},"modified":"2024-10-17T10:26:59","modified_gmt":"2024-10-17T08:26:59","slug":"premium-amino-powder","status":"publish","type":"product","link":"https:\/\/weider.es\/fr\/produit\/premium-amino-powder\/","title":{"rendered":"Poudre d'amines de premi\u00e8re qualit\u00e9"},"content":{"rendered":"<div>\n<div>La nouvelle poudre Premium Amino Intra Workout est sp\u00e9cialement con\u00e7ue pour \u00eatre consomm\u00e9e pendant les s\u00e9ances d'entra\u00eenement intenses.<\/div>\n<div>Sa combinaison d'ingr\u00e9dients a \u00e9t\u00e9 soigneusement choisie pour nourrir vos muscles pendant chaque s\u00e9ance d'entra\u00eenement, vous aider \u00e0 maintenir vos performances et vous \u00e9viter de vous essouffler - donnez le meilleur de vous-m\u00eame chaque jour !<\/div>\n<div>Chaque portion de Premium Amino Powder vous apporte<\/div>\n<div>- 8 800 mg d'acides amin\u00e9s essentiels (AAE), dont 6 000 grammes d'acides amin\u00e9s \u00e0 cha\u00eene ramifi\u00e9e dans un rapport 2:1:1 et 1 500 mg de glutamine.<\/div>\n<div>- 24 glucides facilement assimilables : principalement des maltodextrines de pomme de terre, du ma\u00efs et du ma\u00efs cireux, dont l'assimilation et l'absorption faciles fournissent rapidement de l'\u00e9nergie \u00e0 vos muscles.<\/div>\n<div>- Plus des \u00e9lectrolytes : parfaits pour combler les pertes pendant l'entra\u00eenement et favoriser l'hydratation.<\/div>\n<div>Si votre objectif est de donner le meilleur de vous-m\u00eame pendant votre entra\u00eenement, Premium Amino Powder est le produit qu'il vous faut. Sa combinaison d'ingr\u00e9dients vous aide \u00e0 obtenir les meilleurs r\u00e9sultats, \u00e0 la fois en aidant \u00e0 pr\u00e9venir les dommages musculaires et en vous apportant l'\u00e9nergie dont vos muscles ont besoin.<\/div>\n<div>Chouchoutez vos muscles avec Premium Amino Intraworkout Powder et donnez-leur les ingr\u00e9dients de qualit\u00e9 qu'ils m\u00e9ritent.<\/div>\n<\/div>","protected":false},"excerpt":{"rendered":"<p>\u00c9nergie rapidement assimilable<br \/>\nAvec des acides amin\u00e9s essentiels<br \/>\nElectrolyte Plus<\/p>","protected":false},"featured_media":54185,"template":"","meta":{"inline_featured_image":false},"product_cat":[4777],"product_tag":[],"acf":[],"_links":{"self":[{"href":"https:\/\/weider.es\/fr\/wp-json\/wp\/v2\/product\/53796"}],"collection":[{"href":"https:\/\/weider.es\/fr\/wp-json\/wp\/v2\/product"}],"about":[{"href":"https:\/\/weider.es\/fr\/wp-json\/wp\/v2\/types\/product"}],"wp:featuredmedia":[{"embeddable":true,"href":"https:\/\/weider.es\/fr\/wp-json\/wp\/v2\/media\/54185"}],"wp:attachment":[{"href":"https:\/\/weider.es\/fr\/wp-json\/wp\/v2\/media?parent=53796"}],"wp:term":[{"taxonomy":"product_cat","embeddable":true,"href":"https:\/\/weider.es\/fr\/wp-json\/wp\/v2\/product_cat?post=53796"},{"taxonomy":"product_tag","embeddable":true,"href":"https:\/\/weider.es\/fr\/wp-json\/wp\/v2\/product_tag?post=53796"}],"curies":[{"name":"wp","href":"https:\/\/api.w.org\/{rel}","templated":true}]}}