{"id":53804,"date":"2024-07-30T09:52:52","date_gmt":"2024-07-30T07:52:52","guid":{"rendered":"https:\/\/weider.es\/product\/premium-eaa-zero\/"},"modified":"2024-10-17T10:26:59","modified_gmt":"2024-10-17T08:26:59","slug":"premium-eaa-zero","status":"publish","type":"product","link":"https:\/\/weider.es\/fr\/produit\/premium-eaa-zero\/","title":{"rendered":"Premium EAA Zero"},"content":{"rendered":"<p>Premium EAA Zero ofrece todos los amino\u00e1cidos esenciales, incluidos los amino\u00e1cidos ramificados (BCAA\u2019s), en las proporciones \u00f3ptimas para estimular la s\u00edntesis proteica y favorecer una adecuada recuperaci\u00f3n despu\u00e9s del entrenamiento.<\/p>\n<p>Ces acides amin\u00e9s sont essentiels car l'organisme ne peut les produire lui-m\u00eame et doit les consommer par le biais de l'alimentation.<\/p>\n<p>Weider a cr\u00e9\u00e9 cette formule haut de gamme sans ingr\u00e9dients de remplissage, en utilisant des acides amin\u00e9s d'origine v\u00e9g\u00e9talienne, sans colorants artificiels et sans sucres ajout\u00e9s, ce qui la rend id\u00e9ale pour la protection musculaire avant l'entra\u00eenement, la r\u00e9cup\u00e9ration apr\u00e8s l'entra\u00eenement, ou pour ceux qui sont pr\u00e9occup\u00e9s par l'apport de sucre et qui veulent contr\u00f4ler soigneusement les nutriments dans leur r\u00e9gime alimentaire.<\/p>\n<p>Disponible dans les saveurs Tropical et Pink Limonade, Premium EAA Zero offre une exp\u00e9rience d\u00e9licieuse tout en restant hautement efficace.<\/p>\n<p>Les principales caract\u00e9ristiques sont les suivantes : pas de sucre, 10 195 mg d'acides amin\u00e9s essentiels par portion, 6 282 mg d'acides amin\u00e9s \u00e0 cha\u00eene ramifi\u00e9e par portion, source d'acides amin\u00e9s v\u00e9g\u00e9talienne, sans colorants artificiels ni ingr\u00e9dients de remplissage.<\/p>","protected":false},"excerpt":{"rendered":"<p>10 195 mg d'acides amin\u00e9s essentiels par dose<br \/>\nSAVEUR : Tropicale et Limonade rose<br \/>\nMODE D'EMPLOI : M\u00e9langer 13 g de poudre (1 mesurette) dans 500 ml d'eau.<br \/>\nPR\u00c9SENTATION : Bo\u00eete de 325 g<br \/>\nZ\u00e9ro sucre<br \/>\nEnti\u00e8rement d\u00e9pourvu d'ingr\u00e9dients de remplissage<\/p>","protected":false},"featured_media":54190,"template":"","meta":{"inline_featured_image":false},"product_cat":[4777],"product_tag":[],"acf":[],"_links":{"self":[{"href":"https:\/\/weider.es\/fr\/wp-json\/wp\/v2\/product\/53804"}],"collection":[{"href":"https:\/\/weider.es\/fr\/wp-json\/wp\/v2\/product"}],"about":[{"href":"https:\/\/weider.es\/fr\/wp-json\/wp\/v2\/types\/product"}],"wp:featuredmedia":[{"embeddable":true,"href":"https:\/\/weider.es\/fr\/wp-json\/wp\/v2\/media\/54190"}],"wp:attachment":[{"href":"https:\/\/weider.es\/fr\/wp-json\/wp\/v2\/media?parent=53804"}],"wp:term":[{"taxonomy":"product_cat","embeddable":true,"href":"https:\/\/weider.es\/fr\/wp-json\/wp\/v2\/product_cat?post=53804"},{"taxonomy":"product_tag","embeddable":true,"href":"https:\/\/weider.es\/fr\/wp-json\/wp\/v2\/product_tag?post=53804"}],"curies":[{"name":"wp","href":"https:\/\/api.w.org\/{rel}","templated":true}]}}