{"id":53812,"date":"2024-07-30T09:52:52","date_gmt":"2024-07-30T07:52:52","guid":{"rendered":"https:\/\/weider.es\/product\/premium-bcaa-811-l-glutamina\/"},"modified":"2024-10-17T10:27:00","modified_gmt":"2024-10-17T08:27:00","slug":"premium-bcaa-811-l-glutamina","status":"publish","type":"product","link":"https:\/\/weider.es\/fr\/produit\/premium-bcaa-811-l-glutamina\/","title":{"rendered":"Premium BCAA 8:1:1 + L-GLUTAMINE"},"content":{"rendered":"<p>Apr\u00e8s avoir analys\u00e9 de nombreuses \u00e9tudes, Weider a mis au point BCAA 8:1:1 Glutamine, la meilleure formule pour la prise de masse musculaire, quel que soit le sport pratiqu\u00e9. Cette formule exceptionnelle se compose de plusieurs \u00e9l\u00e9ments cl\u00e9s :<\/p>\n<p>BCAA (acides amin\u00e9s \u00e0 cha\u00eene ramifi\u00e9e) : Leucine, Isoleucine et Valine dans un rapport de 8:1:1 respectivement. Ces acides amin\u00e9s essentiels et ramifi\u00e9s ont des propri\u00e9t\u00e9s r\u00e9cup\u00e9ratrices et \u00e9nerg\u00e9tiques. La Leucine initie les processus de synth\u00e8se des prot\u00e9ines, mais n\u00e9cessite la pr\u00e9sence de l'Isoleucine et de la Valine pour son ex\u00e9cution, d'o\u00f9 la pertinence de ce nouveau ratio.<\/p>\n<p>L-Glutamine : Acide amin\u00e9 semi-essentiel et le plus abondant dans l'organisme, essentiel pour la protection et la r\u00e9paration des tissus musculaires. Elle favorise la synth\u00e8se des prot\u00e9ines, la r\u00e9cup\u00e9ration des fibres musculaires et du glycog\u00e8ne \u00e9puis\u00e9 pendant l'entra\u00eenement, am\u00e9liore le fonctionnement du syst\u00e8me immunitaire et a des effets antioxydants.<\/p>\n<p>Vitamine B6 : contribue au m\u00e9tabolisme correct des prot\u00e9ines et du glycog\u00e8ne, et est vitale pour les processus de r\u00e9cup\u00e9ration musculaire.<\/p>\n<p>Z\u00e9ro sucre : Pas de sucres ajout\u00e9s.<\/p>\n<p>Convient aux v\u00e9g\u00e9taliens : contient des acides amin\u00e9s ferment\u00e9s de haute qualit\u00e9.<\/p>\n<p>Sans lactose ni colorant artificiel.<\/p>\n<p>Il est recommand\u00e9 de le prendre apr\u00e8s l'entra\u00eenement pour acc\u00e9l\u00e9rer la r\u00e9cup\u00e9ration des dommages musculaires caus\u00e9s par un entra\u00eenement intense, tant a\u00e9robie qu'ana\u00e9robie. Il peut \u00e9galement \u00eatre pris avant l'entra\u00eenement pour prot\u00e9ger la masse musculaire, car ces acides amin\u00e9s peuvent entrer dans les cycles \u00e9nerg\u00e9tiques en fournissant de l'\u00e9nergie, en agissant comme anti-cataboliques et protecteurs musculaires, en retardant la fatigue et en emp\u00eachant l'utilisation du glycog\u00e8ne musculaire. Ceci est particuli\u00e8rement utile pendant les p\u00e9riodes de r\u00e9gime strict ou de d\u00e9finition.<\/p>","protected":false},"excerpt":{"rendered":"<p>Combinaison de BCAA et de Glutamine pour la r\u00e9cup\u00e9ration, avec un ajout de vitamine B6.<br \/>\n- Avec le meilleur rapport bcaa, 8:1:1 (Leu:Iso:Val).<br \/>\n- Augmente et prot\u00e8ge la masse musculaire.<\/p>","protected":false},"featured_media":54195,"template":"","meta":{"inline_featured_image":false},"product_cat":[4777],"product_tag":[],"acf":[],"_links":{"self":[{"href":"https:\/\/weider.es\/fr\/wp-json\/wp\/v2\/product\/53812"}],"collection":[{"href":"https:\/\/weider.es\/fr\/wp-json\/wp\/v2\/product"}],"about":[{"href":"https:\/\/weider.es\/fr\/wp-json\/wp\/v2\/types\/product"}],"wp:featuredmedia":[{"embeddable":true,"href":"https:\/\/weider.es\/fr\/wp-json\/wp\/v2\/media\/54195"}],"wp:attachment":[{"href":"https:\/\/weider.es\/fr\/wp-json\/wp\/v2\/media?parent=53812"}],"wp:term":[{"taxonomy":"product_cat","embeddable":true,"href":"https:\/\/weider.es\/fr\/wp-json\/wp\/v2\/product_cat?post=53812"},{"taxonomy":"product_tag","embeddable":true,"href":"https:\/\/weider.es\/fr\/wp-json\/wp\/v2\/product_tag?post=53812"}],"curies":[{"name":"wp","href":"https:\/\/api.w.org\/{rel}","templated":true}]}}