{"id":53822,"date":"2024-07-30T09:52:52","date_gmt":"2024-07-30T07:52:52","guid":{"rendered":"https:\/\/weider.es\/product\/total-rush-2-0-pre-work-out\/"},"modified":"2024-10-17T10:27:12","modified_gmt":"2024-10-17T08:27:12","slug":"total-rush-2-0-pre-work-out","status":"publish","type":"product","link":"https:\/\/weider.es\/fr\/produit\/total-rush-2-0-avant-lentrainement\/","title":{"rendered":"Total Rush 2.0 Pre Work out"},"content":{"rendered":"<p>Weider Total Rush 2.0 pr\u00e9sente une formule am\u00e9lior\u00e9e et plus efficace bas\u00e9e sur les derni\u00e8res avanc\u00e9es scientifiques et des ingr\u00e9dients innovants.  <\/p>\n<p>Con\u00e7u pour donner un coup de pouce suppl\u00e9mentaire pendant l'entra\u00eenement et pr\u00e9venir la fatigue post-entra\u00eenement, ce pr\u00e9-entra\u00eenement vous aidera \u00e0 atteindre de nouveaux niveaux de performance et \u00e0 repousser vos limites. La formule optimis\u00e9e comprend des ingr\u00e9dients actifs \u00e9prouv\u00e9s et de nouveaux ingr\u00e9dients actifs de pointe tels que les peptides de glutamine Glutapep\u00ae et Oxystorm\u00ae, un extrait de graine d'amarante qui fournit des nitrates pour une vascularisation maximale. <\/p>\n<p>Les ingr\u00e9dients cl\u00e9s de Total Rush 2.0 sont les suivants : <\/p>\n<p>L-Citrulline malate : Acide amin\u00e9 impliqu\u00e9 dans la production d'oxyde nitrique, la r\u00e9duction de l'acidit\u00e9 produite par l'acide lactique et la promotion de la r\u00e9cup\u00e9ration musculaire. Chaque dose apporte 6000 mg de malate de citrulline. <\/p>\n<p>L-arginine : Pr\u00e9curseur de l'oxyde nitrique, qui contribue \u00e0 am\u00e9liorer le flux sanguin et l'apport de nutriments aux muscles (4600 mg). <\/p>\n<p>Cr\u00e9atine monohydrate : Probablement l'ingr\u00e9dient le plus \u00e9tudi\u00e9 en termes d'am\u00e9lioration des performances et d'augmentation de la masse musculaire. Total Rush fournit 3400 mg de cr\u00e9atine par portion. <\/p>\n<p>Acides amin\u00e9s : Enrichi en N-ac\u00e9tyl tyrosine (1000 mg), Glycine (1000 mg), Taurine (1000 mg) et Th\u00e9anine pour soutenir le syst\u00e8me nerveux et favoriser un sentiment de bien-\u00eatre. <\/p>\n<p>Oxystorm\u00ae : ingr\u00e9dient exclusif qui lib\u00e8re une grande quantit\u00e9 de nitrates, favorisant la production d'oxyde nitrique (300 mg). <\/p>\n<p>L-alanyl glutamine (Glutapep\u00ae) : dipeptide de L-glutamine et d'alanine, plus efficace pour absorber et augmenter les niveaux de glutamine dans les muscles (200 mg). <\/p>\n<p>En outre, Total Rush 2.0 contient une combinaison de vitamines et de min\u00e9raux pour soutenir les fonctions musculaires et cognitives pendant l'entra\u00eenement, notamment de la vitamine D, de l'acide ascorbique, de la niacine, de la vitamine B6, de la vitamine B12, du calcium et du zinc.  <\/p>\n<p>Ces nutriments aident \u00e0 r\u00e9duire la fatigue, \u00e0 maintenir une fonction musculaire normale et \u00e0 am\u00e9liorer le m\u00e9tabolisme \u00e9nerg\u00e9tique, entre autres avantages. Avec Total Rush 2.0, vous b\u00e9n\u00e9ficierez d'une puissance \u00e9nerg\u00e9tique sup\u00e9rieure et d'une performance optimale \u00e0 chaque s\u00e9ance d'entra\u00eenement.<\/p>","protected":false},"excerpt":{"rendered":"<p>Formule incroyable qui stimule l'entra\u00eenement et l'engorgement musculaire. Faible teneur en hydrates de carbone<br \/>\nAvec 6g de Citrulline, Cr\u00e9atine, Arginine, Glutapep\u00ae, Oxystorm\u00ae et Beta-Alanine<br \/>\nAvec de la caf\u00e9ine, de la taurine, des acides amin\u00e9s, des vitamines et des min\u00e9raux.<\/p>","protected":false},"featured_media":54201,"template":"","meta":{"inline_featured_image":false},"product_cat":[4778,4801],"product_tag":[],"acf":[],"_links":{"self":[{"href":"https:\/\/weider.es\/fr\/wp-json\/wp\/v2\/product\/53822"}],"collection":[{"href":"https:\/\/weider.es\/fr\/wp-json\/wp\/v2\/product"}],"about":[{"href":"https:\/\/weider.es\/fr\/wp-json\/wp\/v2\/types\/product"}],"wp:featuredmedia":[{"embeddable":true,"href":"https:\/\/weider.es\/fr\/wp-json\/wp\/v2\/media\/54201"}],"wp:attachment":[{"href":"https:\/\/weider.es\/fr\/wp-json\/wp\/v2\/media?parent=53822"}],"wp:term":[{"taxonomy":"product_cat","embeddable":true,"href":"https:\/\/weider.es\/fr\/wp-json\/wp\/v2\/product_cat?post=53822"},{"taxonomy":"product_tag","embeddable":true,"href":"https:\/\/weider.es\/fr\/wp-json\/wp\/v2\/product_tag?post=53822"}],"curies":[{"name":"wp","href":"https:\/\/api.w.org\/{rel}","templated":true}]}}