{"id":53833,"date":"2024-07-30T09:52:52","date_gmt":"2024-07-30T07:52:52","guid":{"rendered":"https:\/\/weider.es\/product\/32-protein-bar\/"},"modified":"2024-11-11T10:47:05","modified_gmt":"2024-11-11T09:47:05","slug":"32-protein-bar","status":"publish","type":"product","link":"https:\/\/weider.es\/fr\/produit\/32-protein-bar\/","title":{"rendered":"32% Barre prot\u00e9in\u00e9e"},"content":{"rendered":"<p>La BARRE DE PROTEINES 32% a une valeur \u00e9lev\u00e9e en prot\u00e9ines et des valeurs moyennes en glucides et en lipides. Elle constitue un excellent choix comme repas post-entra\u00eenement ou comme d\u00e9licieux en-cas prot\u00e9in\u00e9 entre les repas.<\/p>\n<p>Elle est fabriqu\u00e9e \u00e0 partir des meilleures sources de prot\u00e9ines, le blanc d'\u0153uf et les prot\u00e9ines de lait, qui garantissent la valeur biologique la plus \u00e9lev\u00e9e de cette barre.<\/p>\n<p>Elles sont enrob\u00e9es d'une fine couche de chocolat au lait pour rehausser leur go\u00fbt d\u00e9licieux. Si vous surveillez votre alimentation et que vous vous entra\u00eenez dur, vous avez besoin d'une barre comme la 32% PROTEIN BAR pour tirer le meilleur parti de votre entra\u00eenement.<\/p>","protected":false},"excerpt":{"rendered":"<p>32% Barre prot\u00e9in\u00e9e<br \/>\n19g de prot\u00e9ines par barre<br \/>\nSans graisses trans D\u00e9licieux et \u00e9tonnamment d\u00e9licieux parfums enrob\u00e9s de chocolat au lait<\/p>","protected":false},"featured_media":54941,"template":"","meta":{"inline_featured_image":false},"product_cat":[4779],"product_tag":[],"acf":[],"_links":{"self":[{"href":"https:\/\/weider.es\/fr\/wp-json\/wp\/v2\/product\/53833"}],"collection":[{"href":"https:\/\/weider.es\/fr\/wp-json\/wp\/v2\/product"}],"about":[{"href":"https:\/\/weider.es\/fr\/wp-json\/wp\/v2\/types\/product"}],"wp:featuredmedia":[{"embeddable":true,"href":"https:\/\/weider.es\/fr\/wp-json\/wp\/v2\/media\/54941"}],"wp:attachment":[{"href":"https:\/\/weider.es\/fr\/wp-json\/wp\/v2\/media?parent=53833"}],"wp:term":[{"taxonomy":"product_cat","embeddable":true,"href":"https:\/\/weider.es\/fr\/wp-json\/wp\/v2\/product_cat?post=53833"},{"taxonomy":"product_tag","embeddable":true,"href":"https:\/\/weider.es\/fr\/wp-json\/wp\/v2\/product_tag?post=53833"}],"curies":[{"name":"wp","href":"https:\/\/api.w.org\/{rel}","templated":true}]}}