{"id":53846,"date":"2024-07-30T09:52:52","date_gmt":"2024-07-30T07:52:52","guid":{"rendered":"https:\/\/weider.es\/product\/40-prot-low-carb-bar\/"},"modified":"2024-11-11T10:42:03","modified_gmt":"2024-11-11T09:42:03","slug":"40-prot-low-carb-bar","status":"publish","type":"product","link":"https:\/\/weider.es\/fr\/produit\/40-prot-low-carb-bar\/","title":{"rendered":"40% Prot. Low Carb Bar"},"content":{"rendered":"<p>40% LOW CARB HIGH PROTEIN BAR est une barre prot\u00e9in\u00e9e con\u00e7ue sp\u00e9cialement pour les athl\u00e8tes qui recherchent un faible apport en glucides.<\/p>\n<p>- 40% de prot\u00e9ines par barre : Les prot\u00e9ines sont un nutriment essentiel pour am\u00e9liorer le processus de r\u00e9cup\u00e9ration musculaire. Il est tout aussi important que l'exercice de fournir \u00e0 l'organisme la quantit\u00e9 n\u00e9cessaire de prot\u00e9ines pour une croissance et une r\u00e9cup\u00e9ration musculaires optimales.<\/p>\n<p>- 2% de glucides nets : cette barre n'offre que 2% de glucides nets, car les glucides qu'elle contient sont principalement des polyols qui ne peuvent \u00eatre assimil\u00e9s par l'organisme, de sorte qu'ils apportent peu de calories, soit l'apport r\u00e9el de 2%.<\/p>\n<p>Cette barre se distingue comme \u00e9tant l'option la plus faible en glucides nets disponible sur le march\u00e9.<\/p>","protected":false},"excerpt":{"rendered":"<p>Fournit 40% de prot\u00e9ines propres et seulement 2g de glucides nets par barre. Compl\u00e8te id\u00e9alement pendant la phase de construction musculaire.<\/p>","protected":false},"featured_media":54943,"template":"","meta":{"inline_featured_image":false},"product_cat":[4779],"product_tag":[],"acf":[],"_links":{"self":[{"href":"https:\/\/weider.es\/fr\/wp-json\/wp\/v2\/product\/53846"}],"collection":[{"href":"https:\/\/weider.es\/fr\/wp-json\/wp\/v2\/product"}],"about":[{"href":"https:\/\/weider.es\/fr\/wp-json\/wp\/v2\/types\/product"}],"wp:featuredmedia":[{"embeddable":true,"href":"https:\/\/weider.es\/fr\/wp-json\/wp\/v2\/media\/54943"}],"wp:attachment":[{"href":"https:\/\/weider.es\/fr\/wp-json\/wp\/v2\/media?parent=53846"}],"wp:term":[{"taxonomy":"product_cat","embeddable":true,"href":"https:\/\/weider.es\/fr\/wp-json\/wp\/v2\/product_cat?post=53846"},{"taxonomy":"product_tag","embeddable":true,"href":"https:\/\/weider.es\/fr\/wp-json\/wp\/v2\/product_tag?post=53846"}],"curies":[{"name":"wp","href":"https:\/\/api.w.org\/{rel}","templated":true}]}}