{"id":53855,"date":"2024-07-30T09:52:52","date_gmt":"2024-07-30T07:52:52","guid":{"rendered":"https:\/\/weider.es\/product\/60-protein-bar\/"},"modified":"2024-11-11T10:39:37","modified_gmt":"2024-11-11T09:39:37","slug":"60-protein-bar","status":"publish","type":"product","link":"https:\/\/weider.es\/fr\/produit\/60-barres-proteinees\/","title":{"rendered":"60% Barre prot\u00e9in\u00e9e"},"content":{"rendered":"<p>La barre prot\u00e9in\u00e9e 60% offre un niveau de prot\u00e9ines sans pr\u00e9c\u00e9dent dans une barre, avec jusqu'\u00e0 27 grammes de prot\u00e9ines par barre. Les prot\u00e9ines sont essentielles \u00e0 la croissance et au maintien des muscles, qu'il s'agisse de d\u00e9velopper la masse musculaire ou de d\u00e9finir et de tonifier le corps.<\/p>\n<p>Avec seulement 168 kcal par barre, moins de 5 grammes de graisse et seulement 0,4 gramme de sucres, c'est un excellent choix pour ceux qui cherchent \u00e0 d\u00e9finir ou \u00e0 perdre du poids. En outre, chaque barre fournit 4 grammes de BCAA dans le rapport optimal 2:1:1 pour la construction musculaire et 2,5 grammes de L-Glutamine pour favoriser la r\u00e9cup\u00e9ration post-entra\u00eenement.<\/p>\n<p>La formule unique de la barre prot\u00e9in\u00e9e 60% comprend 5 mg de zinc, un min\u00e9ral essentiel \u00e0 la fonction hormonale et \u00e0 la capacit\u00e9 antioxydante du corps. Elle est \u00e9galement fabriqu\u00e9e sans aspartame et sans huile de palme.<\/p>\n<p>Il est polyvalent et peut \u00eatre consomm\u00e9 \u00e0 diff\u00e9rents moments de la journ\u00e9e : le matin dans le cadre d'un petit-d\u00e9jeuner riche en prot\u00e9ines, entre les repas en tant qu'en-cas, en tant qu'en-cas de pr\u00e9-entra\u00eenement ou pour la r\u00e9cup\u00e9ration post-entra\u00eenement. Son d\u00e9licieux enrobage chocolat\u00e9 et ses fabuleuses saveurs font de chaque bouch\u00e9e un d\u00e9lice tout en comblant vos besoins en prot\u00e9ines.<\/p>","protected":false},"excerpt":{"rendered":"<p>Contient 3 g de BCAA par barre<br \/>\n- Contient 2,5 g de glutamine par stick<br \/>\n- 60% de prot\u00e9ines et une saveur incroyable<br \/>\n- Seulement 0,4 g de sucre par b\u00e2tonnet<\/p>","protected":false},"featured_media":54219,"template":"","meta":{"inline_featured_image":false},"product_cat":[4779,4842],"product_tag":[],"acf":[],"_links":{"self":[{"href":"https:\/\/weider.es\/fr\/wp-json\/wp\/v2\/product\/53855"}],"collection":[{"href":"https:\/\/weider.es\/fr\/wp-json\/wp\/v2\/product"}],"about":[{"href":"https:\/\/weider.es\/fr\/wp-json\/wp\/v2\/types\/product"}],"wp:featuredmedia":[{"embeddable":true,"href":"https:\/\/weider.es\/fr\/wp-json\/wp\/v2\/media\/54219"}],"wp:attachment":[{"href":"https:\/\/weider.es\/fr\/wp-json\/wp\/v2\/media?parent=53855"}],"wp:term":[{"taxonomy":"product_cat","embeddable":true,"href":"https:\/\/weider.es\/fr\/wp-json\/wp\/v2\/product_cat?post=53855"},{"taxonomy":"product_tag","embeddable":true,"href":"https:\/\/weider.es\/fr\/wp-json\/wp\/v2\/product_tag?post=53855"}],"curies":[{"name":"wp","href":"https:\/\/api.w.org\/{rel}","templated":true}]}}