{"id":53881,"date":"2024-07-30T09:57:46","date_gmt":"2024-07-30T07:57:46","guid":{"rendered":"https:\/\/weider.es\/product\/weider-classic-bar\/"},"modified":"2025-01-13T09:51:12","modified_gmt":"2025-01-13T08:51:12","slug":"weider-classic-bar","status":"publish","type":"product","link":"https:\/\/weider.es\/fr\/produit\/weider-classic-bar\/","title":{"rendered":"Weider Classic Bar"},"content":{"rendered":"<p>Ces barres prot\u00e9in\u00e9es sont un choix parfait comme collation ou comme suppl\u00e9ment avant ou apr\u00e8s l'entra\u00eenement. Avec un pourcentage \u00e9lev\u00e9 de prot\u00e9ines, elles fournissent les acides amin\u00e9s n\u00e9cessaires \u00e0 la r\u00e9cup\u00e9ration musculaire apr\u00e8s l'usure de l'entra\u00eenement, ce qui favorise le maintien et le d\u00e9veloppement des muscles.<\/p>\n<p>Elles sont \u00e9galement pauvres en sucres, ce qui les rend id\u00e9ales pour ceux qui cherchent \u00e0 maintenir un mode de vie sain. Ils sont une source d'\u00e9nergie et de prot\u00e9ines de qualit\u00e9, parfaits pour satisfaire les fringales de mani\u00e8re saine. La combinaison de saveurs d\u00e9licieuses et de nutriments essentiels en fait un choix id\u00e9al pour compl\u00e9ter un mode de vie actif.<\/p>","protected":false},"excerpt":{"rendered":"<p>- 33% de prot\u00e9ines<\/p>\n<p>- 105 Kcal par barre<\/p>\n<p>- Texture lisse et enrobage chocolat\u00e9 pour une exp\u00e9rience d\u00e9licieuse.<\/p>","protected":false},"featured_media":55518,"template":"","meta":{"inline_featured_image":false},"product_cat":[4779],"product_tag":[],"acf":[],"_links":{"self":[{"href":"https:\/\/weider.es\/fr\/wp-json\/wp\/v2\/product\/53881"}],"collection":[{"href":"https:\/\/weider.es\/fr\/wp-json\/wp\/v2\/product"}],"about":[{"href":"https:\/\/weider.es\/fr\/wp-json\/wp\/v2\/types\/product"}],"wp:featuredmedia":[{"embeddable":true,"href":"https:\/\/weider.es\/fr\/wp-json\/wp\/v2\/media\/55518"}],"wp:attachment":[{"href":"https:\/\/weider.es\/fr\/wp-json\/wp\/v2\/media?parent=53881"}],"wp:term":[{"taxonomy":"product_cat","embeddable":true,"href":"https:\/\/weider.es\/fr\/wp-json\/wp\/v2\/product_cat?post=53881"},{"taxonomy":"product_tag","embeddable":true,"href":"https:\/\/weider.es\/fr\/wp-json\/wp\/v2\/product_tag?post=53881"}],"curies":[{"name":"wp","href":"https:\/\/api.w.org\/{rel}","templated":true}]}}