{"id":53899,"date":"2024-07-30T09:57:46","date_gmt":"2024-07-30T07:57:46","guid":{"rendered":"https:\/\/weider.es\/product\/protein-cookies\/"},"modified":"2024-11-11T10:52:10","modified_gmt":"2024-11-11T09:52:10","slug":"protein-cookies","status":"publish","type":"product","link":"https:\/\/weider.es\/fr\/produit\/protein-cookies\/","title":{"rendered":"Biscuits prot\u00e9in\u00e9s"},"content":{"rendered":"<p>Le biscuit prot\u00e9in\u00e9 Weider est bien plus qu'un d\u00e9licieux en-cas : c'est aussi une excellente source de prot\u00e9ines v\u00e9g\u00e9tales.<\/p>\n<p>Riche en nutriments, en glucides et en prot\u00e9ines, ce biscuit contribue \u00e0 la croissance et \u00e0 la r\u00e9paration de la masse musculaire. Pour atteindre un \u00e9tat anabolique optimal, il est crucial de maintenir une alimentation riche en \u00e9nergie et en prot\u00e9ines. Cependant, il est parfois difficile d'obtenir la quantit\u00e9 n\u00e9cessaire d'\u00e9nergie et de nutriments \u00e0 partir de sources saines.<\/p>\n<p>Le corps a besoin de r\u00e9cup\u00e9rer apr\u00e8s l'exercice, et Weider Protein Cookie fournit des nutriments et des prot\u00e9ines essentiels pour la croissance et la r\u00e9paration des muscles.<\/p>\n<p>Avec jusqu'\u00e0 22 grammes de prot\u00e9ines v\u00e9g\u00e9tales 100% et 445 kcal par biscuit, il est id\u00e9al pour les sportifs qui ont besoin d'une grande quantit\u00e9 d'\u00e9nergie, par exemple pendant les p\u00e9riodes de volume ou dans les sports \u00e0 forte d\u00e9pense \u00e9nerg\u00e9tique, comme les sports de montagne ou d'endurance.<\/p>\n<p>En outre, Protein Cookie convient aux v\u00e9g\u00e9taliens et ne contient pas de produits laitiers ou d'\u0153ufs. Il ne contient pas non plus d'organismes g\u00e9n\u00e9tiquement modifi\u00e9s ni d'\u00e9dulcorants ajout\u00e9s.<\/p>\n<p>Gr\u00e2ce \u00e0 son conditionnement pratique en unidoses, vous pouvez l'emporter avec vous et le d\u00e9guster \u00e0 tout moment et en tout lieu. Emportez-le toujours avec vous dans votre sac \u00e0 dos pour \u00e9viter la tentation de manger des aliments malsains.<\/p>\n<p>Une fois que vous l'aurez go\u00fbt\u00e9, vous ne pourrez pas r\u00e9sister \u00e0 l'envie d'en manger encore et encore !<\/p>","protected":false},"excerpt":{"rendered":"<p>Energie et prot\u00e9ines \u00e0 emporter - 100% Vegan - Sans huile de palme ni \u00e9dulcorants<\/p>","protected":false},"featured_media":54241,"template":"","meta":{"inline_featured_image":false},"product_cat":[4779,4842,4781],"product_tag":[],"acf":[],"_links":{"self":[{"href":"https:\/\/weider.es\/fr\/wp-json\/wp\/v2\/product\/53899"}],"collection":[{"href":"https:\/\/weider.es\/fr\/wp-json\/wp\/v2\/product"}],"about":[{"href":"https:\/\/weider.es\/fr\/wp-json\/wp\/v2\/types\/product"}],"wp:featuredmedia":[{"embeddable":true,"href":"https:\/\/weider.es\/fr\/wp-json\/wp\/v2\/media\/54241"}],"wp:attachment":[{"href":"https:\/\/weider.es\/fr\/wp-json\/wp\/v2\/media?parent=53899"}],"wp:term":[{"taxonomy":"product_cat","embeddable":true,"href":"https:\/\/weider.es\/fr\/wp-json\/wp\/v2\/product_cat?post=53899"},{"taxonomy":"product_tag","embeddable":true,"href":"https:\/\/weider.es\/fr\/wp-json\/wp\/v2\/product_tag?post=53899"}],"curies":[{"name":"wp","href":"https:\/\/api.w.org\/{rel}","templated":true}]}}