{"id":53918,"date":"2024-07-30T09:57:46","date_gmt":"2024-07-30T07:57:46","guid":{"rendered":"https:\/\/weider.es\/product\/joes-core-bar\/"},"modified":"2024-11-11T10:37:57","modified_gmt":"2024-11-11T09:37:57","slug":"joes-core-bar","status":"publish","type":"product","link":"https:\/\/weider.es\/fr\/produit\/joes-core-bar\/","title":{"rendered":"JOE'S Core Bar"},"content":{"rendered":"<p>Nos nouvelles barres prot\u00e9in\u00e9es sont vraiment sp\u00e9ciales, c'est pourquoi nous les avons nomm\u00e9es d'apr\u00e8s le fondateur de notre soci\u00e9t\u00e9, M. Joe Weider.<\/p>\n<p>Les barres prot\u00e9in\u00e9es Joe's Core Bars se distinguent non seulement par leurs excellentes valeurs nutritionnelles, mais aussi par leur go\u00fbt incroyable et leur fantaisie, comparable \u00e0 celui des barres chocolat\u00e9es conventionnelles. Leur p\u00e2te prot\u00e9in\u00e9e moelleuse est parsem\u00e9e de v\u00e9ritables copeaux de noix de coco ou de morceaux de noisettes et est remplie d'une d\u00e9licieuse cr\u00e8me riche en prot\u00e9ines, enrob\u00e9e d'un irr\u00e9sistible chocolat blanc ou au lait pour satisfaire tous les go\u00fbts.<\/p>\n<p>Avec respectivement 31% et 32% de prot\u00e9ines, ces irr\u00e9sistibles barres prot\u00e9in\u00e9es Joe's Core Bar sont parfaites pour toute personne physiquement active ou tout athl\u00e8te, car elles contribuent au maintien et \u00e0 la croissance des muscles. Que vous essayiez de perdre du poids ou de gagner de la masse musculaire, ces barres vous fourniront des prot\u00e9ines de haute qualit\u00e9 \u00e0 tout moment. De plus, avec seulement 185 calories par barre et une faible teneur en sucre, elles sont id\u00e9ales pour une g\u00e2terie sucr\u00e9e sans culpabilit\u00e9.<\/p>\n<p>Disponible en deux d\u00e9licieux parfums : noisette-nougat et chocolat blanc-coco (45 g par barre).<\/p>\n<p>Chez Weider, notre mission est de fournir \u00e0 nos clients la meilleure nutrition et les meilleurs suppl\u00e9ments sportifs afin qu'ils puissent mener une vie saine et atteindre leurs objectifs sportifs. Avec plus de 85 ans d'exp\u00e9rience dans ce secteur, nous comprenons l'importance d'utiliser uniquement les ingr\u00e9dients les plus fiables et de la plus haute qualit\u00e9 dans tous nos produits.<\/p>","protected":false},"excerpt":{"rendered":"<p>32% de prot\u00e9ines par barre n'a jamais \u00e9t\u00e9 aussi d\u00e9licieux !<br \/>\n- Seulement 1,7 g de sucre par b\u00e2tonnet<br \/>\n- Parsem\u00e9 de morceaux de vraies noisettes<\/p>","protected":false},"featured_media":54253,"template":"","meta":{"inline_featured_image":false},"product_cat":[4779],"product_tag":[],"acf":[],"_links":{"self":[{"href":"https:\/\/weider.es\/fr\/wp-json\/wp\/v2\/product\/53918"}],"collection":[{"href":"https:\/\/weider.es\/fr\/wp-json\/wp\/v2\/product"}],"about":[{"href":"https:\/\/weider.es\/fr\/wp-json\/wp\/v2\/types\/product"}],"wp:featuredmedia":[{"embeddable":true,"href":"https:\/\/weider.es\/fr\/wp-json\/wp\/v2\/media\/54253"}],"wp:attachment":[{"href":"https:\/\/weider.es\/fr\/wp-json\/wp\/v2\/media?parent=53918"}],"wp:term":[{"taxonomy":"product_cat","embeddable":true,"href":"https:\/\/weider.es\/fr\/wp-json\/wp\/v2\/product_cat?post=53918"},{"taxonomy":"product_tag","embeddable":true,"href":"https:\/\/weider.es\/fr\/wp-json\/wp\/v2\/product_tag?post=53918"}],"curies":[{"name":"wp","href":"https:\/\/api.w.org\/{rel}","templated":true}]}}