{"id":53927,"date":"2024-07-30T09:57:46","date_gmt":"2024-07-30T07:57:46","guid":{"rendered":"https:\/\/weider.es\/product\/joes-soft-bar\/"},"modified":"2024-11-11T10:38:41","modified_gmt":"2024-11-11T09:38:41","slug":"joes-soft-bar","status":"publish","type":"product","link":"https:\/\/weider.es\/fr\/produit\/joes-soft-bar\/","title":{"rendered":"JOE'S Soft Bar"},"content":{"rendered":"<p>Nos nouvelles barres prot\u00e9in\u00e9es sont vraiment sp\u00e9ciales, c'est pourquoi nous avons d\u00e9cid\u00e9 de leur donner le nom du fondateur de notre entreprise, M. Joe Weider.<\/p>\n<p>Ces barres tendres Joe's se distinguent non seulement par leurs valeurs nutritionnelles irr\u00e9prochables, mais rivalisent \u00e9galement avec n'importe quelle barre chocolat\u00e9e conventionnelle en termes de go\u00fbt et de plaisir.<\/p>\n<p>L'int\u00e9rieur de la barre est incroyablement lisse et recouvert d'une couche de caramel cr\u00e9meux, le tout envelopp\u00e9 dans le meilleur chocolat au lait. Elle contient \u00e9galement 10% de v\u00e9ritables morceaux de cacahu\u00e8tes, pour une exp\u00e9rience gustative unique.<\/p>\n<p>Avec plus de 25% de prot\u00e9ines, ces d\u00e9licieuses barres prot\u00e9in\u00e9es Joe's Soft Bar sont parfaites pour toute personne physiquement active ou tout athl\u00e8te, car elles contribuent au maintien et \u00e0 la croissance de la masse musculaire. De plus, chaque barre contient moins de 200 calories et est pauvre en sucre, ce qui en fait la friandise parfaite pour les personnes soucieuses de leur sant\u00e9 et de leurs calories.<\/p>\n<p>Chez Weider, notre mission est de fournir \u00e0 nos clients la meilleure nutrition sportive afin qu'ils puissent mener une vie saine et atteindre leurs objectifs sportifs. Avec plus de 85 ans d'exp\u00e9rience dans ce secteur, nous comprenons l'importance d'utiliser les ingr\u00e9dients les plus fiables et de la plus haute qualit\u00e9 dans tous nos produits.<\/p>","protected":false},"excerpt":{"rendered":"<p>Noyau app\u00e9tissant de prot\u00e9ines douces, enrobage de caramel cr\u00e9meux, et<br \/>\nd\u00e9licieux chocolat de couverture au lait<br \/>\n- Seulement 1,8 g de sucre par b\u00e2tonnet<br \/>\n- La teneur \u00e9lev\u00e9e en prot\u00e9ines contribue \u00e0 la croissance et \u00e0 l'entretien de l'organisme.<br \/>\nde masse musculaire !<\/p>","protected":false},"featured_media":54259,"template":"","meta":{"inline_featured_image":false},"product_cat":[4779,4842],"product_tag":[],"acf":[],"_links":{"self":[{"href":"https:\/\/weider.es\/fr\/wp-json\/wp\/v2\/product\/53927"}],"collection":[{"href":"https:\/\/weider.es\/fr\/wp-json\/wp\/v2\/product"}],"about":[{"href":"https:\/\/weider.es\/fr\/wp-json\/wp\/v2\/types\/product"}],"wp:featuredmedia":[{"embeddable":true,"href":"https:\/\/weider.es\/fr\/wp-json\/wp\/v2\/media\/54259"}],"wp:attachment":[{"href":"https:\/\/weider.es\/fr\/wp-json\/wp\/v2\/media?parent=53927"}],"wp:term":[{"taxonomy":"product_cat","embeddable":true,"href":"https:\/\/weider.es\/fr\/wp-json\/wp\/v2\/product_cat?post=53927"},{"taxonomy":"product_tag","embeddable":true,"href":"https:\/\/weider.es\/fr\/wp-json\/wp\/v2\/product_tag?post=53927"}],"curies":[{"name":"wp","href":"https:\/\/api.w.org\/{rel}","templated":true}]}}