{"id":53943,"date":"2024-07-30T09:57:46","date_gmt":"2024-07-30T07:57:46","guid":{"rendered":"https:\/\/weider.es\/product\/endurance-bar\/"},"modified":"2025-01-09T14:41:40","modified_gmt":"2025-01-09T13:41:40","slug":"endurance-bar","status":"publish","type":"product","link":"https:\/\/weider.es\/fr\/produit\/endurance-bar\/","title":{"rendered":"Barre d'endurance"},"content":{"rendered":"<p>La d\u00e9licieuse barre Endurance est compos\u00e9e de plus de 39 grammes d'avoine pure et, pour apporter une touche sp\u00e9ciale, des fruits tropicaux tels que l'ananas et la papaye ont \u00e9t\u00e9 ajout\u00e9s, ce qui non seulement am\u00e9liore le go\u00fbt, mais fournit \u00e9galement des enzymes digestives qui facilitent la digestion.<\/p>\n<p>Con\u00e7ue pour fournir une \u00e9nergie durable, la barre Endurance contient les bonnes proportions de nutriments, avec 66,5% des calories totales provenant des hydrates de carbone. Ces glucides sont combin\u00e9s de mani\u00e8re optimale pour pr\u00e9venir la fatigue pendant l'entra\u00eenement ou la comp\u00e9tition. Gr\u00e2ce \u00e0 sa composition riche en c\u00e9r\u00e9ales et en fruits, elle fournit une \u00e9nergie rapide et durable.<\/p>\n<p>Faible en mati\u00e8res grasses et contenant plus de 58% de graisses v\u00e9g\u00e9tales, il constitue un choix plus sain pour la sant\u00e9 et le c\u0153ur.<\/p>\n<p>Pour toutes ces raisons, la barre Endurance est le choix id\u00e9al \u00e0 consommer avant un exercice intense et prolong\u00e9.<\/p>\n<p>Et maintenant disponible dans l'irr\u00e9sistible saveur banane-chocolat blanc !<\/p>","protected":false},"excerpt":{"rendered":"<p>Barrita<\/p>","protected":false},"featured_media":55520,"template":"","meta":{"inline_featured_image":false},"product_cat":[4779,4782],"product_tag":[],"acf":[],"_links":{"self":[{"href":"https:\/\/weider.es\/fr\/wp-json\/wp\/v2\/product\/53943"}],"collection":[{"href":"https:\/\/weider.es\/fr\/wp-json\/wp\/v2\/product"}],"about":[{"href":"https:\/\/weider.es\/fr\/wp-json\/wp\/v2\/types\/product"}],"wp:featuredmedia":[{"embeddable":true,"href":"https:\/\/weider.es\/fr\/wp-json\/wp\/v2\/media\/55520"}],"wp:attachment":[{"href":"https:\/\/weider.es\/fr\/wp-json\/wp\/v2\/media?parent=53943"}],"wp:term":[{"taxonomy":"product_cat","embeddable":true,"href":"https:\/\/weider.es\/fr\/wp-json\/wp\/v2\/product_cat?post=53943"},{"taxonomy":"product_tag","embeddable":true,"href":"https:\/\/weider.es\/fr\/wp-json\/wp\/v2\/product_tag?post=53943"}],"curies":[{"name":"wp","href":"https:\/\/api.w.org\/{rel}","templated":true}]}}