{"id":53951,"date":"2024-07-30T10:03:40","date_gmt":"2024-07-30T08:03:40","guid":{"rendered":"https:\/\/weider.es\/product\/natures-energy-bar\/"},"modified":"2025-01-13T10:18:07","modified_gmt":"2025-01-13T09:18:07","slug":"natures-energy-bar","status":"publish","type":"product","link":"https:\/\/weider.es\/fr\/produit\/natures-energy-bar\/","title":{"rendered":"Barre \u00e9nerg\u00e9tique de la nature"},"content":{"rendered":"<p>D\u00e9licieuse barre compos\u00e9e de 33% d'avoine et 41% de fruits, au go\u00fbt incomparable.<\/p>\n<p>D\u00e9velopp\u00e9 pour assurer un apport \u00e9nerg\u00e9tique de longue dur\u00e9e, avec plus de 64 % d'hydrates de carbone, combin\u00e9s pour pr\u00e9venir la fatigue pendant l'entra\u00eenement et la comp\u00e9tition.<\/p>\n<p>- Avec ses 60 g, cette barre est id\u00e9ale pour \u00eatre emport\u00e9e partout. Elle est \u00e9galement tr\u00e8s digeste et, comme elle ne contient pas de chocolat, elle ne fondra pas et ne s'ab\u00eemera pas \u00e0 la chaleur.<\/p>\n<p>- Vous pouvez le trouver en deux saveurs : pomme et fraise - faites votre choix !<\/p>\n<p>- Teneur en graisses d'origine v\u00e9g\u00e9tale avec moins de 0,21 TTP3T de graisses trans satur\u00e9es.<\/p>","protected":false},"excerpt":{"rendered":"<p>Formule am\u00e9lior\u00e9e !<br \/>\nBarre \u00e9nerg\u00e9tique avec 43% de fruits et 64% de glucides<br \/>\nSans huile de palme<\/p>","protected":false},"featured_media":55530,"template":"","meta":{"inline_featured_image":false},"product_cat":[4779],"product_tag":[],"acf":[],"_links":{"self":[{"href":"https:\/\/weider.es\/fr\/wp-json\/wp\/v2\/product\/53951"}],"collection":[{"href":"https:\/\/weider.es\/fr\/wp-json\/wp\/v2\/product"}],"about":[{"href":"https:\/\/weider.es\/fr\/wp-json\/wp\/v2\/types\/product"}],"wp:featuredmedia":[{"embeddable":true,"href":"https:\/\/weider.es\/fr\/wp-json\/wp\/v2\/media\/55530"}],"wp:attachment":[{"href":"https:\/\/weider.es\/fr\/wp-json\/wp\/v2\/media?parent=53951"}],"wp:term":[{"taxonomy":"product_cat","embeddable":true,"href":"https:\/\/weider.es\/fr\/wp-json\/wp\/v2\/product_cat?post=53951"},{"taxonomy":"product_tag","embeddable":true,"href":"https:\/\/weider.es\/fr\/wp-json\/wp\/v2\/product_tag?post=53951"}],"curies":[{"name":"wp","href":"https:\/\/api.w.org\/{rel}","templated":true}]}}