{"id":53959,"date":"2024-07-30T10:03:40","date_gmt":"2024-07-30T08:03:40","guid":{"rendered":"https:\/\/weider.es\/product\/recovery-bar-whey-protein\/"},"modified":"2025-01-09T14:46:21","modified_gmt":"2025-01-09T13:46:21","slug":"recovery-bar-whey-protein","status":"publish","type":"product","link":"https:\/\/weider.es\/fr\/produit\/recovery-bar-whey-protein\/","title":{"rendered":"Recovery Bar Whey Protein"},"content":{"rendered":"<p>Cette d\u00e9licieuse barre a \u00e9t\u00e9 \u00e9labor\u00e9e avec 32% de prot\u00e9ines, mais avec l'ajout d'un biscuit croustillant et d'un enrobage chocolat\u00e9 pour la rendre irr\u00e9sistible. Recovery Bar a \u00e9t\u00e9 con\u00e7ue pour contenir les bonnes proportions de nutriments afin d'assurer une r\u00e9cup\u00e9ration optimale. Elle est \u00e9galement compl\u00e9t\u00e9e par un vaste complexe de vitamines, ce qui en fait une barre tr\u00e8s saine. Pour toutes ces raisons, Recovery Bar est la barre id\u00e9ale \u00e0 consommer apr\u00e8s un exercice intense et prolong\u00e9.<\/p>","protected":false},"excerpt":{"rendered":"<p>D\u00e9licieuse gaufre enrob\u00e9e de chocolat<br \/>\nAvec la prot\u00e9ine 32%<br \/>\nMaintenant avec moins de sucre<\/p>","protected":false},"featured_media":55522,"template":"","meta":{"inline_featured_image":false},"product_cat":[4779],"product_tag":[],"acf":[],"_links":{"self":[{"href":"https:\/\/weider.es\/fr\/wp-json\/wp\/v2\/product\/53959"}],"collection":[{"href":"https:\/\/weider.es\/fr\/wp-json\/wp\/v2\/product"}],"about":[{"href":"https:\/\/weider.es\/fr\/wp-json\/wp\/v2\/types\/product"}],"wp:featuredmedia":[{"embeddable":true,"href":"https:\/\/weider.es\/fr\/wp-json\/wp\/v2\/media\/55522"}],"wp:attachment":[{"href":"https:\/\/weider.es\/fr\/wp-json\/wp\/v2\/media?parent=53959"}],"wp:term":[{"taxonomy":"product_cat","embeddable":true,"href":"https:\/\/weider.es\/fr\/wp-json\/wp\/v2\/product_cat?post=53959"},{"taxonomy":"product_tag","embeddable":true,"href":"https:\/\/weider.es\/fr\/wp-json\/wp\/v2\/product_tag?post=53959"}],"curies":[{"name":"wp","href":"https:\/\/api.w.org\/{rel}","templated":true}]}}