{"id":53977,"date":"2024-07-30T10:03:40","date_gmt":"2024-07-30T08:03:40","guid":{"rendered":"https:\/\/weider.es\/product\/energy-jelly-bar\/"},"modified":"2024-10-17T10:27:41","modified_gmt":"2024-10-17T08:27:41","slug":"energy-jelly-bar","status":"publish","type":"product","link":"https:\/\/weider.es\/fr\/produit\/energy-jelly-bar-2\/","title":{"rendered":"Barre \u00e9nerg\u00e9tique en gel\u00e9e"},"content":{"rendered":"<p>La barre g\u00e9lifi\u00e9e Victory Endurance Energy est con\u00e7ue pour fournir de l'\u00e9nergie pendant les s\u00e9ances d'entra\u00eenement tout en \u00e9tant facile \u00e0 dig\u00e9rer et \u00e0 assimiler, gr\u00e2ce \u00e0 sa texture g\u00e9lifi\u00e9e agr\u00e9able.<\/p>\n<p>Cette barre contient des glucides rapidement assimilables, de la pulpe de fruit, des acides amin\u00e9s, des vitamines, des \u00e9lectrolytes et du jus de betterave, riche en nitrates qui favorisent la vasodilatation.<\/p>\n<p>Il se distingue par sa texture g\u00e9latineuse, \u00e0 base de pulpe de pomme, qui le rend doux et tr\u00e8s facile \u00e0 avaler. Elle est donc facile \u00e0 ing\u00e9rer pendant l'entra\u00eenement, car il n'est pas n\u00e9cessaire de trop m\u00e2cher. En outre, cette barre offre de nouvelles possibilit\u00e9s pour obtenir de l'\u00e9nergie pendant l'exercice, ce qui en fait une alternative id\u00e9ale aux gels \u00e9nerg\u00e9tiques.<\/p>\n<p>Que nous apporte chaque barreau ?<\/p>\n<p>Glucides rapidement assimilables : pour nourrir les cellules musculaires et optimiser les performances pendant l'exercice.<\/p>\n<p>Chlore, potassium et sodium : pour compenser les pertes d'\u00e9lectrolytes, maintenir l'\u00e9quilibre hydrique et pr\u00e9venir la d\u00e9shydratation.<\/p>\n<p>Vitamines B1 et B6 : pour favoriser un m\u00e9tabolisme \u00e9nerg\u00e9tique normal et r\u00e9duire la fatigue.<\/p>\n<p>Acides amin\u00e9s : comprend les acides amin\u00e9s \u00e0 cha\u00eene ramifi\u00e9e (BCAA), la L-arginine et la taurine.<\/p>\n<p>Faible teneur en graisses et en fibres : facilite la digestion pendant l'exercice.<\/p>\n<p>En outre, vous pouvez choisir entre l'option sans caf\u00e9ine, qui contient du jus de betterave naturellement riche en nitrates pour am\u00e9liorer l'oxyg\u00e9nation et les performances, et l'option avec caf\u00e9ine, qui contient de la caf\u00e9ine et du guarana pour am\u00e9liorer les performances \u00e0 court et \u00e0 long terme.<\/p>\n<p>La barre de gel\u00e9e \u00e9nerg\u00e9tique est l\u00e9g\u00e8re, confortable et concentr\u00e9e avec les ingr\u00e9dients n\u00e9cessaires pour pr\u00e9venir la fatigue pendant l'exercice et obtenir de bons r\u00e9sultats.<\/p>","protected":false},"excerpt":{"rendered":"<p>Barres \u00e9nerg\u00e9tiques avec des fruits<br \/>\nEnrichi en acides amin\u00e9s, vitamines et jus de betterave.<br \/>\nTexture gommeuse<\/p>","protected":false},"featured_media":54866,"template":"","meta":{"inline_featured_image":false},"product_cat":[4782,4783],"product_tag":[],"acf":[],"_links":{"self":[{"href":"https:\/\/weider.es\/fr\/wp-json\/wp\/v2\/product\/53977"}],"collection":[{"href":"https:\/\/weider.es\/fr\/wp-json\/wp\/v2\/product"}],"about":[{"href":"https:\/\/weider.es\/fr\/wp-json\/wp\/v2\/types\/product"}],"wp:featuredmedia":[{"embeddable":true,"href":"https:\/\/weider.es\/fr\/wp-json\/wp\/v2\/media\/54866"}],"wp:attachment":[{"href":"https:\/\/weider.es\/fr\/wp-json\/wp\/v2\/media?parent=53977"}],"wp:term":[{"taxonomy":"product_cat","embeddable":true,"href":"https:\/\/weider.es\/fr\/wp-json\/wp\/v2\/product_cat?post=53977"},{"taxonomy":"product_tag","embeddable":true,"href":"https:\/\/weider.es\/fr\/wp-json\/wp\/v2\/product_tag?post=53977"}],"curies":[{"name":"wp","href":"https:\/\/api.w.org\/{rel}","templated":true}]}}