{"id":53983,"date":"2024-07-30T10:03:40","date_gmt":"2024-07-30T08:03:40","guid":{"rendered":"https:\/\/weider.es\/product\/rush-rtd\/"},"modified":"2024-10-17T10:27:41","modified_gmt":"2024-10-17T08:27:41","slug":"rush-rtd","status":"publish","type":"product","link":"https:\/\/weider.es\/fr\/produit\/rush-rtd\/","title":{"rendered":"RUSH RTD"},"content":{"rendered":"<p>RUSH RTD de Weider est un complexe \u00e9nerg\u00e9tique innovant sous forme de boisson, con\u00e7u pour fournir de l'\u00e9nergie et de la concentration pendant les s\u00e9ances d'entra\u00eenement. Cette boisson pr\u00eate \u00e0 boire est un moyen pratique et agr\u00e9able de vous pr\u00e9parer \u00e0 vos s\u00e9ances d'entra\u00eenement, m\u00eame lorsque vous manquez d'\u00e9nergie. <\/p>\n<p>Chaque bo\u00eete de RUSH RTD contient une combinaison d'ingr\u00e9dients cl\u00e9s pour alimenter vos s\u00e9ances d'entra\u00eenement : citrulline, b\u00eata-alanine, taurine, L-arginine, niacine, zinc et une dose significative de 200 mg de caf\u00e9ine. <\/p>\n<p>Nous soulignons \u00e9galement la pr\u00e9sence de L-alanyl-L-Glutamine (Sustamine\u00ae), un peptide dont il a \u00e9t\u00e9 d\u00e9montr\u00e9 qu'il am\u00e9liore la r\u00e9gulation des fluides, favorise la r\u00e9hydratation musculaire et retarde la fatigue lors d'exercices intenses. <\/p>\n<p>En outre, RUSH RTD est faible en calories et ne contient ni glucides ni sucres, ce qui le rend adapt\u00e9 \u00e0 tous les objectifs, que ce soit pendant les p\u00e9riodes de renforcement musculaire ou de perte de poids et de d\u00e9finition. <\/p>\n<p>Appr\u00e9ciez le go\u00fbt de RUSH RTD lorsque vous vous pr\u00e9parez \u00e0 vous entra\u00eener et maximisez vos performances \u00e0 chaque s\u00e9ance.<\/p>","protected":false},"excerpt":{"rendered":"<p>- La boisson \u00e9nerg\u00e9tique Ready To Drink.<br \/>\n- Parfait avant vos s\u00e9ances d'entra\u00eenement.<br \/>\n- Sans sucre<\/p>","protected":false},"featured_media":54293,"template":"","meta":{"inline_featured_image":false},"product_cat":[4778],"product_tag":[],"acf":[],"_links":{"self":[{"href":"https:\/\/weider.es\/fr\/wp-json\/wp\/v2\/product\/53983"}],"collection":[{"href":"https:\/\/weider.es\/fr\/wp-json\/wp\/v2\/product"}],"about":[{"href":"https:\/\/weider.es\/fr\/wp-json\/wp\/v2\/types\/product"}],"wp:featuredmedia":[{"embeddable":true,"href":"https:\/\/weider.es\/fr\/wp-json\/wp\/v2\/media\/54293"}],"wp:attachment":[{"href":"https:\/\/weider.es\/fr\/wp-json\/wp\/v2\/media?parent=53983"}],"wp:term":[{"taxonomy":"product_cat","embeddable":true,"href":"https:\/\/weider.es\/fr\/wp-json\/wp\/v2\/product_cat?post=53983"},{"taxonomy":"product_tag","embeddable":true,"href":"https:\/\/weider.es\/fr\/wp-json\/wp\/v2\/product_tag?post=53983"}],"curies":[{"name":"wp","href":"https:\/\/api.w.org\/{rel}","templated":true}]}}