{"id":53991,"date":"2024-07-30T10:03:40","date_gmt":"2024-07-30T08:03:40","guid":{"rendered":"https:\/\/weider.es\/product\/l-carnitine-water\/"},"modified":"2024-10-17T10:27:41","modified_gmt":"2024-10-17T08:27:41","slug":"l-carnitine-water","status":"publish","type":"product","link":"https:\/\/weider.es\/fr\/produit\/l-carnitine-water\/","title":{"rendered":"L-Carnitine Eau"},"content":{"rendered":"<p>Boisson avec L-carnitine. Id\u00e9ale pour compenser les pertes de liquide pendant l'entra\u00eenement tout en favorisant le bon fonctionnement du m\u00e9tabolisme des lipides. Avec seulement 6 kcal par bouteille, cette boisson rafra\u00eechissante est parfaite pour se rafra\u00eechir pendant l'entra\u00eenement sans consommer de calories.<\/p>\n<p>La nouvelle eau de L-carnitine est sans calories, sans sucres, sans colorants et sans conservateurs. En outre, de la choline a \u00e9t\u00e9 ajout\u00e9e pour favoriser un m\u00e9tabolisme lipidique normal.<\/p>\n<p>Qu'est-ce que la L-Carnitine ?<\/p>\n<p>La L-carnitine est une mol\u00e9cule n\u00e9cessaire au transport des acides gras dans les mitochondries, o\u00f9 les graisses sont converties en \u00e9nergie, agissant comme la \"chaudi\u00e8re\" de l'organisme o\u00f9 la combustion des graisses a lieu et o\u00f9 l'\u00e9nergie est produite.<\/p>\n<p>Outre la perte de poids, la L-carnitine est utile dans le cadre d'un entra\u00eenement d'endurance intense, car elle aide \u00e0 obtenir de l'\u00e9nergie \u00e0 partir des graisses, en conservant les r\u00e9serves de glycog\u00e8ne et en rendant nos s\u00e9ances d'entra\u00eenement plus efficaces.<\/p>","protected":false},"excerpt":{"rendered":"<p>Facilite l'utilisation des graisses comme source d'\u00e9nergie<br \/>\nSans colorant ni conservateur<\/p>","protected":false},"featured_media":54298,"template":"","meta":{"inline_featured_image":false},"product_cat":[4785],"product_tag":[],"acf":[],"_links":{"self":[{"href":"https:\/\/weider.es\/fr\/wp-json\/wp\/v2\/product\/53991"}],"collection":[{"href":"https:\/\/weider.es\/fr\/wp-json\/wp\/v2\/product"}],"about":[{"href":"https:\/\/weider.es\/fr\/wp-json\/wp\/v2\/types\/product"}],"wp:featuredmedia":[{"embeddable":true,"href":"https:\/\/weider.es\/fr\/wp-json\/wp\/v2\/media\/54298"}],"wp:attachment":[{"href":"https:\/\/weider.es\/fr\/wp-json\/wp\/v2\/media?parent=53991"}],"wp:term":[{"taxonomy":"product_cat","embeddable":true,"href":"https:\/\/weider.es\/fr\/wp-json\/wp\/v2\/product_cat?post=53991"},{"taxonomy":"product_tag","embeddable":true,"href":"https:\/\/weider.es\/fr\/wp-json\/wp\/v2\/product_tag?post=53991"}],"curies":[{"name":"wp","href":"https:\/\/api.w.org\/{rel}","templated":true}]}}