{"id":54002,"date":"2024-07-30T10:03:40","date_gmt":"2024-07-30T08:03:40","guid":{"rendered":"https:\/\/weider.es\/product\/milk-protein-shake\/"},"modified":"2024-10-17T10:27:44","modified_gmt":"2024-10-17T08:27:44","slug":"milk-protein-shake","status":"publish","type":"product","link":"https:\/\/weider.es\/fr\/produit\/milk-protein-shake\/","title":{"rendered":"Lait prot\u00e9in\u00e9"},"content":{"rendered":"<p>Le MILK PROTEIN SHAKE contient 25 grammes de prot\u00e9ines laiti\u00e8res de la plus haute qualit\u00e9 et seulement 5 grammes de glucides, ce qui \u00e9quivaut au ratio id\u00e9al de perte de poids de 5:1 (ratio prot\u00e9ines\/glucides).<\/p>\n<p>Avec une faible teneur en mati\u00e8res grasses (moins de 3%), le MILK PROTEIN SHAKE convient aux p\u00e9riodes de r\u00e9gime ou de d\u00e9finition. Pour sa pr\u00e9paration, nous avons utilis\u00e9 des ingr\u00e9dients de la meilleure qualit\u00e9 et une teneur de 50 % de lait pur, ce qui lui conf\u00e8re une qualit\u00e9 optimale et une valeur biologique \u00e9lev\u00e9e.<\/p>\n<p>De plus, son conditionnement pratique dans une bo\u00eete tr\u00e8s l\u00e9g\u00e8re vous permet de d\u00e9guster un excellent shake facilement et n'importe o\u00f9, tout en contr\u00f4lant votre apport en prot\u00e9ines.<\/p>\n<p>Outre son go\u00fbt app\u00e9tissant, son profil nutritionnel est parfait pour un mode de vie sain : 25 g de prot\u00e9ines : issues de prot\u00e9ines de lait.<\/p>\n<p>Faible teneur en glucides.<\/p>\n<p>Sans mati\u00e8res grasses.<\/p>\n<p>Sans aspartame.<\/p>\n<p>Format pratique pr\u00eat \u00e0 boire.<\/p>\n<p>Emportez chaque jour le meilleur des prot\u00e9ines avec vous !<\/p>","protected":false},"excerpt":{"rendered":"<p>25 g de prot\u00e9ines laiti\u00e8res par boisson. Seulement 13 g de glucides et peu de mati\u00e8res grasses.<\/p>","protected":false},"featured_media":54303,"template":"","meta":{"inline_featured_image":false},"product_cat":[4764],"product_tag":[],"acf":[],"_links":{"self":[{"href":"https:\/\/weider.es\/fr\/wp-json\/wp\/v2\/product\/54002"}],"collection":[{"href":"https:\/\/weider.es\/fr\/wp-json\/wp\/v2\/product"}],"about":[{"href":"https:\/\/weider.es\/fr\/wp-json\/wp\/v2\/types\/product"}],"wp:featuredmedia":[{"embeddable":true,"href":"https:\/\/weider.es\/fr\/wp-json\/wp\/v2\/media\/54303"}],"wp:attachment":[{"href":"https:\/\/weider.es\/fr\/wp-json\/wp\/v2\/media?parent=54002"}],"wp:term":[{"taxonomy":"product_cat","embeddable":true,"href":"https:\/\/weider.es\/fr\/wp-json\/wp\/v2\/product_cat?post=54002"},{"taxonomy":"product_tag","embeddable":true,"href":"https:\/\/weider.es\/fr\/wp-json\/wp\/v2\/product_tag?post=54002"}],"curies":[{"name":"wp","href":"https:\/\/api.w.org\/{rel}","templated":true}]}}