{"id":54012,"date":"2024-07-30T12:33:36","date_gmt":"2024-07-30T10:33:36","guid":{"rendered":"https:\/\/weider.es\/product\/protein-shake\/"},"modified":"2024-10-17T10:27:51","modified_gmt":"2024-10-17T08:27:51","slug":"protein-shake","status":"publish","type":"product","link":"https:\/\/weider.es\/fr\/produit\/protein-shake\/","title":{"rendered":"Shake prot\u00e9in\u00e9"},"content":{"rendered":"<p>Protein Shake est un shake prot\u00e9in\u00e9 pr\u00eat \u00e0 l'emploi, dont la nouvelle formule apporte 30 g de prot\u00e9ines de lait de haute qualit\u00e9 par portion.<\/p>\n<p>Avec 80% de cas\u00e9ine et 20% de prot\u00e9ines de lactos\u00e9rum, elle offre un profil d'acides amin\u00e9s exceptionnellement \u00e9lev\u00e9 en acides amin\u00e9s essentiels, ce qui lui conf\u00e8re une valeur biologique \u00e9lev\u00e9e.<\/p>\n<p>Outre sa teneur en prot\u00e9ines, il se distingue par sa texture cr\u00e9meuse et son go\u00fbt d\u00e9licieux.<\/p>\n<p>C'est le compl\u00e9ment parfait de tout r\u00e9gime nutritionnel et de toute phase d'entra\u00eenement, de la perte de poids \u00e0 la croissance musculaire.<\/p>","protected":false},"excerpt":{"rendered":"<p>30 g de prot\u00e9ines par boisson<br \/>\nSans sucres ajout\u00e9s<br \/>\nZ\u00e9ro mati\u00e8re grasse<\/p>","protected":false},"featured_media":54810,"template":"","meta":{"inline_featured_image":false},"product_cat":[4764],"product_tag":[],"acf":[],"_links":{"self":[{"href":"https:\/\/weider.es\/fr\/wp-json\/wp\/v2\/product\/54012"}],"collection":[{"href":"https:\/\/weider.es\/fr\/wp-json\/wp\/v2\/product"}],"about":[{"href":"https:\/\/weider.es\/fr\/wp-json\/wp\/v2\/types\/product"}],"wp:featuredmedia":[{"embeddable":true,"href":"https:\/\/weider.es\/fr\/wp-json\/wp\/v2\/media\/54810"}],"wp:attachment":[{"href":"https:\/\/weider.es\/fr\/wp-json\/wp\/v2\/media?parent=54012"}],"wp:term":[{"taxonomy":"product_cat","embeddable":true,"href":"https:\/\/weider.es\/fr\/wp-json\/wp\/v2\/product_cat?post=54012"},{"taxonomy":"product_tag","embeddable":true,"href":"https:\/\/weider.es\/fr\/wp-json\/wp\/v2\/product_tag?post=54012"}],"curies":[{"name":"wp","href":"https:\/\/api.w.org\/{rel}","templated":true}]}}