{"id":54020,"date":"2024-07-30T10:06:35","date_gmt":"2024-07-30T08:06:35","guid":{"rendered":"https:\/\/weider.es\/product\/protein-drink\/"},"modified":"2024-10-17T10:27:51","modified_gmt":"2024-10-17T08:27:51","slug":"protein-drink","status":"publish","type":"product","link":"https:\/\/weider.es\/fr\/produit\/protein-drink\/","title":{"rendered":"Boisson prot\u00e9in\u00e9e"},"content":{"rendered":"<p>Les personnes physiquement actives doivent consommer suffisamment de prot\u00e9ines.<\/p>\n<p>Chaque bouteille de PROTEIN DRINK contient 53 g de prot\u00e9ines de lait biologiques et correctement trait\u00e9es.<\/p>\n<p>De par sa composition, il est rapidement assimil\u00e9 et procure une sensation de sati\u00e9t\u00e9 prolong\u00e9e. En m\u00eame temps, vous absorbez des vitamines et moins de 2 g de graisses, et la quantit\u00e9 d'hydrates de carbone qu'il fournit est suffisante pour assurer un apport \u00e9nerg\u00e9tique ad\u00e9quat.<\/p>\n<p>Essayez l'un de leurs d\u00e9licieux parfums et ils deviendront votre m\u00e9lange prot\u00e9in\u00e9 pr\u00e9f\u00e9r\u00e9 !<\/p>","protected":false},"excerpt":{"rendered":"<p>53 g de prot\u00e9ines de lait pures<br \/>\nFacile \u00e0 emporter \u00e0 la salle de sport<br \/>\nRemplace un repas<\/p>","protected":false},"featured_media":54314,"template":"","meta":{"inline_featured_image":false},"product_cat":[4764],"product_tag":[],"acf":[],"_links":{"self":[{"href":"https:\/\/weider.es\/fr\/wp-json\/wp\/v2\/product\/54020"}],"collection":[{"href":"https:\/\/weider.es\/fr\/wp-json\/wp\/v2\/product"}],"about":[{"href":"https:\/\/weider.es\/fr\/wp-json\/wp\/v2\/types\/product"}],"wp:featuredmedia":[{"embeddable":true,"href":"https:\/\/weider.es\/fr\/wp-json\/wp\/v2\/media\/54314"}],"wp:attachment":[{"href":"https:\/\/weider.es\/fr\/wp-json\/wp\/v2\/media?parent=54020"}],"wp:term":[{"taxonomy":"product_cat","embeddable":true,"href":"https:\/\/weider.es\/fr\/wp-json\/wp\/v2\/product_cat?post=54020"},{"taxonomy":"product_tag","embeddable":true,"href":"https:\/\/weider.es\/fr\/wp-json\/wp\/v2\/product_tag?post=54020"}],"curies":[{"name":"wp","href":"https:\/\/api.w.org\/{rel}","templated":true}]}}