{"id":54032,"date":"2024-07-30T10:06:35","date_gmt":"2024-07-30T08:06:35","guid":{"rendered":"https:\/\/weider.es\/product\/gold-whey\/"},"modified":"2024-10-17T10:27:52","modified_gmt":"2024-10-17T08:27:52","slug":"gold-whey","status":"publish","type":"product","link":"https:\/\/weider.es\/fr\/produit\/gold-whey\/","title":{"rendered":"Lactos\u00e9rum d'or"},"content":{"rendered":"<p>Gold Whey de Weider est une prot\u00e9ine obtenue par un processus d'ultrafiltration, ce qui garantit sa qualit\u00e9 maximale et sa digestion facile. C'est un choix id\u00e9al pour ceux qui cherchent \u00e0 d\u00e9velopper leur masse musculaire, \u00e0 la tonifier ou \u00e0 la d\u00e9finir, car elle fournit 77% de prot\u00e9ines de haute qualit\u00e9 et ne contient pas d'aspartame.<\/p>\n<p>Cette prot\u00e9ine se distingue par sa teneur exceptionnelle en BCAA (acides amin\u00e9s essentiels au d\u00e9veloppement et \u00e0 la r\u00e9cup\u00e9ration musculaire), avec 23g pour 100g de prot\u00e9ines. Gr\u00e2ce \u00e0 sa digestion facile, les acides amin\u00e9s sont rapidement d\u00e9livr\u00e9s au muscle pour initier efficacement la r\u00e9cup\u00e9ration.<\/p>\n<p>Le processus d'ultrafiltration pr\u00e9serve l'int\u00e9grit\u00e9 de la prot\u00e9ine, en maintenant son aminogramme riche en BCAA et les peptides bioactifs de la prot\u00e9ine de lait, ce qui est encore plus b\u00e9n\u00e9fique pour les muscles.<\/p>\n<p>En outre, Weider Gold Whey offre une large gamme d'ar\u00f4mes avec une texture et un go\u00fbt exceptionnels, garantissant une exp\u00e9rience de consommation agr\u00e9able.<\/p>","protected":false},"excerpt":{"rendered":"<p>Obtenu par des proc\u00e9d\u00e9s d'ultrafiltration.<br \/>\nId\u00e9al pour les phases de volume, de maintien ou de d\u00e9finition musculaire.<br \/>\nFacilement absorb\u00e9e, pauvre en graisses et en sucres<\/p>","protected":false},"featured_media":54321,"template":"","meta":{"inline_featured_image":false},"product_cat":[4764],"product_tag":[],"acf":[],"_links":{"self":[{"href":"https:\/\/weider.es\/fr\/wp-json\/wp\/v2\/product\/54032"}],"collection":[{"href":"https:\/\/weider.es\/fr\/wp-json\/wp\/v2\/product"}],"about":[{"href":"https:\/\/weider.es\/fr\/wp-json\/wp\/v2\/types\/product"}],"wp:featuredmedia":[{"embeddable":true,"href":"https:\/\/weider.es\/fr\/wp-json\/wp\/v2\/media\/54321"}],"wp:attachment":[{"href":"https:\/\/weider.es\/fr\/wp-json\/wp\/v2\/media?parent=54032"}],"wp:term":[{"taxonomy":"product_cat","embeddable":true,"href":"https:\/\/weider.es\/fr\/wp-json\/wp\/v2\/product_cat?post=54032"},{"taxonomy":"product_tag","embeddable":true,"href":"https:\/\/weider.es\/fr\/wp-json\/wp\/v2\/product_tag?post=54032"}],"curies":[{"name":"wp","href":"https:\/\/api.w.org\/{rel}","templated":true}]}}