{"id":54042,"date":"2024-07-30T10:06:35","date_gmt":"2024-07-30T08:06:35","guid":{"rendered":"https:\/\/weider.es\/product\/premium-whey\/"},"modified":"2024-10-17T10:27:52","modified_gmt":"2024-10-17T08:27:52","slug":"premium-whey","status":"publish","type":"product","link":"https:\/\/weider.es\/fr\/produit\/lactoserum-de-qualite-superieure\/","title":{"rendered":"Lactos\u00e9rum Premium"},"content":{"rendered":"<p>Premium Whey de Weider est une prot\u00e9ine de haute qualit\u00e9 compos\u00e9e de concentr\u00e9 de prot\u00e9ines de lactos\u00e9rum et d'isolat de prot\u00e9ines de lactos\u00e9rum obtenus par le proc\u00e9d\u00e9 CFM (Cross Flow Microfiltration), garantissant ainsi une valeur biologique \u00e9lev\u00e9e et une teneur exceptionnelle en acides amin\u00e9s \u00e0 cha\u00eene ramifi\u00e9e (BCAA).<\/p>\n<p>Cette prot\u00e9ine est en outre enrichie de peptides de L-Glutamine, fournissant 2 grammes suppl\u00e9mentaires par portion. Cela favorise la r\u00e9cup\u00e9ration et le d\u00e9veloppement rapide des muscles en stimulant la synth\u00e8se des prot\u00e9ines.<\/p>\n<p>En plus de sa qualit\u00e9 nutritionnelle, Weider Premium Whey offre une vari\u00e9t\u00e9 de saveurs irr\u00e9sistibles qui la rendent attrayante pour les consommateurs.<\/p>\n<p>Compte tenu des besoins quotidiens en prot\u00e9ines des sportifs, qui varient en fonction de leur activit\u00e9, Premium Whey est recommand\u00e9 comme compl\u00e9ment riche en prot\u00e9ines \u00e0 consommer une ou deux fois par jour. Il est particuli\u00e8rement b\u00e9n\u00e9fique pour les athl\u00e8tes d'endurance, les athl\u00e8tes de force et ceux qui cherchent \u00e0 maintenir une nutrition \u00e9quilibr\u00e9e et saine.<\/p>","protected":false},"excerpt":{"rendered":"<p>La prot\u00e9ine de lactos\u00e9rum la plus compl\u00e8te du march\u00e9.<br \/>\nGo\u00fbt d\u00e9licieux et dissolution parfaite.<br \/>\nAvec L-Glutamine ajout\u00e9e.<\/p>","protected":false},"featured_media":54327,"template":"","meta":{"inline_featured_image":false},"product_cat":[4764],"product_tag":[],"acf":[],"_links":{"self":[{"href":"https:\/\/weider.es\/fr\/wp-json\/wp\/v2\/product\/54042"}],"collection":[{"href":"https:\/\/weider.es\/fr\/wp-json\/wp\/v2\/product"}],"about":[{"href":"https:\/\/weider.es\/fr\/wp-json\/wp\/v2\/types\/product"}],"wp:featuredmedia":[{"embeddable":true,"href":"https:\/\/weider.es\/fr\/wp-json\/wp\/v2\/media\/54327"}],"wp:attachment":[{"href":"https:\/\/weider.es\/fr\/wp-json\/wp\/v2\/media?parent=54042"}],"wp:term":[{"taxonomy":"product_cat","embeddable":true,"href":"https:\/\/weider.es\/fr\/wp-json\/wp\/v2\/product_cat?post=54042"},{"taxonomy":"product_tag","embeddable":true,"href":"https:\/\/weider.es\/fr\/wp-json\/wp\/v2\/product_tag?post=54042"}],"curies":[{"name":"wp","href":"https:\/\/api.w.org\/{rel}","templated":true}]}}