{"id":54052,"date":"2024-07-30T10:06:35","date_gmt":"2024-07-30T08:06:35","guid":{"rendered":"https:\/\/weider.es\/product\/protein-80-plus\/"},"modified":"2024-10-17T10:28:03","modified_gmt":"2024-10-17T08:28:03","slug":"protein-80-plus","status":"publish","type":"product","link":"https:\/\/weider.es\/fr\/produit\/proteines-80-plus\/","title":{"rendered":"Prot\u00e9ine 80 Plus"},"content":{"rendered":"<p>PROTEIN 80 PLUS offre une combinaison id\u00e9ale de prot\u00e9ines \u00e0 consommer entre les repas ou avant le coucher, car elle apporte des acides amin\u00e9s de mani\u00e8re soutenue pendant plus de 7 heures, \u00e9vitant ainsi la perte de masse musculaire lors de p\u00e9riodes prolong\u00e9es sans apport alimentaire, comme entre les repas ou pendant la nuit. <\/p>\n<p>Ce produit est pauvre en glucides et en graisses, ce qui le rend adapt\u00e9 aux personnes souhaitant contr\u00f4ler leur apport calorique. <\/p>\n<p>Le m\u00e9lange de prot\u00e9ines comprend <\/p>\n<p>Prot\u00e9ine de lait (cas\u00e9ine) : fournit une lib\u00e9ration lente et prolong\u00e9e de prot\u00e9ines pendant plus de sept heures et est riche en L-Glutamine. <\/p>\n<p>Isolat de prot\u00e9ines de lait : Avec plus de 90% de prot\u00e9ines en poids sec, faible teneur en mati\u00e8res grasses et en hydrates de carbone. <\/p>\n<p>Prot\u00e9ine de lactos\u00e9rum : Rapidement assimil\u00e9e, elle apporte entre autres des acides amin\u00e9s \u00e0 cha\u00eene ramifi\u00e9e (BCAA). <\/p>\n<p>Prot\u00e9ine d'\u0153uf (albumine) : contient des acides amin\u00e9s riches en soufre, ce qui augmente la valeur biologique du produit. <\/p>\n<p>Ce m\u00e9lange de prot\u00e9ines offre une vari\u00e9t\u00e9 de taux d'absorption, ce qui le rend adapt\u00e9 \u00e0 diff\u00e9rents moments de la journ\u00e9e, contribuant \u00e0 la synth\u00e8se des prot\u00e9ines et au maintien de la masse musculaire.<\/p>","protected":false},"excerpt":{"rendered":"<p>Riche en prot\u00e9ines, pauvre en glucides<br \/>\nCombinaison id\u00e9ale de 4 prot\u00e9ines : cas\u00e9inate, isolat de prot\u00e9ines de lait, lactos\u00e9rum et \u0153uf.<br \/>\nApport soutenu d'acides amin\u00e9s pendant plus de 7 heures<\/p>","protected":false},"featured_media":54333,"template":"","meta":{"inline_featured_image":false},"product_cat":[4764],"product_tag":[],"acf":[],"_links":{"self":[{"href":"https:\/\/weider.es\/fr\/wp-json\/wp\/v2\/product\/54052"}],"collection":[{"href":"https:\/\/weider.es\/fr\/wp-json\/wp\/v2\/product"}],"about":[{"href":"https:\/\/weider.es\/fr\/wp-json\/wp\/v2\/types\/product"}],"wp:featuredmedia":[{"embeddable":true,"href":"https:\/\/weider.es\/fr\/wp-json\/wp\/v2\/media\/54333"}],"wp:attachment":[{"href":"https:\/\/weider.es\/fr\/wp-json\/wp\/v2\/media?parent=54052"}],"wp:term":[{"taxonomy":"product_cat","embeddable":true,"href":"https:\/\/weider.es\/fr\/wp-json\/wp\/v2\/product_cat?post=54052"},{"taxonomy":"product_tag","embeddable":true,"href":"https:\/\/weider.es\/fr\/wp-json\/wp\/v2\/product_tag?post=54052"}],"curies":[{"name":"wp","href":"https:\/\/api.w.org\/{rel}","templated":true}]}}