{"id":54072,"date":"2024-07-30T10:06:35","date_gmt":"2024-07-30T08:06:35","guid":{"rendered":"https:\/\/weider.es\/product\/whey-protein\/"},"modified":"2025-06-16T09:53:15","modified_gmt":"2025-06-16T07:53:15","slug":"whey-protein","status":"publish","type":"product","link":"https:\/\/weider.es\/fr\/produit\/proteine-de-lactoserum\/","title":{"rendered":"Prot\u00e9ines de lactos\u00e9rum"},"content":{"rendered":"<p>Weider Whey Protein est une prot\u00e9ine de lactos\u00e9rum de haute qualit\u00e9 qui combine l'isolat de lactos\u00e9rum et le concentr\u00e9 de lactos\u00e9rum, id\u00e9ale pour le maintien et le d\u00e9veloppement des muscles, en particulier apr\u00e8s l'entra\u00eenement.<\/p>\n<p>Il se distingue par son excellent profil nutritionnel, apportant des acides amin\u00e9s essentiels et \u00e0 cha\u00eene ramifi\u00e9e (BCAA), indispensables \u00e0 la r\u00e9cup\u00e9ration musculaire.<\/p>\n<p>Le choix de Protein Whey Complex se justifie par sa combinaison unique de prot\u00e9ines, renforc\u00e9e par.. :<\/p>\n<p>L-Glutamine (Kyowa Quality\u00ae) : optimise la r\u00e9cup\u00e9ration musculaire et sert de substrat \u00e9nerg\u00e9tique au syst\u00e8me immunitaire.<\/p>\n<p>Enzymes digestives (DigeZyme\u00ae) : favorisent l'assimilation et la digestion du produit, maximisant son utilisation et minimisant l'inconfort digestif.<\/p>\n<p>De plus, il est naturellement \u00e9dulcor\u00e9 \u00e0 la st\u00e9via, sans sucres ajout\u00e9s, ce qui le rend adapt\u00e9 aux sportifs, aux personnes actives et \u00e0 celles qui cherchent \u00e0 prendre soin de leur sant\u00e9, notamment les personnes \u00e2g\u00e9es, car il contribue \u00e0 couvrir les besoins en prot\u00e9ines et \u00e0 maintenir la masse musculaire \u00e0 ce stade de la vie.<\/p>","protected":false},"excerpt":{"rendered":"<p>Combinaison d'isolat de lactos\u00e9rum et de concentr\u00e9 de lactos\u00e9rum<br \/>\nNaturellement riche en BCAA<br \/>\nAvec Glutamine et Enzymes Digestives<\/p>","protected":false},"featured_media":55842,"template":"","meta":{"inline_featured_image":false},"product_cat":[4764],"product_tag":[],"acf":[],"_links":{"self":[{"href":"https:\/\/weider.es\/fr\/wp-json\/wp\/v2\/product\/54072"}],"collection":[{"href":"https:\/\/weider.es\/fr\/wp-json\/wp\/v2\/product"}],"about":[{"href":"https:\/\/weider.es\/fr\/wp-json\/wp\/v2\/types\/product"}],"wp:featuredmedia":[{"embeddable":true,"href":"https:\/\/weider.es\/fr\/wp-json\/wp\/v2\/media\/55842"}],"wp:attachment":[{"href":"https:\/\/weider.es\/fr\/wp-json\/wp\/v2\/media?parent=54072"}],"wp:term":[{"taxonomy":"product_cat","embeddable":true,"href":"https:\/\/weider.es\/fr\/wp-json\/wp\/v2\/product_cat?post=54072"},{"taxonomy":"product_tag","embeddable":true,"href":"https:\/\/weider.es\/fr\/wp-json\/wp\/v2\/product_tag?post=54072"}],"curies":[{"name":"wp","href":"https:\/\/api.w.org\/{rel}","templated":true}]}}