{"id":54075,"date":"2024-07-30T10:06:35","date_gmt":"2024-07-30T08:06:35","guid":{"rendered":"https:\/\/weider.es\/product\/bio-natural-bar\/"},"modified":"2025-01-09T14:37:52","modified_gmt":"2025-01-09T13:37:52","slug":"bio-natural-bar","status":"publish","type":"product","link":"https:\/\/weider.es\/fr\/produit\/bio-natural-bar\/","title":{"rendered":"Barre Bio Natural"},"content":{"rendered":"<p>Les barres BIO sont des barres fabriqu\u00e9es \u00e0 partir d'ingr\u00e9dients qui sont<br \/>\net durable, en utilisant les meilleures mati\u00e8res premi\u00e8res disponibles sur le march\u00e9.<br \/>\nque vous pouvez trouver sur le march\u00e9. Ils ont \u00e9t\u00e9 con\u00e7us pour vous, qui<br \/>\nvous \u00eates attentif \u00e0 l'origine et \u00e0 la qualit\u00e9 des en-cas que vous proposez<br \/>\ndans votre alimentation.<br \/>\nSes principaux ingr\u00e9dients sont les dattes, les figues et la noix de coco,<br \/>\nabricots et une vari\u00e9t\u00e9 s\u00e9lectionn\u00e9e de noix et autres fruits secs.<br \/>\ningr\u00e9dients, tous issus de l'agriculture biologique.<br \/>\nVous pouvez le trouver en deux saveurs diff\u00e9rentes. De l'un \u00e0 l'autre<br \/>\nl'un avec des amandes et du quinoa et l'autre avec de la noix de coco.<br \/>\nIls sont une source naturelle d'\u00e9nergie avec un effet rassasiant, ce qui signifie qu'ils<br \/>\n\u00e9viter les \"chutes\" d'\u00e9nergie qui se produisent \u00e0 la suite d'une<br \/>\ndes sucres ajout\u00e9s contenus dans la grande majorit\u00e9 des produits alimentaires.<br \/>\nsur le march\u00e9. Elles constituent l'en-cas id\u00e9al pour compl\u00e9ter<br \/>\nune alimentation saine et \u00e9quilibr\u00e9e.<\/p>","protected":false},"excerpt":{"rendered":"<p>\u00c9cologique et durable<br \/>\n- Sans sucres ajout\u00e9s<br \/>\n- Aucun additif n'est ajout\u00e9<\/p>","protected":false},"featured_media":54344,"template":"","meta":{"inline_featured_image":false},"product_cat":[4779,4781],"product_tag":[],"acf":[],"_links":{"self":[{"href":"https:\/\/weider.es\/fr\/wp-json\/wp\/v2\/product\/54075"}],"collection":[{"href":"https:\/\/weider.es\/fr\/wp-json\/wp\/v2\/product"}],"about":[{"href":"https:\/\/weider.es\/fr\/wp-json\/wp\/v2\/types\/product"}],"wp:featuredmedia":[{"embeddable":true,"href":"https:\/\/weider.es\/fr\/wp-json\/wp\/v2\/media\/54344"}],"wp:attachment":[{"href":"https:\/\/weider.es\/fr\/wp-json\/wp\/v2\/media?parent=54075"}],"wp:term":[{"taxonomy":"product_cat","embeddable":true,"href":"https:\/\/weider.es\/fr\/wp-json\/wp\/v2\/product_cat?post=54075"},{"taxonomy":"product_tag","embeddable":true,"href":"https:\/\/weider.es\/fr\/wp-json\/wp\/v2\/product_tag?post=54075"}],"curies":[{"name":"wp","href":"https:\/\/api.w.org\/{rel}","templated":true}]}}