{"id":54083,"date":"2024-07-30T10:10:56","date_gmt":"2024-07-30T08:10:56","guid":{"rendered":"https:\/\/weider.es\/product\/carbo-boost-gel\/"},"modified":"2025-04-01T10:28:30","modified_gmt":"2025-04-01T08:28:30","slug":"carbo-boost-gel","status":"publish","type":"product","link":"https:\/\/weider.es\/fr\/produit\/gel-carbo-boost\/","title":{"rendered":"Gel Carbo Boost"},"content":{"rendered":"<p>Carbo Boost Gel est la combinaison id\u00e9ale d'hydrates de carbone complexes et simples.<br \/>\net des acides amin\u00e9s sous forme de gel. Gr\u00e2ce \u00e0 sa formule compl\u00e8te, il apporte l'\u00e9nergie n\u00e9cessaire \u00e0 la croissance de l'organisme.<br \/>\nn\u00e9cessaires pour un exercice physique prolong\u00e9, ainsi que pour r\u00e9duire les crampes et reconstituer, \u00e0 partir de<br \/>\nperte imm\u00e9diate d'\u00e9lectrolytes.<br \/>\nDans sa composition, nous pouvons souligner :<br \/>\n\u2013 Mezcla de carbohidratos complejos: maltodextrina, isomaltulosa (Palatinosa\u00ae)<br \/>\net la cyclodextrine (Cluster Dextrin\u00ae). Gr\u00e2ce aux hydrates de carbone complexes, vous obtenez<br \/>\nl'\u00e9nergie n\u00e9cessaire \u00e0 un exercice contr\u00f4l\u00e9 et prolong\u00e9.<br \/>\nCeux-ci lib\u00e8rent lentement leurs monosaccharides (sucres) et g\u00e9n\u00e8rent lentement un<br \/>\nl'augmentation de la glyc\u00e9mie, ce qui permet de maintenir l'\u00e9nergie pendant une p\u00e9riode plus longue.<br \/>\np\u00e9riode de temps.<br \/>\n\u2013 Carbohidratos simples: dextrosa y fructosa. Los carbohidratos simples se<br \/>\ndig\u00e9r\u00e9 et absorb\u00e9 rapidement dans l'intestin, ce qui permet d'obtenir de l'\u00e9nergie<br \/>\nrapidement. En outre, ils sont largement utilis\u00e9s par les sportifs professionnels tels que<br \/>\ndes agents r\u00e9g\u00e9n\u00e9rateurs des muscles, des tendons et des ligaments.<br \/>\n\u2013 Amino\u00e1cidos Ramificados (BCAAs): son amino\u00e1cidos esenciales<br \/>\nessentiels \u00e0 la croissance et \u00e0 la r\u00e9cup\u00e9ration musculaire, qui fournissent<br \/>\nl'\u00e9nergie n\u00e9cessaire au muscle lors d'un exercice intense. En outre<br \/>\naider \u00e0 lutter contre les sensations de fatigue et d'\u00e9puisement.<br \/>\n\u2013 Sodio: Cabe destacar la importancia de incluir sodio en la composici\u00f3n del gel de<br \/>\nles hydrates de carbone, car ils favorisent la r\u00e9hydratation et assurent un meilleur \u00e9quilibre<br \/>\ndes fluides corporels, contribuant au maintien de l'osmolarit\u00e9<br \/>\nplasma. De plus, le sodium renforce le m\u00e9canisme de co-transport de la mol\u00e9cule<br \/>\ndu glucose dans l'intestin, augmentant ainsi le taux d'absorption.<br \/>\nAvec Carbo Boost Gel, nous avons donc la combinaison parfaite pour ceux qui<br \/>\nrecherchent une \u00e9nergie rapide et durable pour un exercice prolong\u00e9.<br \/>\nIl est dot\u00e9 d'un emballage ergonomique con\u00e7u pour un transport et une utilisation parfaits de l'appareil.<br \/>\nsportif. En outre, nous proposons trois saveurs diff\u00e9rentes pour r\u00e9pondre \u00e0 tous les go\u00fbts, deux<br \/>\nsaveurs SANS caf\u00e9ine (neutre, pomme verte) et 1 saveur AVEC caf\u00e9ine (caf\u00e9). Ces gels sont exempts<br \/>\nsans gluten et convient aux consommateurs v\u00e9g\u00e9taliens et v\u00e9g\u00e9tariens.<\/p>","protected":false},"excerpt":{"rendered":"<p>50 g de glucides\/gel<br \/>\nBCAA 2:1:1<br \/>\nVegan et sans gluten<\/p>","protected":false},"featured_media":55689,"template":"","meta":{"inline_featured_image":false},"product_cat":[4777,4783,4781,4782],"product_tag":[],"acf":[],"_links":{"self":[{"href":"https:\/\/weider.es\/fr\/wp-json\/wp\/v2\/product\/54083"}],"collection":[{"href":"https:\/\/weider.es\/fr\/wp-json\/wp\/v2\/product"}],"about":[{"href":"https:\/\/weider.es\/fr\/wp-json\/wp\/v2\/types\/product"}],"wp:featuredmedia":[{"embeddable":true,"href":"https:\/\/weider.es\/fr\/wp-json\/wp\/v2\/media\/55689"}],"wp:attachment":[{"href":"https:\/\/weider.es\/fr\/wp-json\/wp\/v2\/media?parent=54083"}],"wp:term":[{"taxonomy":"product_cat","embeddable":true,"href":"https:\/\/weider.es\/fr\/wp-json\/wp\/v2\/product_cat?post=54083"},{"taxonomy":"product_tag","embeddable":true,"href":"https:\/\/weider.es\/fr\/wp-json\/wp\/v2\/product_tag?post=54083"}],"curies":[{"name":"wp","href":"https:\/\/api.w.org\/{rel}","templated":true}]}}