{"id":54094,"date":"2024-07-30T10:10:56","date_gmt":"2024-07-30T08:10:56","guid":{"rendered":"https:\/\/weider.es\/product\/energy-boost-gel-cafeina\/"},"modified":"2024-10-17T10:28:04","modified_gmt":"2024-10-17T08:28:04","slug":"energy-boost-gel-cafeina","status":"publish","type":"product","link":"https:\/\/weider.es\/fr\/produit\/energy-boost-gel-cafeina-2\/","title":{"rendered":"Gel Energy Boost + Caf\u00e9ine"},"content":{"rendered":"<p>Combinaison de glucides complexes et simples et de caf\u00e9ine sous forme de gel,<br \/>\nAcides amin\u00e9s, \u00e9lectrolytes et vitamines pour retarder la fatigue et am\u00e9liorer les performances.<br \/>\npendant l'exercice. Avec de la caf\u00e9ine et du guarana pour r\u00e9duire les sensations de fatigue.<br \/>\noptimise le m\u00e9tabolisme.<br \/>\nPr\u00e9sent\u00e9 dans un emballage ergonomique con\u00e7u pour un transport et une utilisation parfaits.<br \/>\nutilisation par l'athl\u00e8te. Carbo Optimum Complex : un m\u00e9lange d'hydrates de carbone compos\u00e9 des trois hydrates de carbone du complexe Carbo Optimum.<br \/>\nIndices glyc\u00e9miques (\u00e9lev\u00e9, moyen et faible) dans les bonnes proportions<br \/>\n(1:2:1) pour \u00e9viter les pics de glucose.<br \/>\n- Caf\u00e9ine et Guarana : Ingr\u00e9dient \u00e0 l'action ergog\u00e9nique prouv\u00e9e,<br \/>\nc'est-\u00e0-dire qu'il am\u00e9liore les performances. \u00c0 court terme, parce qu'il stimule<br \/>\nCNS (Central Nervous System) en augmentant notre capacit\u00e9 d'apprentissage.<br \/>\nconcentration, etc. mais cela nous aide \u00e0 long terme parce que : 1)<br \/>\nactive le m\u00e9tabolisme des graisses, c'est-\u00e0-dire qu'elle facilite leur utilisation pour la fabrication de produits alimentaires.<br \/>\nl'\u00e9nergie, ce qui am\u00e9liore les performances en \u00e9conomisant le glycog\u00e8ne ; 2)<br \/>\nam\u00e9liore la contraction musculaire.<br \/>\n- L-Arginine : Acide amin\u00e9 pr\u00e9curseur de l'oxyde nitrique, important pour la sant\u00e9 publique.<br \/>\nvasodilatateur qui permet d'am\u00e9liorer le transport de l'oxyg\u00e8ne et des nutriments<br \/>\naux cellules. En outre, cet acide amin\u00e9 est tr\u00e8s important dans les processus de<br \/>\nl'\u00e9limination des toxines g\u00e9n\u00e9r\u00e9es par le sport.<br \/>\n- Taurine : Acide amin\u00e9 qui am\u00e9liore les processus d'osmor\u00e9gulation,<br \/>\nindispensable dans les sports d'endurance. Am\u00e9liore l'assimilation du reste de la<br \/>\nnutriments.<br \/>\n- \u00c9lectrolytes : Dans les sports d'endurance, pour r\u00e9tablir l'\u00e9quilibre \u00e9lectrolytique.<br \/>\nde la cellule est essentielle pour une bonne r\u00e9ponse cellulaire.<br \/>\nmusculaire. Les plus importants sont<br \/>\n- Potassium : fondamental dans le transport du glucose vers la cellule musculaire.<br \/>\n- Magn\u00e9sium : Il fait partie de plus de 300 enzymes, il est li\u00e9 \u00e0<br \/>\nla transmission de l'influx nerveux, la contraction et la relaxation des muscles et<br \/>\nla production d'ATP (mol\u00e9cule d'\u00e9nergie).<br \/>\n- Sodium et chlore : ils sont essentiels \u00e0 la bonne r\u00e9gulation du syst\u00e8me immunitaire.<br \/>\nl'\u00e9quilibre hydrique.<br \/>\n- Vitamine B6 et thiamine : importantes pour le m\u00e9tabolisme des prot\u00e9ines et des glucides.<br \/>\nles hydrates de carbone respectivement.<\/p>","protected":false},"excerpt":{"rendered":"<p>Formule avanc\u00e9e pour fournir de l'\u00e9nergie pendant l'exercice<br \/>\n\u00c9nergie et performance !<br \/>\nCaf\u00e9in\u00e9 pour retarder la fatigue et am\u00e9liorer les performances<\/p>","protected":false},"featured_media":54355,"template":"","meta":{"inline_featured_image":false},"product_cat":[4782],"product_tag":[],"acf":[],"_links":{"self":[{"href":"https:\/\/weider.es\/fr\/wp-json\/wp\/v2\/product\/54094"}],"collection":[{"href":"https:\/\/weider.es\/fr\/wp-json\/wp\/v2\/product"}],"about":[{"href":"https:\/\/weider.es\/fr\/wp-json\/wp\/v2\/types\/product"}],"wp:featuredmedia":[{"embeddable":true,"href":"https:\/\/weider.es\/fr\/wp-json\/wp\/v2\/media\/54355"}],"wp:attachment":[{"href":"https:\/\/weider.es\/fr\/wp-json\/wp\/v2\/media?parent=54094"}],"wp:term":[{"taxonomy":"product_cat","embeddable":true,"href":"https:\/\/weider.es\/fr\/wp-json\/wp\/v2\/product_cat?post=54094"},{"taxonomy":"product_tag","embeddable":true,"href":"https:\/\/weider.es\/fr\/wp-json\/wp\/v2\/product_tag?post=54094"}],"curies":[{"name":"wp","href":"https:\/\/api.w.org\/{rel}","templated":true}]}}