{"id":54101,"date":"2024-07-30T13:18:52","date_gmt":"2024-07-30T11:18:52","guid":{"rendered":"https:\/\/weider.es\/product\/energy-up-gel\/"},"modified":"2025-04-01T10:30:57","modified_gmt":"2025-04-01T08:30:57","slug":"energy-up-gel","status":"publish","type":"product","link":"https:\/\/weider.es\/fr\/produit\/energy-up-gel\/","title":{"rendered":"Gel Energy Up"},"content":{"rendered":"<p>Energy Up ! Gel est un concentr\u00e9 d'hydrates de carbone qui fournit de l'\u00e9nergie suppl\u00e9mentaire pendant les pics de performance. Absorption rapide gr\u00e2ce \u00e0 sa combinaison de dextrose, fructose et saccharose.<br \/>\nGr\u00e2ce \u00e0 sa consistance, le gel liquide est facilement assimilable, en particulier pendant l'exercice physique, et est id\u00e9al \u00e0 prendre en cas de besoin d'\u00e9nergie suppl\u00e9mentaire.<br \/>\nCOMPOSITION :<br \/>\n- Un m\u00e9lange d'hydrates de carbone simples : dextrose, fructose et saccharose, dans un rapport 2:1:1. Ces composants sont absorb\u00e9s rapidement, fournissant une \u00e9nergie imm\u00e9diate lorsque vous en avez le plus besoin, ce qui fait d'Energy Up ! la solution id\u00e9ale pour un regain d'\u00e9nergie suppl\u00e9mentaire.<br \/>\n- Extra sodium : 100mg par 40g, qui permet de r\u00e9cup\u00e9rer une partie du sodium (\u00e9lectrolyte essentiel) qui est perdu par la sueur pendant l'exercice. En stimulant la consommation d'eau, on obtient une augmentation de l'hydratation, ce qui am\u00e9liore les performances. Il est donc recommand\u00e9 de consommer de l'eau en m\u00eame temps que le gel Energy Up !<\/p>","protected":false},"excerpt":{"rendered":"<p>\u00c9nergie imm\u00e9diate.<\/p>\n<p>Glucides rapidement assimilables.<\/p>\n<p>Avec un suppl\u00e9ment de sodium.<\/p>","protected":false},"featured_media":55691,"template":"","meta":{"inline_featured_image":false},"product_cat":[4782],"product_tag":[],"acf":[],"_links":{"self":[{"href":"https:\/\/weider.es\/fr\/wp-json\/wp\/v2\/product\/54101"}],"collection":[{"href":"https:\/\/weider.es\/fr\/wp-json\/wp\/v2\/product"}],"about":[{"href":"https:\/\/weider.es\/fr\/wp-json\/wp\/v2\/types\/product"}],"wp:featuredmedia":[{"embeddable":true,"href":"https:\/\/weider.es\/fr\/wp-json\/wp\/v2\/media\/55691"}],"wp:attachment":[{"href":"https:\/\/weider.es\/fr\/wp-json\/wp\/v2\/media?parent=54101"}],"wp:term":[{"taxonomy":"product_cat","embeddable":true,"href":"https:\/\/weider.es\/fr\/wp-json\/wp\/v2\/product_cat?post=54101"},{"taxonomy":"product_tag","embeddable":true,"href":"https:\/\/weider.es\/fr\/wp-json\/wp\/v2\/product_tag?post=54101"}],"curies":[{"name":"wp","href":"https:\/\/api.w.org\/{rel}","templated":true}]}}