{"id":54108,"date":"2024-07-30T10:10:56","date_gmt":"2024-07-30T08:10:56","guid":{"rendered":"https:\/\/weider.es\/product\/energy-up-gel-cafeina\/"},"modified":"2025-04-01T10:32:08","modified_gmt":"2025-04-01T08:32:08","slug":"energy-up-gel-cafeina","status":"publish","type":"product","link":"https:\/\/weider.es\/fr\/produit\/energy-up-gel-cafeina-2\/","title":{"rendered":"Energy Up Gel + Caf\u00e9ine"},"content":{"rendered":"<p>Combinaison sous forme de gel avec des glucides simples,<br \/>\nla caf\u00e9ine et le sodium pour fournir de l'\u00e9nergie et retarder la fatigue pendant la journ\u00e9e.<br \/>\nl'exercice physique. Avec de la caf\u00e9ine et du Guarana pour r\u00e9duire la sensation de fatigue.<br \/>\nfatigue et optimise le m\u00e9tabolisme.<br \/>\nAvec une texture id\u00e9ale qui ne n\u00e9cessite pas l'ingestion ult\u00e9rieure de<br \/>\nles liquides \u00e0 avaler.<br \/>\nSa formule contient<br \/>\n- M\u00e9lange d'hydrates de carbone simples (dextrose),<br \/>\nsaccharose et fructose) : avec les trois indices glyc\u00e9miques (\u00e9lev\u00e9,<br \/>\n(moyenne et faible) dans les rapports appropri\u00e9s (2:1:1) pour<br \/>\nfournir de l'\u00e9nergie imm\u00e9diatement, tout en \u00e9vitant les<br \/>\nPics de glucose.<br \/>\n- Caf\u00e9ine et Guarana : des ingr\u00e9dients \u00e0 l'action prouv\u00e9e<br \/>\nergog\u00e8nes, c'est-\u00e0-dire qui am\u00e9liorent les performances. \u00c0 court terme<br \/>\nCe terme est utilis\u00e9 parce qu'il stimule le SNC (Syst\u00e8me Nerveux Central).<br \/>\nl'augmentation de notre capacit\u00e9 de concentration, etc.<br \/>\nnous aide \u00e0 long terme parce que : 1) elle active le syst\u00e8me de contr\u00f4le de la<br \/>\nle m\u00e9tabolisme des graisses, c'est-\u00e0-dire qu'il facilite l'utilisation de<br \/>\nl'\u00e9nergie, ce qui am\u00e9liore les performances car cela permet d'\u00e9conomiser de l'\u00e9nergie.<br \/>\nGlycog\u00e8ne ; 2) am\u00e9liore la contraction musculaire et 3) parce qu'elle<br \/>\nretarde la sensation de fatigue.<br \/>\n- Sodium (100 mg\/gel) : Indispensable pour les sports d'endurance.<br \/>\npour \u00e9viter la d\u00e9shydratation, car le sodium est la principale source de sodium.<br \/>\nresponsable de la r\u00e9tention des fluides \u00e0 l'int\u00e9rieur de la cellule musculaire.<br \/>\nElle doit \u00eatre renouvel\u00e9e car elle est perdue par la transpiration.<\/p>","protected":false},"excerpt":{"rendered":"<p>La formule \u00e0 base de caf\u00e9ine fournit une \u00e9nergie imm\u00e9diate<br \/>\nGlucides rapidement assimilables<br \/>\nAvec un suppl\u00e9ment de sodium<\/p>","protected":false},"featured_media":55692,"template":"","meta":{"inline_featured_image":false},"product_cat":[4782,4781],"product_tag":[],"acf":[],"_links":{"self":[{"href":"https:\/\/weider.es\/fr\/wp-json\/wp\/v2\/product\/54108"}],"collection":[{"href":"https:\/\/weider.es\/fr\/wp-json\/wp\/v2\/product"}],"about":[{"href":"https:\/\/weider.es\/fr\/wp-json\/wp\/v2\/types\/product"}],"wp:featuredmedia":[{"embeddable":true,"href":"https:\/\/weider.es\/fr\/wp-json\/wp\/v2\/media\/55692"}],"wp:attachment":[{"href":"https:\/\/weider.es\/fr\/wp-json\/wp\/v2\/media?parent=54108"}],"wp:term":[{"taxonomy":"product_cat","embeddable":true,"href":"https:\/\/weider.es\/fr\/wp-json\/wp\/v2\/product_cat?post=54108"},{"taxonomy":"product_tag","embeddable":true,"href":"https:\/\/weider.es\/fr\/wp-json\/wp\/v2\/product_tag?post=54108"}],"curies":[{"name":"wp","href":"https:\/\/api.w.org\/{rel}","templated":true}]}}