{"id":54119,"date":"2024-07-30T10:10:56","date_gmt":"2024-07-30T08:10:56","guid":{"rendered":"https:\/\/weider.es\/product\/hydro-energy-gel\/"},"modified":"2025-04-01T10:33:23","modified_gmt":"2025-04-01T08:33:23","slug":"hydro-energy-gel","status":"publish","type":"product","link":"https:\/\/weider.es\/fr\/produit\/hydro-energy-gel\/","title":{"rendered":"Gel hydro-\u00e9nerg\u00e9tique"},"content":{"rendered":"<p>Le gel Hydro Energy de Victory Endurance est un nouveau gel con\u00e7u pour vous aider \u00e0 tirer le meilleur parti de votre \u00e9nergie.<br \/>\nl'apport en \u00e9nergie et en hydratation pendant l'exercice physique.<br \/>\nLes gels conventionnels peuvent parfois \u00eatre trop denses, comme par exemple<br \/>\ncons\u00e9quence de la d\u00e9shydratation. De plus, il n'est pas toujours possible de boire de l'eau<br \/>\njuste au moment de prendre le gel. Pour ces cas et ces moments, il a \u00e9t\u00e9<br \/>\nLe Gel Hydro Energy a \u00e9t\u00e9 con\u00e7u avec une texture beaucoup plus liquide et qui apporte<br \/>\nune plus grande quantit\u00e9 d'eau.<br \/>\nLe gel hydro-\u00e9nerg\u00e9tique fournit une source d'\u00e9nergie combinant les \u00e9l\u00e9ments suivants<br \/>\ndes hydrates de carbone complexes et simples, \u00e0 savoir la maltodextrine et le dextrose.<br \/>\nIl absorbe rapidement et lib\u00e8re de l'\u00e9nergie. Gr\u00e2ce \u00e0 son poids mol\u00e9culaire \u00e9lev\u00e9<br \/>\nmaltodextrine et la haute teneur en eau du gel, Hydro Energy Gel dig\u00e8re<br \/>\nfacilement.<br \/>\nLe gel Hydro Energy a \u00e9galement \u00e9t\u00e9 enrichi en acides amin\u00e9s ramifi\u00e9s.<br \/>\n(leucine, isoleucine et valine), des acides amin\u00e9s qui prot\u00e8gent la musculature contre les effets du stress.<br \/>\nla fonte musculaire. En outre, il fournit \u00e9galement de l'arginine pour contribuer \u00e0 l'augmentation de la masse musculaire.<br \/>\nla performance sportive et la taurine.<br \/>\nPour rendre la formule du Gel Hydro Energy encore plus compl\u00e8te, les \u00e9l\u00e9ments suivants ont \u00e9t\u00e9 ajout\u00e9s<br \/>\ndes vitamines et des sels min\u00e9raux tels que le sodium, le potassium et le magn\u00e9sium.<\/p>","protected":false},"excerpt":{"rendered":"<p>Texture plus liquide<br \/>\nSans stimulants<br \/>\nFacile et agr\u00e9able \u00e0 boire<\/p>","protected":false},"featured_media":55693,"template":"","meta":{"inline_featured_image":false},"product_cat":[4782],"product_tag":[],"acf":[],"_links":{"self":[{"href":"https:\/\/weider.es\/fr\/wp-json\/wp\/v2\/product\/54119"}],"collection":[{"href":"https:\/\/weider.es\/fr\/wp-json\/wp\/v2\/product"}],"about":[{"href":"https:\/\/weider.es\/fr\/wp-json\/wp\/v2\/types\/product"}],"wp:featuredmedia":[{"embeddable":true,"href":"https:\/\/weider.es\/fr\/wp-json\/wp\/v2\/media\/55693"}],"wp:attachment":[{"href":"https:\/\/weider.es\/fr\/wp-json\/wp\/v2\/media?parent=54119"}],"wp:term":[{"taxonomy":"product_cat","embeddable":true,"href":"https:\/\/weider.es\/fr\/wp-json\/wp\/v2\/product_cat?post=54119"},{"taxonomy":"product_tag","embeddable":true,"href":"https:\/\/weider.es\/fr\/wp-json\/wp\/v2\/product_tag?post=54119"}],"curies":[{"name":"wp","href":"https:\/\/api.w.org\/{rel}","templated":true}]}}